{"id":11,"date":"2024-03-16T16:35:26","date_gmt":"2024-03-16T13:35:26","guid":{"rendered":"https:\/\/jetxwingamebrazil.com\/?page_id=11"},"modified":"2024-03-18T01:25:43","modified_gmt":"2024-03-17T22:25:43","slug":"how-to-play-jetx","status":"publish","type":"page","link":"https:\/\/jetxwingamebrazil.com\/es\/how-to-play-jetx\/","title":{"rendered":"C\u00f3mo jugar a JetX"},"content":{"rendered":"<p>Puedes realizar una o dos apuestas en el mismo vuelo en JetX. Utiliza los botones +\/- junto a cada opci\u00f3n de apuesta para ajustar el tama\u00f1o de la apuesta.<\/p>\n<p>Intenta ascender lo m\u00e1s alto posible y retirar tus fondos antes de que el avi\u00f3n explote.<\/p>\n<p>Utiliza la funci\u00f3n de reproducci\u00f3n autom\u00e1tica mencionada anteriormente para configurar autom\u00e1ticamente el mismo valor de apuesta en cada nueva ronda. Esto se puede hacer tanto para una como para ambas apuestas seleccionadas.<\/p>\n<h2><strong>Reglas del Juego en Jet X<\/strong><\/h2>\n<p>El juego JetX no tiene reglas complejas. La mec\u00e1nica del juego es bastante simple:<\/p>\n<ul>\n<li>Los jugadores deben predecir cu\u00e1ndo el multiplicador del juego colapsar\u00e1 seleccionando un punto de retiro.<\/li>\n<li>No hay un sistema de puntuaci\u00f3n complejo, modos de juego avanzados o estrategias avanzadas.<\/li>\n<\/ul>\n<p>Las apuestas en JetX tambi\u00e9n son simples. Los jugadores simplemente ajustan el monto de la apuesta en cada ronda a partir de $0.10.<\/p>\n<p>El \u00fanico objetivo es directo, con un resultado binario de ganancia\/p\u00e9rdida basado en un mecanismo claro de retiro.<\/p>\n<p>Los jugadores pueden elegir entre m\u00e9todos de retiro autom\u00e1tico y manual:<\/p>\n<ul>\n<li>Retiro manual &#8211; simplemente presiona el bot\u00f3n \u00abretirar\u00bb antes del colapso.<\/li>\n<li>Retiro autom\u00e1tico &#8211; establece un multiplicador preferido antes de que comience la ronda. Si el colapso no ocurre antes de alcanzar este multiplicador, los jugadores retirar\u00e1n autom\u00e1ticamente sus apuestas multiplicadas por el multiplicador.<\/li>\n<\/ul>\n<h2><strong>Consejos y Estrategias para Jugar JetX<\/strong><\/h2>\n<p>Las estrategias de apuestas en juegos de colapso pueden ser diversas. Aqu\u00ed tienes algunos ejemplos que pueden ayudar a aumentar tu potencial de ganancia en JetX:<\/p>\n<ul>\n<li>\n<h3><strong>Estrategia de Multiplicador Fijo<\/strong><\/h3>\n<\/li>\n<\/ul>\n<p>Selecciona un multiplicador predeterminado, como 2x o 5x, y retira autom\u00e1ticamente fondos cada vez que alcances este valor. Esta estrategia tiene como objetivo asegurar un ingreso estable.<\/p>\n<p>Establece el retiro autom\u00e1tico en el multiplicador elegido (por ejemplo, 2x).<\/p>\n<p>Repite las apuestas en cada ronda sin cambiar el multiplicador de retiro autom\u00e1tico.<\/p>\n<p>Si apuestas 100 monedas y estableces el retiro autom\u00e1tico en 2x, tu apuesta se cerrar\u00e1 autom\u00e1ticamente cuando alcance un multiplicador de 2x, y recibir\u00e1s 200 monedas.<\/p>\n<ul>\n<li>\n<h3><strong>Stop-Loss en Movimiento<\/strong><\/h3>\n<\/li>\n<\/ul>\n<p>Esta estrategia implica retirar una parte de los fondos por debajo del pico alcanzado por el multiplicador para asegurar ganancias antes de un posible colapso.<\/p>\n<p>Identifica el multiplicador m\u00e1ximo durante el juego.<\/p>\n<p>Establece el retiro autom\u00e1tico ligeramente por debajo de este pico.<\/p>\n<p>Si el multiplicador alcanza 10x, puedes establecer el retiro autom\u00e1tico en 9x para protegerte de un colapso repentino.<\/p>\n<ul>\n<li>\n<h3><strong>Estrategia de Martingala<\/strong><\/h3>\n<\/li>\n<\/ul>\n<p>Despu\u00e9s de cada p\u00e9rdida, aumenta el tama\u00f1o de la apuesta para que la ganancia cubra las p\u00e9rdidas anteriores y genere beneficios. Es importante tener un bankroll suficiente para resistir una racha perdedora.<\/p>\n<p>Comienza con una apuesta peque\u00f1a.<\/p>\n<p>Despu\u00e9s de cada p\u00e9rdida, duplica la apuesta.<\/p>\n<p>Una vez que ganes, vuelve a la apuesta inicial.<\/p>\n<p>Por ejemplo, comienza con 100 monedas. Si pierdes, la pr\u00f3xima apuesta ser\u00e1 de 200 monedas. Si vuelves a perder, apuesta 400 monedas. Si ganas con 400 monedas cuando el multiplicador, por ejemplo, es 2x, recibir\u00e1s 800 monedas, cubriendo las p\u00e9rdidas anteriores y obteniendo beneficios, luego vuelve a la apuesta de 100 monedas.<\/p>\n<ul>\n<li>\n<h3><strong>Seguimiento de Estad\u00edsticas<\/strong><\/h3>\n<\/li>\n<\/ul>\n<p>Registra los resultados de cada juego para analizar los valores promedio del multiplicador en el colapso y ajustar la estrategia de retiro.<\/p>\n<p>Mant\u00e9n estad\u00edsticas de todos tus juegos.<\/p>\n<p>Analiza los datos recopilados para determinar el momento \u00f3ptimo para el retiro.<\/p>\n<p>Si, despu\u00e9s de analizar 10 juegos, descubres que la mayor\u00eda de los colapsos ocurren alrededor de 3x, establece el retiro autom\u00e1tico en 2.8x o 2.9x.<\/p>\n<ul>\n<li>\n<h3><strong>Apuestas Progresivas<\/strong><\/h3>\n<\/li>\n<\/ul>\n<p>Aumenta gradualmente el tama\u00f1o de la apuesta a medida que crece el multiplicador para maximizar las ganancias y minimizar las p\u00e9rdidas tempranas.<\/p>\n<p>Comienza con la apuesta m\u00ednima.<\/p>\n<p>A medida que aumenta el multiplicador, aumenta la apuesta de acuerdo con tu bankroll y estrategia de riesgo.<\/p>\n<p>Comienza con 100 monedas; si el multiplicador alcanza 2x, haz la siguiente apuesta de 200 monedas, y as\u00ed sucesivamente hasta que sientas la necesidad de retirarte.<\/p>\n","protected":false},"excerpt":{"rendered":"<p>Puedes realizar una o dos apuestas en el mismo vuelo en JetX. Utiliza los botones +\/- junto a cada opci\u00f3n de apuesta para ajustar el tama\u00f1o de la apuesta. Intenta ascender lo m\u00e1s alto posible<span class=\"more-button\"><a href=\"https:\/\/jetxwingamebrazil.com\/es\/how-to-play-jetx\/\" class=\"more-link\">Seguir leyendo<span class=\"screen-reader-text\">C\u00f3mo jugar a JetX<\/span><i class=\"fa fa-angle-right\" aria-hidden=\"true\"><\/i><\/a><\/span><\/p>\n","protected":false},"author":1,"featured_media":0,"parent":0,"menu_order":0,"comment_status":"closed","ping_status":"closed","template":"","meta":{"footnotes":""},"class_list":["post-11","page","type-page","status-publish","hentry"],"yoast_head":"<!-- This site is optimized with the Yoast SEO plugin v27.2 - https:\/\/yoast.com\/product\/yoast-seo-wordpress\/ -->\n<title>\u041a\u0430\u043a \u0438\u0433\u0440\u0430\u0442\u044c \u0432 \u043e\u043d\u043b\u0430\u0439\u043d \u0438\u0433\u0440\u0443 JetX \u0432 \u043a\u0430\u0437\u0438\u043d\u043e<\/title>\n<meta name=\"description\" content=\"Jugando y ganando en el juego JetX. Reglas del juego. Estrategias y t\u00e1cticas. C\u00f3mo ganar y c\u00f3mo jugar JetX correctamente. Consejos para elegir una estrategia de juego JetX.\" \/>\n<meta name=\"robots\" content=\"index, follow, max-snippet:-1, max-image-preview:large, max-video-preview:-1\" \/>\n<link rel=\"canonical\" href=\"https:\/\/jetxwingamebrazil.com\/es\/how-to-play-jetx\/\" \/>\n<meta property=\"og:locale\" content=\"es_ES\" \/>\n<meta property=\"og:locale:alternate\" content=\"ru_RU\" \/>\n<meta property=\"og:locale:alternate\" content=\"en_US\" \/>\n<meta property=\"og:locale:alternate\" content=\"pt_PT\" \/>\n<meta property=\"og:locale:alternate\" content=\"ro_RO\" \/>\n<meta property=\"og:locale:alternate\" content=\"sr_RS\" \/>\n<meta property=\"og:locale:alternate\" content=\"bg_BG\" \/>\n<meta property=\"og:locale:alternate\" content=\"pl_PL\" \/>\n<meta property=\"og:type\" content=\"article\" \/>\n<meta property=\"og:title\" content=\"\u041a\u0430\u043a \u0438\u0433\u0440\u0430\u0442\u044c \u0432 \u043e\u043d\u043b\u0430\u0439\u043d \u0438\u0433\u0440\u0443 JetX \u0432 \u043a\u0430\u0437\u0438\u043d\u043e\" \/>\n<meta property=\"og:description\" content=\"\u0418\u0433\u0440\u0430\u0442\u044c \u0438 \u043f\u043e\u0431\u0435\u0436\u0434\u0430\u0442\u044c \u0432 \u0438\u0433\u0440\u0435 JetX. \u041f\u0440\u0430\u0432\u0438\u043b\u0430 \u0438\u0433\u0440\u044b. \u0421\u0442\u0440\u0430\u0442\u0435\u0433\u0438\u0438 \u0438 \u0442\u0430\u043a\u0442\u0438\u043a\u0438. \u041a\u0430\u043a \u0432\u044b\u0438\u0433\u0440\u0430\u0442\u044c \u0438 \u043a\u0430\u043a \u043f\u0440\u0430\u0432\u0438\u043b\u044c\u043d\u043e \u0438\u0433\u0440\u0430\u0442\u044c \u0432 JetX. \u0421\u043e\u0432\u0435\u0442\u044b \u0434\u043b\u044f \u0432\u044b\u0431\u043e\u0440\u0430 \u0441\u0442\u0440\u0430\u0442\u0435\u0433\u0438\u0438 \u0438\u0433\u0440\u044b JetX\" \/>\n<meta property=\"og:url\" content=\"https:\/\/jetxwingamebrazil.com\/es\/how-to-play-jetx\/\" \/>\n<meta property=\"og:site_name\" content=\"JetX\" \/>\n<meta property=\"article:modified_time\" content=\"2024-03-17T22:25:43+00:00\" \/>\n<meta name=\"twitter:card\" content=\"summary_large_image\" \/>\n<meta name=\"twitter:label1\" content=\"Tiempo de lectura\" \/>\n\t<meta name=\"twitter:data1\" content=\"17 minutos\" \/>\n<script type=\"application\/ld+json\" class=\"yoast-schema-graph\">{\"@context\":\"https:\/\/schema.org\",\"@graph\":[{\"@type\":\"WebPage\",\"@id\":\"https:\/\/jetxwingamebrazil.com\/how-to-play-jetx\/\",\"url\":\"https:\/\/jetxwingamebrazil.com\/how-to-play-jetx\/\",\"name\":\"\u041a\u0430\u043a \u0438\u0433\u0440\u0430\u0442\u044c \u0432 \u043e\u043d\u043b\u0430\u0439\u043d \u0438\u0433\u0440\u0443 JetX \u0432 \u043a\u0430\u0437\u0438\u043d\u043e\",\"isPartOf\":{\"@id\":\"https:\/\/jetxwingamebrazil.com\/#website\"},\"datePublished\":\"2024-03-16T13:35:26+00:00\",\"dateModified\":\"2024-03-17T22:25:43+00:00\",\"description\":\"\u0418\u0433\u0440\u0430\u0442\u044c \u0438 \u043f\u043e\u0431\u0435\u0436\u0434\u0430\u0442\u044c \u0432 \u0438\u0433\u0440\u0435 JetX. \u041f\u0440\u0430\u0432\u0438\u043b\u0430 \u0438\u0433\u0440\u044b. \u0421\u0442\u0440\u0430\u0442\u0435\u0433\u0438\u0438 \u0438 \u0442\u0430\u043a\u0442\u0438\u043a\u0438. \u041a\u0430\u043a \u0432\u044b\u0438\u0433\u0440\u0430\u0442\u044c \u0438 \u043a\u0430\u043a \u043f\u0440\u0430\u0432\u0438\u043b\u044c\u043d\u043e \u0438\u0433\u0440\u0430\u0442\u044c \u0432 JetX. \u0421\u043e\u0432\u0435\u0442\u044b \u0434\u043b\u044f \u0432\u044b\u0431\u043e\u0440\u0430 \u0441\u0442\u0440\u0430\u0442\u0435\u0433\u0438\u0438 \u0438\u0433\u0440\u044b JetX\",\"breadcrumb\":{\"@id\":\"https:\/\/jetxwingamebrazil.com\/how-to-play-jetx\/#breadcrumb\"},\"inLanguage\":\"es-ES\",\"potentialAction\":[{\"@type\":\"ReadAction\",\"target\":[\"https:\/\/jetxwingamebrazil.com\/how-to-play-jetx\/\"]}]},{\"@type\":\"BreadcrumbList\",\"@id\":\"https:\/\/jetxwingamebrazil.com\/how-to-play-jetx\/#breadcrumb\",\"itemListElement\":[{\"@type\":\"ListItem\",\"position\":1,\"name\":\"\u0413\u043b\u0430\u0432\u043d\u0430\u044f \u0441\u0442\u0440\u0430\u043d\u0438\u0446\u0430\",\"item\":\"https:\/\/jetxwingamebrazil.com\/\"},{\"@type\":\"ListItem\",\"position\":2,\"name\":\"\u041a\u0430\u043a \u0438\u0433\u0440\u0430\u0442\u044c \u0432 JetX\"}]},{\"@type\":\"WebSite\",\"@id\":\"https:\/\/jetxwingamebrazil.com\/#website\",\"url\":\"https:\/\/jetxwingamebrazil.com\/\",\"name\":\"JetX\",\"description\":\"\",\"publisher\":{\"@id\":\"https:\/\/jetxwingamebrazil.com\/#organization\"},\"potentialAction\":[{\"@type\":\"SearchAction\",\"target\":{\"@type\":\"EntryPoint\",\"urlTemplate\":\"https:\/\/jetxwingamebrazil.com\/?s={search_term_string}\"},\"query-input\":{\"@type\":\"PropertyValueSpecification\",\"valueRequired\":true,\"valueName\":\"search_term_string\"}}],\"inLanguage\":\"es-ES\"},{\"@type\":\"Organization\",\"@id\":\"https:\/\/jetxwingamebrazil.com\/#organization\",\"name\":\"JetX\",\"url\":\"https:\/\/jetxwingamebrazil.com\/\",\"logo\":{\"@type\":\"ImageObject\",\"inLanguage\":\"es-ES\",\"@id\":\"https:\/\/jetxwingamebrazil.com\/#\/schema\/logo\/image\/\",\"url\":\"https:\/\/jetxwingamebrazil.com\/wp-content\/uploads\/jetx-slot-logo.png\",\"contentUrl\":\"https:\/\/jetxwingamebrazil.com\/wp-content\/uploads\/jetx-slot-logo.png\",\"width\":200,\"height\":101,\"caption\":\"JetX\"},\"image\":{\"@id\":\"https:\/\/jetxwingamebrazil.com\/#\/schema\/logo\/image\/\"}}]}<\/script>\n<!-- \/ Yoast SEO plugin. -->","yoast_head_json":{"title":"\u041a\u0430\u043a \u0438\u0433\u0440\u0430\u0442\u044c \u0432 \u043e\u043d\u043b\u0430\u0439\u043d \u0438\u0433\u0440\u0443 JetX \u0432 \u043a\u0430\u0437\u0438\u043d\u043e","description":"Jugando y ganando en el juego JetX. Reglas del juego. Estrategias y t\u00e1cticas. C\u00f3mo ganar y c\u00f3mo jugar JetX correctamente. Consejos para elegir una estrategia de juego JetX.","robots":{"index":"index","follow":"follow","max-snippet":"max-snippet:-1","max-image-preview":"max-image-preview:large","max-video-preview":"max-video-preview:-1"},"canonical":"https:\/\/jetxwingamebrazil.com\/es\/how-to-play-jetx\/","og_locale":"es_ES","og_type":"article","og_title":"\u041a\u0430\u043a \u0438\u0433\u0440\u0430\u0442\u044c \u0432 \u043e\u043d\u043b\u0430\u0439\u043d \u0438\u0433\u0440\u0443 JetX \u0432 \u043a\u0430\u0437\u0438\u043d\u043e","og_description":"\u0418\u0433\u0440\u0430\u0442\u044c \u0438 \u043f\u043e\u0431\u0435\u0436\u0434\u0430\u0442\u044c \u0432 \u0438\u0433\u0440\u0435 JetX. \u041f\u0440\u0430\u0432\u0438\u043b\u0430 \u0438\u0433\u0440\u044b. \u0421\u0442\u0440\u0430\u0442\u0435\u0433\u0438\u0438 \u0438 \u0442\u0430\u043a\u0442\u0438\u043a\u0438. \u041a\u0430\u043a \u0432\u044b\u0438\u0433\u0440\u0430\u0442\u044c \u0438 \u043a\u0430\u043a \u043f\u0440\u0430\u0432\u0438\u043b\u044c\u043d\u043e \u0438\u0433\u0440\u0430\u0442\u044c \u0432 JetX. \u0421\u043e\u0432\u0435\u0442\u044b \u0434\u043b\u044f \u0432\u044b\u0431\u043e\u0440\u0430 \u0441\u0442\u0440\u0430\u0442\u0435\u0433\u0438\u0438 \u0438\u0433\u0440\u044b JetX","og_url":"https:\/\/jetxwingamebrazil.com\/es\/how-to-play-jetx\/","og_site_name":"JetX","article_modified_time":"2024-03-17T22:25:43+00:00","twitter_card":"summary_large_image","twitter_misc":{"Tiempo de lectura":"17 minutos"},"schema":{"@context":"https:\/\/schema.org","@graph":[{"@type":"WebPage","@id":"https:\/\/jetxwingamebrazil.com\/how-to-play-jetx\/","url":"https:\/\/jetxwingamebrazil.com\/how-to-play-jetx\/","name":"\u041a\u0430\u043a \u0438\u0433\u0440\u0430\u0442\u044c \u0432 \u043e\u043d\u043b\u0430\u0439\u043d \u0438\u0433\u0440\u0443 JetX \u0432 \u043a\u0430\u0437\u0438\u043d\u043e","isPartOf":{"@id":"https:\/\/jetxwingamebrazil.com\/#website"},"datePublished":"2024-03-16T13:35:26+00:00","dateModified":"2024-03-17T22:25:43+00:00","description":"\u0418\u0433\u0440\u0430\u0442\u044c \u0438 \u043f\u043e\u0431\u0435\u0436\u0434\u0430\u0442\u044c \u0432 \u0438\u0433\u0440\u0435 JetX. \u041f\u0440\u0430\u0432\u0438\u043b\u0430 \u0438\u0433\u0440\u044b. \u0421\u0442\u0440\u0430\u0442\u0435\u0433\u0438\u0438 \u0438 \u0442\u0430\u043a\u0442\u0438\u043a\u0438. \u041a\u0430\u043a \u0432\u044b\u0438\u0433\u0440\u0430\u0442\u044c \u0438 \u043a\u0430\u043a \u043f\u0440\u0430\u0432\u0438\u043b\u044c\u043d\u043e \u0438\u0433\u0440\u0430\u0442\u044c \u0432 JetX. \u0421\u043e\u0432\u0435\u0442\u044b \u0434\u043b\u044f \u0432\u044b\u0431\u043e\u0440\u0430 \u0441\u0442\u0440\u0430\u0442\u0435\u0433\u0438\u0438 \u0438\u0433\u0440\u044b JetX","breadcrumb":{"@id":"https:\/\/jetxwingamebrazil.com\/how-to-play-jetx\/#breadcrumb"},"inLanguage":"es-ES","potentialAction":[{"@type":"ReadAction","target":["https:\/\/jetxwingamebrazil.com\/how-to-play-jetx\/"]}]},{"@type":"BreadcrumbList","@id":"https:\/\/jetxwingamebrazil.com\/how-to-play-jetx\/#breadcrumb","itemListElement":[{"@type":"ListItem","position":1,"name":"\u0413\u043b\u0430\u0432\u043d\u0430\u044f \u0441\u0442\u0440\u0430\u043d\u0438\u0446\u0430","item":"https:\/\/jetxwingamebrazil.com\/"},{"@type":"ListItem","position":2,"name":"\u041a\u0430\u043a \u0438\u0433\u0440\u0430\u0442\u044c \u0432 JetX"}]},{"@type":"WebSite","@id":"https:\/\/jetxwingamebrazil.com\/#website","url":"https:\/\/jetxwingamebrazil.com\/","name":"JetX","description":"","publisher":{"@id":"https:\/\/jetxwingamebrazil.com\/#organization"},"potentialAction":[{"@type":"SearchAction","target":{"@type":"EntryPoint","urlTemplate":"https:\/\/jetxwingamebrazil.com\/?s={search_term_string}"},"query-input":{"@type":"PropertyValueSpecification","valueRequired":true,"valueName":"search_term_string"}}],"inLanguage":"es-ES"},{"@type":"Organization","@id":"https:\/\/jetxwingamebrazil.com\/#organization","name":"JetX","url":"https:\/\/jetxwingamebrazil.com\/","logo":{"@type":"ImageObject","inLanguage":"es-ES","@id":"https:\/\/jetxwingamebrazil.com\/#\/schema\/logo\/image\/","url":"https:\/\/jetxwingamebrazil.com\/wp-content\/uploads\/jetx-slot-logo.png","contentUrl":"https:\/\/jetxwingamebrazil.com\/wp-content\/uploads\/jetx-slot-logo.png","width":200,"height":101,"caption":"JetX"},"image":{"@id":"https:\/\/jetxwingamebrazil.com\/#\/schema\/logo\/image\/"}}]}},"_links":{"self":[{"href":"https:\/\/jetxwingamebrazil.com\/es\/wp-json\/wp\/v2\/pages\/11","targetHints":{"allow":["GET"]}}],"collection":[{"href":"https:\/\/jetxwingamebrazil.com\/es\/wp-json\/wp\/v2\/pages"}],"about":[{"href":"https:\/\/jetxwingamebrazil.com\/es\/wp-json\/wp\/v2\/types\/page"}],"author":[{"embeddable":true,"href":"https:\/\/jetxwingamebrazil.com\/es\/wp-json\/wp\/v2\/users\/1"}],"replies":[{"embeddable":true,"href":"https:\/\/jetxwingamebrazil.com\/es\/wp-json\/wp\/v2\/comments?post=11"}],"version-history":[{"count":16,"href":"https:\/\/jetxwingamebrazil.com\/es\/wp-json\/wp\/v2\/pages\/11\/revisions"}],"predecessor-version":[{"id":127,"href":"https:\/\/jetxwingamebrazil.com\/es\/wp-json\/wp\/v2\/pages\/11\/revisions\/127"}],"wp:attachment":[{"href":"https:\/\/jetxwingamebrazil.com\/es\/wp-json\/wp\/v2\/media?parent=11"}],"curies":[{"name":"wp","href":"https:\/\/api.w.org\/{rel}","templated":true}]}}