{"id":13,"date":"2024-03-16T16:36:52","date_gmt":"2024-03-16T13:36:52","guid":{"rendered":"https:\/\/jetxwingamebrazil.com\/?page_id=13"},"modified":"2024-03-18T01:22:21","modified_gmt":"2024-03-17T22:22:21","slug":"how-to-play-jetx-bet-on-phones","status":"publish","type":"page","link":"https:\/\/jetxwingamebrazil.com\/es\/how-to-play-jetx-bet-on-phones\/","title":{"rendered":"C\u00f3mo jugar a JetX Bet en tel\u00e9fonos"},"content":{"rendered":"<p>El juego JetX est\u00e1 disponible en dispositivos m\u00f3viles y ofrece una interfaz conveniente y sencilla para jugar sobre la marcha. No importa qu\u00e9 dispositivo tengas: iPhone o Android. Incluso los modelos de tel\u00e9fonos m\u00e1s antiguos admiten el juego a un excelente nivel.<\/p>\n<p>Antes de comenzar el juego, se te ofrecer\u00e1 elegir entre \u00abJuego Real\u00bb y \u00abJuego Gratis\u00bb. Despu\u00e9s de seleccionar, la tragaperras se carga directamente desde el servidor del juego, evitando la interfaz del casino. Pero solo si accedes desde el sitio web del creador del juego.<\/p>\n<p>La interfaz de la versi\u00f3n m\u00f3vil de JetX es simple y comprensible. Todo lo necesario para el juego se encuentra en la parte superior de la pantalla, lo que elimina la necesidad de desplazar la p\u00e1gina para acceder a informaci\u00f3n adicional, como las apuestas de otros jugadores, tu historial de apuestas y el chat.<\/p>\n<p>La animaci\u00f3n del juego y la interfaz de apuestas est\u00e1n optimizadas para dispositivos m\u00f3viles, ofreciendo una excelente experiencia de juego incluso al utilizar los modos de apuesta autom\u00e1ticos y manuales simult\u00e1neamente.<\/p>\n<h2><strong>Descargar JetX en iPhone o Android<\/strong><\/h2>\n<p>No olvides la posibilidad de descargar el juego JetX en un tel\u00e9fono inteligente con sistema operativo Android o iOS. Sin embargo, para hacer esto, debes seleccionar un casino y averiguar c\u00f3mo descargar la aplicaci\u00f3n del casino. Recuerda que no podr\u00e1s descargar el juego en tu tel\u00e9fono: tal opci\u00f3n es simplemente imposible. El juego es parte del casino y solo puede formar parte del cat\u00e1logo de juegos del casino.<\/p>\n<p>Algunos casinos permiten descargar la aplicaci\u00f3n, pero es notablemente m\u00e1s complicado para iPhones. En este caso, se trata de instalar el icono de la aplicaci\u00f3n, que equivale a jugar la versi\u00f3n m\u00f3vil. Las versiones m\u00f3viles de los casinos en l\u00ednea brindan una gran oportunidad para jugar a tus juegos favoritos.<\/p>\n","protected":false},"excerpt":{"rendered":"<p>El juego JetX est\u00e1 disponible en dispositivos m\u00f3viles y ofrece una interfaz conveniente y sencilla para jugar sobre la marcha. No importa qu\u00e9 dispositivo tengas: iPhone o Android. Incluso los modelos de tel\u00e9fonos m\u00e1s antiguos<span class=\"more-button\"><a href=\"https:\/\/jetxwingamebrazil.com\/es\/how-to-play-jetx-bet-on-phones\/\" class=\"more-link\">Seguir leyendo<span class=\"screen-reader-text\">C\u00f3mo jugar a JetX Bet en tel\u00e9fonos<\/span><i class=\"fa fa-angle-right\" aria-hidden=\"true\"><\/i><\/a><\/span><\/p>\n","protected":false},"author":1,"featured_media":0,"parent":0,"menu_order":0,"comment_status":"closed","ping_status":"closed","template":"","meta":{"footnotes":""},"class_list":["post-13","page","type-page","status-publish","hentry"],"yoast_head":"<!-- This site is optimized with the Yoast SEO plugin v27.2 - https:\/\/yoast.com\/product\/yoast-seo-wordpress\/ -->\n<title>\u0418\u0433\u0440\u0430\u0442\u044c \u0432 JetX \u043d\u0430 \u0441\u043c\u0430\u0440\u0442\u0444\u043e\u043d\u0435<\/title>\n<meta name=\"description\" content=\"Juega al juego en l\u00ednea JetX en Android e iPhone. Juega en tu tel\u00e9fono\/smartphone. Descarga la aplicaci\u00f3n para iPhone o Android para jugar a JetX.\" \/>\n<meta name=\"robots\" content=\"index, follow, max-snippet:-1, max-image-preview:large, max-video-preview:-1\" \/>\n<link rel=\"canonical\" href=\"https:\/\/jetxwingamebrazil.com\/es\/how-to-play-jetx-bet-on-phones\/\" \/>\n<meta property=\"og:locale\" content=\"es_ES\" \/>\n<meta property=\"og:locale:alternate\" content=\"ru_RU\" \/>\n<meta property=\"og:locale:alternate\" content=\"en_US\" \/>\n<meta property=\"og:locale:alternate\" content=\"pt_PT\" \/>\n<meta property=\"og:locale:alternate\" content=\"ro_RO\" \/>\n<meta property=\"og:locale:alternate\" content=\"sr_RS\" \/>\n<meta property=\"og:locale:alternate\" content=\"bg_BG\" \/>\n<meta property=\"og:locale:alternate\" content=\"pl_PL\" \/>\n<meta property=\"og:type\" content=\"article\" \/>\n<meta property=\"og:title\" content=\"\u0418\u0433\u0440\u0430\u0442\u044c \u0432 JetX \u043d\u0430 \u0441\u043c\u0430\u0440\u0442\u0444\u043e\u043d\u0435\" \/>\n<meta property=\"og:description\" content=\"\u0418\u0433\u0440\u0430\u0442\u044c \u0432 \u043e\u043d\u043b\u0430\u0439\u043d \u0438\u0433\u0440\u0443 JetX \u043d\u0430 \u0430\u043d\u0434\u0440\u043e\u0438\u0434\u0435 \u0438 \u0430\u0439\u0444\u043e\u043d\u0435. \u0418\u0433\u0440\u0430\u0442\u044c \u043d\u0430 \u0442\u0435\u043b\u0435\u0444\u043e\u043d\u0435\/\u0441\u043c\u0430\u0440\u0442\u0444\u043e\u043d\u0435. \u0421\u043a\u0430\u0447\u0430\u0442\u044c \u043f\u0440\u0438\u043b\u043e\u0436\u0435\u043d\u0438\u0435 iphone \u0438\u043b\u0438 android \u0434\u043b\u044f \u0438\u0433\u0440\u044b JetX\" \/>\n<meta property=\"og:url\" content=\"https:\/\/jetxwingamebrazil.com\/es\/how-to-play-jetx-bet-on-phones\/\" \/>\n<meta property=\"og:site_name\" content=\"JetX\" \/>\n<meta property=\"article:modified_time\" content=\"2024-03-17T22:22:21+00:00\" \/>\n<meta name=\"twitter:card\" content=\"summary_large_image\" \/>\n<meta name=\"twitter:label1\" content=\"Tiempo de lectura\" \/>\n\t<meta name=\"twitter:data1\" content=\"8 minutos\" \/>\n<script type=\"application\/ld+json\" class=\"yoast-schema-graph\">{\"@context\":\"https:\/\/schema.org\",\"@graph\":[{\"@type\":\"WebPage\",\"@id\":\"https:\/\/jetxwingamebrazil.com\/how-to-play-jetx-bet-on-phones\/\",\"url\":\"https:\/\/jetxwingamebrazil.com\/how-to-play-jetx-bet-on-phones\/\",\"name\":\"\u0418\u0433\u0440\u0430\u0442\u044c \u0432 JetX \u043d\u0430 \u0441\u043c\u0430\u0440\u0442\u0444\u043e\u043d\u0435\",\"isPartOf\":{\"@id\":\"https:\/\/jetxwingamebrazil.com\/#website\"},\"datePublished\":\"2024-03-16T13:36:52+00:00\",\"dateModified\":\"2024-03-17T22:22:21+00:00\",\"description\":\"\u0418\u0433\u0440\u0430\u0442\u044c \u0432 \u043e\u043d\u043b\u0430\u0439\u043d \u0438\u0433\u0440\u0443 JetX \u043d\u0430 \u0430\u043d\u0434\u0440\u043e\u0438\u0434\u0435 \u0438 \u0430\u0439\u0444\u043e\u043d\u0435. \u0418\u0433\u0440\u0430\u0442\u044c \u043d\u0430 \u0442\u0435\u043b\u0435\u0444\u043e\u043d\u0435\/\u0441\u043c\u0430\u0440\u0442\u0444\u043e\u043d\u0435. \u0421\u043a\u0430\u0447\u0430\u0442\u044c \u043f\u0440\u0438\u043b\u043e\u0436\u0435\u043d\u0438\u0435 iphone \u0438\u043b\u0438 android \u0434\u043b\u044f \u0438\u0433\u0440\u044b JetX\",\"breadcrumb\":{\"@id\":\"https:\/\/jetxwingamebrazil.com\/how-to-play-jetx-bet-on-phones\/#breadcrumb\"},\"inLanguage\":\"es-ES\",\"potentialAction\":[{\"@type\":\"ReadAction\",\"target\":[\"https:\/\/jetxwingamebrazil.com\/how-to-play-jetx-bet-on-phones\/\"]}]},{\"@type\":\"BreadcrumbList\",\"@id\":\"https:\/\/jetxwingamebrazil.com\/how-to-play-jetx-bet-on-phones\/#breadcrumb\",\"itemListElement\":[{\"@type\":\"ListItem\",\"position\":1,\"name\":\"\u0413\u043b\u0430\u0432\u043d\u0430\u044f \u0441\u0442\u0440\u0430\u043d\u0438\u0446\u0430\",\"item\":\"https:\/\/jetxwingamebrazil.com\/\"},{\"@type\":\"ListItem\",\"position\":2,\"name\":\"\u041a\u0430\u043a \u0438\u0433\u0440\u0430\u0442\u044c \u0432 JetX Bet \u043d\u0430 \u0442\u0435\u043b\u0435\u0444\u043e\u043d\u0435\"}]},{\"@type\":\"WebSite\",\"@id\":\"https:\/\/jetxwingamebrazil.com\/#website\",\"url\":\"https:\/\/jetxwingamebrazil.com\/\",\"name\":\"JetX\",\"description\":\"\",\"publisher\":{\"@id\":\"https:\/\/jetxwingamebrazil.com\/#organization\"},\"potentialAction\":[{\"@type\":\"SearchAction\",\"target\":{\"@type\":\"EntryPoint\",\"urlTemplate\":\"https:\/\/jetxwingamebrazil.com\/?s={search_term_string}\"},\"query-input\":{\"@type\":\"PropertyValueSpecification\",\"valueRequired\":true,\"valueName\":\"search_term_string\"}}],\"inLanguage\":\"es-ES\"},{\"@type\":\"Organization\",\"@id\":\"https:\/\/jetxwingamebrazil.com\/#organization\",\"name\":\"JetX\",\"url\":\"https:\/\/jetxwingamebrazil.com\/\",\"logo\":{\"@type\":\"ImageObject\",\"inLanguage\":\"es-ES\",\"@id\":\"https:\/\/jetxwingamebrazil.com\/#\/schema\/logo\/image\/\",\"url\":\"https:\/\/jetxwingamebrazil.com\/wp-content\/uploads\/jetx-slot-logo.png\",\"contentUrl\":\"https:\/\/jetxwingamebrazil.com\/wp-content\/uploads\/jetx-slot-logo.png\",\"width\":200,\"height\":101,\"caption\":\"JetX\"},\"image\":{\"@id\":\"https:\/\/jetxwingamebrazil.com\/#\/schema\/logo\/image\/\"}}]}<\/script>\n<!-- \/ Yoast SEO plugin. -->","yoast_head_json":{"title":"\u0418\u0433\u0440\u0430\u0442\u044c \u0432 JetX \u043d\u0430 \u0441\u043c\u0430\u0440\u0442\u0444\u043e\u043d\u0435","description":"Juega al juego en l\u00ednea JetX en Android e iPhone. Juega en tu tel\u00e9fono\/smartphone. Descarga la aplicaci\u00f3n para iPhone o Android para jugar a JetX.","robots":{"index":"index","follow":"follow","max-snippet":"max-snippet:-1","max-image-preview":"max-image-preview:large","max-video-preview":"max-video-preview:-1"},"canonical":"https:\/\/jetxwingamebrazil.com\/es\/how-to-play-jetx-bet-on-phones\/","og_locale":"es_ES","og_type":"article","og_title":"\u0418\u0433\u0440\u0430\u0442\u044c \u0432 JetX \u043d\u0430 \u0441\u043c\u0430\u0440\u0442\u0444\u043e\u043d\u0435","og_description":"\u0418\u0433\u0440\u0430\u0442\u044c \u0432 \u043e\u043d\u043b\u0430\u0439\u043d \u0438\u0433\u0440\u0443 JetX \u043d\u0430 \u0430\u043d\u0434\u0440\u043e\u0438\u0434\u0435 \u0438 \u0430\u0439\u0444\u043e\u043d\u0435. \u0418\u0433\u0440\u0430\u0442\u044c \u043d\u0430 \u0442\u0435\u043b\u0435\u0444\u043e\u043d\u0435\/\u0441\u043c\u0430\u0440\u0442\u0444\u043e\u043d\u0435. \u0421\u043a\u0430\u0447\u0430\u0442\u044c \u043f\u0440\u0438\u043b\u043e\u0436\u0435\u043d\u0438\u0435 iphone \u0438\u043b\u0438 android \u0434\u043b\u044f \u0438\u0433\u0440\u044b JetX","og_url":"https:\/\/jetxwingamebrazil.com\/es\/how-to-play-jetx-bet-on-phones\/","og_site_name":"JetX","article_modified_time":"2024-03-17T22:22:21+00:00","twitter_card":"summary_large_image","twitter_misc":{"Tiempo de lectura":"8 minutos"},"schema":{"@context":"https:\/\/schema.org","@graph":[{"@type":"WebPage","@id":"https:\/\/jetxwingamebrazil.com\/how-to-play-jetx-bet-on-phones\/","url":"https:\/\/jetxwingamebrazil.com\/how-to-play-jetx-bet-on-phones\/","name":"\u0418\u0433\u0440\u0430\u0442\u044c \u0432 JetX \u043d\u0430 \u0441\u043c\u0430\u0440\u0442\u0444\u043e\u043d\u0435","isPartOf":{"@id":"https:\/\/jetxwingamebrazil.com\/#website"},"datePublished":"2024-03-16T13:36:52+00:00","dateModified":"2024-03-17T22:22:21+00:00","description":"\u0418\u0433\u0440\u0430\u0442\u044c \u0432 \u043e\u043d\u043b\u0430\u0439\u043d \u0438\u0433\u0440\u0443 JetX \u043d\u0430 \u0430\u043d\u0434\u0440\u043e\u0438\u0434\u0435 \u0438 \u0430\u0439\u0444\u043e\u043d\u0435. \u0418\u0433\u0440\u0430\u0442\u044c \u043d\u0430 \u0442\u0435\u043b\u0435\u0444\u043e\u043d\u0435\/\u0441\u043c\u0430\u0440\u0442\u0444\u043e\u043d\u0435. \u0421\u043a\u0430\u0447\u0430\u0442\u044c \u043f\u0440\u0438\u043b\u043e\u0436\u0435\u043d\u0438\u0435 iphone \u0438\u043b\u0438 android \u0434\u043b\u044f \u0438\u0433\u0440\u044b JetX","breadcrumb":{"@id":"https:\/\/jetxwingamebrazil.com\/how-to-play-jetx-bet-on-phones\/#breadcrumb"},"inLanguage":"es-ES","potentialAction":[{"@type":"ReadAction","target":["https:\/\/jetxwingamebrazil.com\/how-to-play-jetx-bet-on-phones\/"]}]},{"@type":"BreadcrumbList","@id":"https:\/\/jetxwingamebrazil.com\/how-to-play-jetx-bet-on-phones\/#breadcrumb","itemListElement":[{"@type":"ListItem","position":1,"name":"\u0413\u043b\u0430\u0432\u043d\u0430\u044f \u0441\u0442\u0440\u0430\u043d\u0438\u0446\u0430","item":"https:\/\/jetxwingamebrazil.com\/"},{"@type":"ListItem","position":2,"name":"\u041a\u0430\u043a \u0438\u0433\u0440\u0430\u0442\u044c \u0432 JetX Bet \u043d\u0430 \u0442\u0435\u043b\u0435\u0444\u043e\u043d\u0435"}]},{"@type":"WebSite","@id":"https:\/\/jetxwingamebrazil.com\/#website","url":"https:\/\/jetxwingamebrazil.com\/","name":"JetX","description":"","publisher":{"@id":"https:\/\/jetxwingamebrazil.com\/#organization"},"potentialAction":[{"@type":"SearchAction","target":{"@type":"EntryPoint","urlTemplate":"https:\/\/jetxwingamebrazil.com\/?s={search_term_string}"},"query-input":{"@type":"PropertyValueSpecification","valueRequired":true,"valueName":"search_term_string"}}],"inLanguage":"es-ES"},{"@type":"Organization","@id":"https:\/\/jetxwingamebrazil.com\/#organization","name":"JetX","url":"https:\/\/jetxwingamebrazil.com\/","logo":{"@type":"ImageObject","inLanguage":"es-ES","@id":"https:\/\/jetxwingamebrazil.com\/#\/schema\/logo\/image\/","url":"https:\/\/jetxwingamebrazil.com\/wp-content\/uploads\/jetx-slot-logo.png","contentUrl":"https:\/\/jetxwingamebrazil.com\/wp-content\/uploads\/jetx-slot-logo.png","width":200,"height":101,"caption":"JetX"},"image":{"@id":"https:\/\/jetxwingamebrazil.com\/#\/schema\/logo\/image\/"}}]}},"_links":{"self":[{"href":"https:\/\/jetxwingamebrazil.com\/es\/wp-json\/wp\/v2\/pages\/13","targetHints":{"allow":["GET"]}}],"collection":[{"href":"https:\/\/jetxwingamebrazil.com\/es\/wp-json\/wp\/v2\/pages"}],"about":[{"href":"https:\/\/jetxwingamebrazil.com\/es\/wp-json\/wp\/v2\/types\/page"}],"author":[{"embeddable":true,"href":"https:\/\/jetxwingamebrazil.com\/es\/wp-json\/wp\/v2\/users\/1"}],"replies":[{"embeddable":true,"href":"https:\/\/jetxwingamebrazil.com\/es\/wp-json\/wp\/v2\/comments?post=13"}],"version-history":[{"count":15,"href":"https:\/\/jetxwingamebrazil.com\/es\/wp-json\/wp\/v2\/pages\/13\/revisions"}],"predecessor-version":[{"id":126,"href":"https:\/\/jetxwingamebrazil.com\/es\/wp-json\/wp\/v2\/pages\/13\/revisions\/126"}],"wp:attachment":[{"href":"https:\/\/jetxwingamebrazil.com\/es\/wp-json\/wp\/v2\/media?parent=13"}],"curies":[{"name":"wp","href":"https:\/\/api.w.org\/{rel}","templated":true}]}}