{"id":17,"date":"2024-03-16T16:48:13","date_gmt":"2024-03-16T13:48:13","guid":{"rendered":"https:\/\/jetxwingamebrazil.com\/?page_id=17"},"modified":"2024-03-18T01:11:14","modified_gmt":"2024-03-17T22:11:14","slug":"where-to-play-jetx","status":"publish","type":"page","link":"https:\/\/jetxwingamebrazil.com\/es\/where-to-play-jetx\/","title":{"rendered":"D\u00f3nde jugar a JetX"},"content":{"rendered":"<p>Juega JetX exclusivamente en sitios web de casinos verificados. Esto garantizar\u00e1 seguridad y protecci\u00f3n de datos. Se recomienda prestar atenci\u00f3n a si el casino tiene una licencia de reguladores de juegos de azar reconocidos. Por lo general, la informaci\u00f3n sobre la licencia se encuentra en la parte inferior de la p\u00e1gina principal del sitio web del casino.<\/p>\n<p>Una vez que hayas asegurado la seguridad del sitio web, reg\u00edstrate en \u00e9l. Confirma tus datos y realiza un dep\u00f3sito para jugar. Utiliza la funci\u00f3n de b\u00fasqueda o la secci\u00f3n de juegos para encontrar JetX.<\/p>\n<h2><strong>\u00bfQui\u00e9n est\u00e1 interesado en jugar a JetX?<\/strong><\/h2>\n<p>JetX es un juego adecuado para una amplia gama de usuarios debido a su dise\u00f1o espacial y la posibilidad de ganar grandes premios.<\/p>\n<p>El juego atrae la atenci\u00f3n tanto de principiantes como de jugadores experimentados con su enfoque no convencional. La caracter\u00edstica de JetX es que los resultados del juego dependen \u00fanicamente de la suerte, lo que a\u00f1ade emoci\u00f3n e imprevisibilidad al juego.<\/p>\n","protected":false},"excerpt":{"rendered":"<p>Juega JetX exclusivamente en sitios web de casinos verificados. Esto garantizar\u00e1 seguridad y protecci\u00f3n de datos. Se recomienda prestar atenci\u00f3n a si el casino tiene una licencia de reguladores de juegos de azar reconocidos. Por<span class=\"more-button\"><a href=\"https:\/\/jetxwingamebrazil.com\/es\/where-to-play-jetx\/\" class=\"more-link\">Seguir leyendo<span class=\"screen-reader-text\">D\u00f3nde jugar a JetX<\/span><i class=\"fa fa-angle-right\" aria-hidden=\"true\"><\/i><\/a><\/span><\/p>\n","protected":false},"author":1,"featured_media":0,"parent":0,"menu_order":0,"comment_status":"closed","ping_status":"closed","template":"","meta":{"footnotes":""},"class_list":["post-17","page","type-page","status-publish","hentry"],"yoast_head":"<!-- This site is optimized with the Yoast SEO plugin v27.2 - https:\/\/yoast.com\/product\/yoast-seo-wordpress\/ -->\n<title>\u0413\u0434\u0435 \u0438\u0433\u0440\u0430\u0442\u044c \u0432 \u0438\u0433\u0440\u0443 JetX<\/title>\n<meta name=\"description\" content=\"Registro en el sitio web oficial del casino para jugar a JetX. Elija un casino para jugar a JetX. Cree una cuenta en el casino y comience a jugar a JetX.\" \/>\n<meta name=\"robots\" content=\"index, follow, max-snippet:-1, max-image-preview:large, max-video-preview:-1\" \/>\n<link rel=\"canonical\" href=\"https:\/\/jetxwingamebrazil.com\/es\/where-to-play-jetx\/\" \/>\n<meta property=\"og:locale\" content=\"es_ES\" \/>\n<meta property=\"og:locale:alternate\" content=\"ru_RU\" \/>\n<meta property=\"og:locale:alternate\" content=\"en_US\" \/>\n<meta property=\"og:locale:alternate\" content=\"pt_PT\" \/>\n<meta property=\"og:locale:alternate\" content=\"ro_RO\" \/>\n<meta property=\"og:locale:alternate\" content=\"sr_RS\" \/>\n<meta property=\"og:locale:alternate\" content=\"bg_BG\" \/>\n<meta property=\"og:locale:alternate\" content=\"pl_PL\" \/>\n<meta property=\"og:type\" content=\"article\" \/>\n<meta property=\"og:title\" content=\"\u0413\u0434\u0435 \u0438\u0433\u0440\u0430\u0442\u044c \u0432 \u0438\u0433\u0440\u0443 JetX\" \/>\n<meta property=\"og:description\" content=\"\u0420\u0435\u0433\u0438\u0441\u0442\u0440\u0430\u0446\u0438\u044f \u043d\u0430 \u043e\u0444\u0438\u0446\u0438\u0430\u043b\u044c\u043d\u043e\u043c \u0441\u0430\u0439\u0442\u0435 \u043a\u0430\u0437\u0438\u043d\u043e \u0434\u043b\u044f \u0438\u0433\u0440\u044b JetX. \u0412\u044b\u0431\u0440\u0430\u0442\u044c \u043a\u0430\u0437\u0438\u043d\u043e \u0434\u043b\u044f \u0438\u0433\u0440\u044b JetX. \u0421\u043e\u0437\u0434\u0430\u0442\u044c \u0430\u043a\u043a\u0430\u0443\u043d\u0442 \u0432 \u043a\u0430\u0437\u0438\u043d\u043e \u0438 \u043d\u0430\u0447\u0430\u0442\u044c \u0438\u0433\u0440\u0430\u0442\u044c \u0432 JetX\" \/>\n<meta property=\"og:url\" content=\"https:\/\/jetxwingamebrazil.com\/es\/where-to-play-jetx\/\" \/>\n<meta property=\"og:site_name\" content=\"JetX\" \/>\n<meta property=\"article:modified_time\" content=\"2024-03-17T22:11:14+00:00\" \/>\n<meta name=\"twitter:card\" content=\"summary_large_image\" \/>\n<meta name=\"twitter:label1\" content=\"Tiempo de lectura\" \/>\n\t<meta name=\"twitter:data1\" content=\"4 minutos\" \/>\n<script type=\"application\/ld+json\" class=\"yoast-schema-graph\">{\"@context\":\"https:\/\/schema.org\",\"@graph\":[{\"@type\":\"WebPage\",\"@id\":\"https:\/\/jetxwingamebrazil.com\/where-to-play-jetx\/\",\"url\":\"https:\/\/jetxwingamebrazil.com\/where-to-play-jetx\/\",\"name\":\"\u0413\u0434\u0435 \u0438\u0433\u0440\u0430\u0442\u044c \u0432 \u0438\u0433\u0440\u0443 JetX\",\"isPartOf\":{\"@id\":\"https:\/\/jetxwingamebrazil.com\/#website\"},\"datePublished\":\"2024-03-16T13:48:13+00:00\",\"dateModified\":\"2024-03-17T22:11:14+00:00\",\"description\":\"\u0420\u0435\u0433\u0438\u0441\u0442\u0440\u0430\u0446\u0438\u044f \u043d\u0430 \u043e\u0444\u0438\u0446\u0438\u0430\u043b\u044c\u043d\u043e\u043c \u0441\u0430\u0439\u0442\u0435 \u043a\u0430\u0437\u0438\u043d\u043e \u0434\u043b\u044f \u0438\u0433\u0440\u044b JetX. \u0412\u044b\u0431\u0440\u0430\u0442\u044c \u043a\u0430\u0437\u0438\u043d\u043e \u0434\u043b\u044f \u0438\u0433\u0440\u044b JetX. \u0421\u043e\u0437\u0434\u0430\u0442\u044c \u0430\u043a\u043a\u0430\u0443\u043d\u0442 \u0432 \u043a\u0430\u0437\u0438\u043d\u043e \u0438 \u043d\u0430\u0447\u0430\u0442\u044c \u0438\u0433\u0440\u0430\u0442\u044c \u0432 JetX\",\"breadcrumb\":{\"@id\":\"https:\/\/jetxwingamebrazil.com\/where-to-play-jetx\/#breadcrumb\"},\"inLanguage\":\"es-ES\",\"potentialAction\":[{\"@type\":\"ReadAction\",\"target\":[\"https:\/\/jetxwingamebrazil.com\/where-to-play-jetx\/\"]}]},{\"@type\":\"BreadcrumbList\",\"@id\":\"https:\/\/jetxwingamebrazil.com\/where-to-play-jetx\/#breadcrumb\",\"itemListElement\":[{\"@type\":\"ListItem\",\"position\":1,\"name\":\"\u0413\u043b\u0430\u0432\u043d\u0430\u044f \u0441\u0442\u0440\u0430\u043d\u0438\u0446\u0430\",\"item\":\"https:\/\/jetxwingamebrazil.com\/\"},{\"@type\":\"ListItem\",\"position\":2,\"name\":\"\u0413\u0434\u0435 \u0438\u0433\u0440\u0430\u0442\u044c \u0432 JetX\"}]},{\"@type\":\"WebSite\",\"@id\":\"https:\/\/jetxwingamebrazil.com\/#website\",\"url\":\"https:\/\/jetxwingamebrazil.com\/\",\"name\":\"JetX\",\"description\":\"\",\"publisher\":{\"@id\":\"https:\/\/jetxwingamebrazil.com\/#organization\"},\"potentialAction\":[{\"@type\":\"SearchAction\",\"target\":{\"@type\":\"EntryPoint\",\"urlTemplate\":\"https:\/\/jetxwingamebrazil.com\/?s={search_term_string}\"},\"query-input\":{\"@type\":\"PropertyValueSpecification\",\"valueRequired\":true,\"valueName\":\"search_term_string\"}}],\"inLanguage\":\"es-ES\"},{\"@type\":\"Organization\",\"@id\":\"https:\/\/jetxwingamebrazil.com\/#organization\",\"name\":\"JetX\",\"url\":\"https:\/\/jetxwingamebrazil.com\/\",\"logo\":{\"@type\":\"ImageObject\",\"inLanguage\":\"es-ES\",\"@id\":\"https:\/\/jetxwingamebrazil.com\/#\/schema\/logo\/image\/\",\"url\":\"https:\/\/jetxwingamebrazil.com\/wp-content\/uploads\/jetx-slot-logo.png\",\"contentUrl\":\"https:\/\/jetxwingamebrazil.com\/wp-content\/uploads\/jetx-slot-logo.png\",\"width\":200,\"height\":101,\"caption\":\"JetX\"},\"image\":{\"@id\":\"https:\/\/jetxwingamebrazil.com\/#\/schema\/logo\/image\/\"}}]}<\/script>\n<!-- \/ Yoast SEO plugin. -->","yoast_head_json":{"title":"\u0413\u0434\u0435 \u0438\u0433\u0440\u0430\u0442\u044c \u0432 \u0438\u0433\u0440\u0443 JetX","description":"Registro en el sitio web oficial del casino para jugar a JetX. Elija un casino para jugar a JetX. Cree una cuenta en el casino y comience a jugar a JetX.","robots":{"index":"index","follow":"follow","max-snippet":"max-snippet:-1","max-image-preview":"max-image-preview:large","max-video-preview":"max-video-preview:-1"},"canonical":"https:\/\/jetxwingamebrazil.com\/es\/where-to-play-jetx\/","og_locale":"es_ES","og_type":"article","og_title":"\u0413\u0434\u0435 \u0438\u0433\u0440\u0430\u0442\u044c \u0432 \u0438\u0433\u0440\u0443 JetX","og_description":"\u0420\u0435\u0433\u0438\u0441\u0442\u0440\u0430\u0446\u0438\u044f \u043d\u0430 \u043e\u0444\u0438\u0446\u0438\u0430\u043b\u044c\u043d\u043e\u043c \u0441\u0430\u0439\u0442\u0435 \u043a\u0430\u0437\u0438\u043d\u043e \u0434\u043b\u044f \u0438\u0433\u0440\u044b JetX. \u0412\u044b\u0431\u0440\u0430\u0442\u044c \u043a\u0430\u0437\u0438\u043d\u043e \u0434\u043b\u044f \u0438\u0433\u0440\u044b JetX. \u0421\u043e\u0437\u0434\u0430\u0442\u044c \u0430\u043a\u043a\u0430\u0443\u043d\u0442 \u0432 \u043a\u0430\u0437\u0438\u043d\u043e \u0438 \u043d\u0430\u0447\u0430\u0442\u044c \u0438\u0433\u0440\u0430\u0442\u044c \u0432 JetX","og_url":"https:\/\/jetxwingamebrazil.com\/es\/where-to-play-jetx\/","og_site_name":"JetX","article_modified_time":"2024-03-17T22:11:14+00:00","twitter_card":"summary_large_image","twitter_misc":{"Tiempo de lectura":"4 minutos"},"schema":{"@context":"https:\/\/schema.org","@graph":[{"@type":"WebPage","@id":"https:\/\/jetxwingamebrazil.com\/where-to-play-jetx\/","url":"https:\/\/jetxwingamebrazil.com\/where-to-play-jetx\/","name":"\u0413\u0434\u0435 \u0438\u0433\u0440\u0430\u0442\u044c \u0432 \u0438\u0433\u0440\u0443 JetX","isPartOf":{"@id":"https:\/\/jetxwingamebrazil.com\/#website"},"datePublished":"2024-03-16T13:48:13+00:00","dateModified":"2024-03-17T22:11:14+00:00","description":"\u0420\u0435\u0433\u0438\u0441\u0442\u0440\u0430\u0446\u0438\u044f \u043d\u0430 \u043e\u0444\u0438\u0446\u0438\u0430\u043b\u044c\u043d\u043e\u043c \u0441\u0430\u0439\u0442\u0435 \u043a\u0430\u0437\u0438\u043d\u043e \u0434\u043b\u044f \u0438\u0433\u0440\u044b JetX. \u0412\u044b\u0431\u0440\u0430\u0442\u044c \u043a\u0430\u0437\u0438\u043d\u043e \u0434\u043b\u044f \u0438\u0433\u0440\u044b JetX. \u0421\u043e\u0437\u0434\u0430\u0442\u044c \u0430\u043a\u043a\u0430\u0443\u043d\u0442 \u0432 \u043a\u0430\u0437\u0438\u043d\u043e \u0438 \u043d\u0430\u0447\u0430\u0442\u044c \u0438\u0433\u0440\u0430\u0442\u044c \u0432 JetX","breadcrumb":{"@id":"https:\/\/jetxwingamebrazil.com\/where-to-play-jetx\/#breadcrumb"},"inLanguage":"es-ES","potentialAction":[{"@type":"ReadAction","target":["https:\/\/jetxwingamebrazil.com\/where-to-play-jetx\/"]}]},{"@type":"BreadcrumbList","@id":"https:\/\/jetxwingamebrazil.com\/where-to-play-jetx\/#breadcrumb","itemListElement":[{"@type":"ListItem","position":1,"name":"\u0413\u043b\u0430\u0432\u043d\u0430\u044f \u0441\u0442\u0440\u0430\u043d\u0438\u0446\u0430","item":"https:\/\/jetxwingamebrazil.com\/"},{"@type":"ListItem","position":2,"name":"\u0413\u0434\u0435 \u0438\u0433\u0440\u0430\u0442\u044c \u0432 JetX"}]},{"@type":"WebSite","@id":"https:\/\/jetxwingamebrazil.com\/#website","url":"https:\/\/jetxwingamebrazil.com\/","name":"JetX","description":"","publisher":{"@id":"https:\/\/jetxwingamebrazil.com\/#organization"},"potentialAction":[{"@type":"SearchAction","target":{"@type":"EntryPoint","urlTemplate":"https:\/\/jetxwingamebrazil.com\/?s={search_term_string}"},"query-input":{"@type":"PropertyValueSpecification","valueRequired":true,"valueName":"search_term_string"}}],"inLanguage":"es-ES"},{"@type":"Organization","@id":"https:\/\/jetxwingamebrazil.com\/#organization","name":"JetX","url":"https:\/\/jetxwingamebrazil.com\/","logo":{"@type":"ImageObject","inLanguage":"es-ES","@id":"https:\/\/jetxwingamebrazil.com\/#\/schema\/logo\/image\/","url":"https:\/\/jetxwingamebrazil.com\/wp-content\/uploads\/jetx-slot-logo.png","contentUrl":"https:\/\/jetxwingamebrazil.com\/wp-content\/uploads\/jetx-slot-logo.png","width":200,"height":101,"caption":"JetX"},"image":{"@id":"https:\/\/jetxwingamebrazil.com\/#\/schema\/logo\/image\/"}}]}},"_links":{"self":[{"href":"https:\/\/jetxwingamebrazil.com\/es\/wp-json\/wp\/v2\/pages\/17","targetHints":{"allow":["GET"]}}],"collection":[{"href":"https:\/\/jetxwingamebrazil.com\/es\/wp-json\/wp\/v2\/pages"}],"about":[{"href":"https:\/\/jetxwingamebrazil.com\/es\/wp-json\/wp\/v2\/types\/page"}],"author":[{"embeddable":true,"href":"https:\/\/jetxwingamebrazil.com\/es\/wp-json\/wp\/v2\/users\/1"}],"replies":[{"embeddable":true,"href":"https:\/\/jetxwingamebrazil.com\/es\/wp-json\/wp\/v2\/comments?post=17"}],"version-history":[{"count":16,"href":"https:\/\/jetxwingamebrazil.com\/es\/wp-json\/wp\/v2\/pages\/17\/revisions"}],"predecessor-version":[{"id":48,"href":"https:\/\/jetxwingamebrazil.com\/es\/wp-json\/wp\/v2\/pages\/17\/revisions\/48"}],"wp:attachment":[{"href":"https:\/\/jetxwingamebrazil.com\/es\/wp-json\/wp\/v2\/media?parent=17"}],"curies":[{"name":"wp","href":"https:\/\/api.w.org\/{rel}","templated":true}]}}