{"id":19,"date":"2024-03-16T19:08:19","date_gmt":"2024-03-16T16:08:19","guid":{"rendered":"https:\/\/jetxwingamebrazil.com\/?page_id=19"},"modified":"2024-03-18T01:07:39","modified_gmt":"2024-03-17T22:07:39","slug":"casino-bonuses-in-jetx-games","status":"publish","type":"page","link":"https:\/\/jetxwingamebrazil.com\/es\/casino-bonuses-in-jetx-games\/","title":{"rendered":"Bonos de casino en juegos JetX"},"content":{"rendered":"<p>Es hora de hablar sobre los tipos de bonificaciones disponibles si decides jugar JetX. Cabe se\u00f1alar que no hay bonos especiales en el juego, y generalmente los bonos dependen del casino en l\u00ednea. Aunque los tipos de bonos en diferentes casinos son aproximadamente iguales, los montos y las condiciones pueden variar significativamente de un casino a otro, por lo que recomendamos prestar atenci\u00f3n a los detalles. Entonces, discutamos qu\u00e9 tipos de bonos pueden ofrecer los casinos en l\u00ednea:<\/p>\n<ul>\n<li>Bonificaci\u00f3n de registro \/ bono de bienvenida: una oferta para nuevos jugadores, generalmente incluye un bono en el primer dep\u00f3sito. Involucra un porcentaje dependiendo del monto del dep\u00f3sito, por ejemplo, del 20 al 100 por ciento, que el jugador recibe como dinero gratis.<\/li>\n<li>Bono sin dep\u00f3sito: un tipo de bono proporcionado sin la necesidad de hacer un dep\u00f3sito. Por lo general, se trata de una cantidad fija de dinero que los jugadores pueden usar para jugar sin arriesgar sus propios fondos. Esencialmente, estos son fondos de bonificaci\u00f3n que el jugador puede usar a su discreci\u00f3n. Los t\u00e9rminos de tales bonos son muy estrictos porque al casino no le interesa conseguir un jugador, darle dinero falso y luego entregar las ganancias en dinero real. Por lo tanto, este tipo de bono se considera el m\u00e1s desafiante.<\/li>\n<li>Bonos de dep\u00f3sito: adem\u00e1s del bono de bienvenida, los casinos pueden ofrecer bonificaciones en dep\u00f3sitos posteriores para animar a los jugadores a seguir jugando. Normalmente, esto se refiere a los primeros dep\u00f3sitos en favor del casino. Por ejemplo, desde el segundo hasta el quinto dep\u00f3sito. El monto del bono tambi\u00e9n puede variar, desde el 100 hasta el 5 por ciento.<\/li>\n<li>Bonos de referencia: algunos casinos recompensan a los jugadores por referir nuevos usuarios ofreciendo bonificaciones por cada amigo invitado que se registre y realice un dep\u00f3sito.<\/li>\n<li>Bono de cumplea\u00f1os: el jugador recibe un bono de cumplea\u00f1os del casino en l\u00ednea.<\/li>\n<\/ul>\n<p>Por supuesto, esta no es una lista completa de bonificaciones ofrecidas por los casinos en l\u00ednea a los jugadores. Hay significativamente m\u00e1s bonos, y cada casino tiene sus propios matices relacionados con las bonificaciones.<\/p>\n","protected":false},"excerpt":{"rendered":"<p>Es hora de hablar sobre los tipos de bonificaciones disponibles si decides jugar JetX. Cabe se\u00f1alar que no hay bonos especiales en el juego, y generalmente los bonos dependen del casino en l\u00ednea. Aunque los<span class=\"more-button\"><a href=\"https:\/\/jetxwingamebrazil.com\/es\/casino-bonuses-in-jetx-games\/\" class=\"more-link\">Seguir leyendo<span class=\"screen-reader-text\">Bonos de casino en juegos JetX<\/span><i class=\"fa fa-angle-right\" aria-hidden=\"true\"><\/i><\/a><\/span><\/p>\n","protected":false},"author":1,"featured_media":0,"parent":0,"menu_order":0,"comment_status":"closed","ping_status":"closed","template":"","meta":{"footnotes":""},"class_list":["post-19","page","type-page","status-publish","hentry"],"yoast_head":"<!-- This site is optimized with the Yoast SEO plugin v27.2 - https:\/\/yoast.com\/product\/yoast-seo-wordpress\/ -->\n<title>\u0411\u043e\u043d\u0443\u0441\u044b \u043a\u0430\u0437\u0438\u043d\u043e \u0434\u043b\u044f \u0438\u0433\u0440\u043e\u043a\u043e\u0432 JetX<\/title>\n<meta name=\"description\" content=\"Bonos del juego JetX. Bono de registro, bono sin dep\u00f3sito, bono de dep\u00f3sito, bono de cumplea\u00f1os de casinos en l\u00ednea\" \/>\n<meta name=\"robots\" content=\"index, follow, max-snippet:-1, max-image-preview:large, max-video-preview:-1\" \/>\n<link rel=\"canonical\" href=\"https:\/\/jetxwingamebrazil.com\/es\/casino-bonuses-in-jetx-games\/\" \/>\n<meta property=\"og:locale\" content=\"es_ES\" \/>\n<meta property=\"og:locale:alternate\" content=\"ru_RU\" \/>\n<meta property=\"og:locale:alternate\" content=\"en_US\" \/>\n<meta property=\"og:locale:alternate\" content=\"pt_PT\" \/>\n<meta property=\"og:locale:alternate\" content=\"ro_RO\" \/>\n<meta property=\"og:locale:alternate\" content=\"sr_RS\" \/>\n<meta property=\"og:locale:alternate\" content=\"bg_BG\" \/>\n<meta property=\"og:locale:alternate\" content=\"pl_PL\" \/>\n<meta property=\"og:type\" content=\"article\" \/>\n<meta property=\"og:title\" content=\"\u0411\u043e\u043d\u0443\u0441\u044b \u043a\u0430\u0437\u0438\u043d\u043e \u0434\u043b\u044f \u0438\u0433\u0440\u043e\u043a\u043e\u0432 JetX\" \/>\n<meta property=\"og:description\" content=\"\u0411\u043e\u043d\u0443\u0441\u044b \u0438\u0433\u0440\u044b JetX. \u0411\u043e\u043d\u0443\u0441 \u0437\u0430 \u0440\u0435\u0433\u0438\u0441\u0442\u0440\u0430\u0446\u0438\u044e, \u0431\u0435\u0437\u0434\u0435\u043f\u043e\u0437\u0438\u0442\u043d\u044b\u0439 \u0431\u043e\u043d\u0443\u0441, \u0431\u043e\u043d\u0443\u0441 \u043d\u0430 \u0434\u0435\u043f\u043e\u0437\u0438\u0442, \u0431\u043e\u043d\u0443\u0441 \u043d\u0430 \u0434\u0435\u043d\u044c \u0440\u043e\u0436\u0434\u0435\u043d\u0438\u044f \u043e\u0442 \u043e\u043d\u043b\u0430\u0439\u043d \u043a\u0430\u0437\u0438\u043d\u043e\" \/>\n<meta property=\"og:url\" content=\"https:\/\/jetxwingamebrazil.com\/es\/casino-bonuses-in-jetx-games\/\" \/>\n<meta property=\"og:site_name\" content=\"JetX\" \/>\n<meta property=\"article:modified_time\" content=\"2024-03-17T22:07:39+00:00\" \/>\n<meta name=\"twitter:card\" content=\"summary_large_image\" \/>\n<meta name=\"twitter:label1\" content=\"Tiempo de lectura\" \/>\n\t<meta name=\"twitter:data1\" content=\"9 minutos\" \/>\n<script type=\"application\/ld+json\" class=\"yoast-schema-graph\">{\"@context\":\"https:\/\/schema.org\",\"@graph\":[{\"@type\":\"WebPage\",\"@id\":\"https:\/\/jetxwingamebrazil.com\/casino-bonuses-in-jetx-games\/\",\"url\":\"https:\/\/jetxwingamebrazil.com\/casino-bonuses-in-jetx-games\/\",\"name\":\"\u0411\u043e\u043d\u0443\u0441\u044b \u043a\u0430\u0437\u0438\u043d\u043e \u0434\u043b\u044f \u0438\u0433\u0440\u043e\u043a\u043e\u0432 JetX\",\"isPartOf\":{\"@id\":\"https:\/\/jetxwingamebrazil.com\/#website\"},\"datePublished\":\"2024-03-16T16:08:19+00:00\",\"dateModified\":\"2024-03-17T22:07:39+00:00\",\"description\":\"\u0411\u043e\u043d\u0443\u0441\u044b \u0438\u0433\u0440\u044b JetX. \u0411\u043e\u043d\u0443\u0441 \u0437\u0430 \u0440\u0435\u0433\u0438\u0441\u0442\u0440\u0430\u0446\u0438\u044e, \u0431\u0435\u0437\u0434\u0435\u043f\u043e\u0437\u0438\u0442\u043d\u044b\u0439 \u0431\u043e\u043d\u0443\u0441, \u0431\u043e\u043d\u0443\u0441 \u043d\u0430 \u0434\u0435\u043f\u043e\u0437\u0438\u0442, \u0431\u043e\u043d\u0443\u0441 \u043d\u0430 \u0434\u0435\u043d\u044c \u0440\u043e\u0436\u0434\u0435\u043d\u0438\u044f \u043e\u0442 \u043e\u043d\u043b\u0430\u0439\u043d \u043a\u0430\u0437\u0438\u043d\u043e\",\"breadcrumb\":{\"@id\":\"https:\/\/jetxwingamebrazil.com\/casino-bonuses-in-jetx-games\/#breadcrumb\"},\"inLanguage\":\"es-ES\",\"potentialAction\":[{\"@type\":\"ReadAction\",\"target\":[\"https:\/\/jetxwingamebrazil.com\/casino-bonuses-in-jetx-games\/\"]}]},{\"@type\":\"BreadcrumbList\",\"@id\":\"https:\/\/jetxwingamebrazil.com\/casino-bonuses-in-jetx-games\/#breadcrumb\",\"itemListElement\":[{\"@type\":\"ListItem\",\"position\":1,\"name\":\"\u0413\u043b\u0430\u0432\u043d\u0430\u044f \u0441\u0442\u0440\u0430\u043d\u0438\u0446\u0430\",\"item\":\"https:\/\/jetxwingamebrazil.com\/\"},{\"@type\":\"ListItem\",\"position\":2,\"name\":\"\u0411\u043e\u043d\u0443\u0441\u044b \u043a\u0430\u0437\u0438\u043d\u043e \u0432 \u0438\u0433\u0440\u0435 JetX\"}]},{\"@type\":\"WebSite\",\"@id\":\"https:\/\/jetxwingamebrazil.com\/#website\",\"url\":\"https:\/\/jetxwingamebrazil.com\/\",\"name\":\"JetX\",\"description\":\"\",\"publisher\":{\"@id\":\"https:\/\/jetxwingamebrazil.com\/#organization\"},\"potentialAction\":[{\"@type\":\"SearchAction\",\"target\":{\"@type\":\"EntryPoint\",\"urlTemplate\":\"https:\/\/jetxwingamebrazil.com\/?s={search_term_string}\"},\"query-input\":{\"@type\":\"PropertyValueSpecification\",\"valueRequired\":true,\"valueName\":\"search_term_string\"}}],\"inLanguage\":\"es-ES\"},{\"@type\":\"Organization\",\"@id\":\"https:\/\/jetxwingamebrazil.com\/#organization\",\"name\":\"JetX\",\"url\":\"https:\/\/jetxwingamebrazil.com\/\",\"logo\":{\"@type\":\"ImageObject\",\"inLanguage\":\"es-ES\",\"@id\":\"https:\/\/jetxwingamebrazil.com\/#\/schema\/logo\/image\/\",\"url\":\"https:\/\/jetxwingamebrazil.com\/wp-content\/uploads\/jetx-slot-logo.png\",\"contentUrl\":\"https:\/\/jetxwingamebrazil.com\/wp-content\/uploads\/jetx-slot-logo.png\",\"width\":200,\"height\":101,\"caption\":\"JetX\"},\"image\":{\"@id\":\"https:\/\/jetxwingamebrazil.com\/#\/schema\/logo\/image\/\"}}]}<\/script>\n<!-- \/ Yoast SEO plugin. -->","yoast_head_json":{"title":"\u0411\u043e\u043d\u0443\u0441\u044b \u043a\u0430\u0437\u0438\u043d\u043e \u0434\u043b\u044f \u0438\u0433\u0440\u043e\u043a\u043e\u0432 JetX","description":"Bonos del juego JetX. Bono de registro, bono sin dep\u00f3sito, bono de dep\u00f3sito, bono de cumplea\u00f1os de casinos en l\u00ednea","robots":{"index":"index","follow":"follow","max-snippet":"max-snippet:-1","max-image-preview":"max-image-preview:large","max-video-preview":"max-video-preview:-1"},"canonical":"https:\/\/jetxwingamebrazil.com\/es\/casino-bonuses-in-jetx-games\/","og_locale":"es_ES","og_type":"article","og_title":"\u0411\u043e\u043d\u0443\u0441\u044b \u043a\u0430\u0437\u0438\u043d\u043e \u0434\u043b\u044f \u0438\u0433\u0440\u043e\u043a\u043e\u0432 JetX","og_description":"\u0411\u043e\u043d\u0443\u0441\u044b \u0438\u0433\u0440\u044b JetX. \u0411\u043e\u043d\u0443\u0441 \u0437\u0430 \u0440\u0435\u0433\u0438\u0441\u0442\u0440\u0430\u0446\u0438\u044e, \u0431\u0435\u0437\u0434\u0435\u043f\u043e\u0437\u0438\u0442\u043d\u044b\u0439 \u0431\u043e\u043d\u0443\u0441, \u0431\u043e\u043d\u0443\u0441 \u043d\u0430 \u0434\u0435\u043f\u043e\u0437\u0438\u0442, \u0431\u043e\u043d\u0443\u0441 \u043d\u0430 \u0434\u0435\u043d\u044c \u0440\u043e\u0436\u0434\u0435\u043d\u0438\u044f \u043e\u0442 \u043e\u043d\u043b\u0430\u0439\u043d \u043a\u0430\u0437\u0438\u043d\u043e","og_url":"https:\/\/jetxwingamebrazil.com\/es\/casino-bonuses-in-jetx-games\/","og_site_name":"JetX","article_modified_time":"2024-03-17T22:07:39+00:00","twitter_card":"summary_large_image","twitter_misc":{"Tiempo de lectura":"9 minutos"},"schema":{"@context":"https:\/\/schema.org","@graph":[{"@type":"WebPage","@id":"https:\/\/jetxwingamebrazil.com\/casino-bonuses-in-jetx-games\/","url":"https:\/\/jetxwingamebrazil.com\/casino-bonuses-in-jetx-games\/","name":"\u0411\u043e\u043d\u0443\u0441\u044b \u043a\u0430\u0437\u0438\u043d\u043e \u0434\u043b\u044f \u0438\u0433\u0440\u043e\u043a\u043e\u0432 JetX","isPartOf":{"@id":"https:\/\/jetxwingamebrazil.com\/#website"},"datePublished":"2024-03-16T16:08:19+00:00","dateModified":"2024-03-17T22:07:39+00:00","description":"\u0411\u043e\u043d\u0443\u0441\u044b \u0438\u0433\u0440\u044b JetX. \u0411\u043e\u043d\u0443\u0441 \u0437\u0430 \u0440\u0435\u0433\u0438\u0441\u0442\u0440\u0430\u0446\u0438\u044e, \u0431\u0435\u0437\u0434\u0435\u043f\u043e\u0437\u0438\u0442\u043d\u044b\u0439 \u0431\u043e\u043d\u0443\u0441, \u0431\u043e\u043d\u0443\u0441 \u043d\u0430 \u0434\u0435\u043f\u043e\u0437\u0438\u0442, \u0431\u043e\u043d\u0443\u0441 \u043d\u0430 \u0434\u0435\u043d\u044c \u0440\u043e\u0436\u0434\u0435\u043d\u0438\u044f \u043e\u0442 \u043e\u043d\u043b\u0430\u0439\u043d \u043a\u0430\u0437\u0438\u043d\u043e","breadcrumb":{"@id":"https:\/\/jetxwingamebrazil.com\/casino-bonuses-in-jetx-games\/#breadcrumb"},"inLanguage":"es-ES","potentialAction":[{"@type":"ReadAction","target":["https:\/\/jetxwingamebrazil.com\/casino-bonuses-in-jetx-games\/"]}]},{"@type":"BreadcrumbList","@id":"https:\/\/jetxwingamebrazil.com\/casino-bonuses-in-jetx-games\/#breadcrumb","itemListElement":[{"@type":"ListItem","position":1,"name":"\u0413\u043b\u0430\u0432\u043d\u0430\u044f \u0441\u0442\u0440\u0430\u043d\u0438\u0446\u0430","item":"https:\/\/jetxwingamebrazil.com\/"},{"@type":"ListItem","position":2,"name":"\u0411\u043e\u043d\u0443\u0441\u044b \u043a\u0430\u0437\u0438\u043d\u043e \u0432 \u0438\u0433\u0440\u0435 JetX"}]},{"@type":"WebSite","@id":"https:\/\/jetxwingamebrazil.com\/#website","url":"https:\/\/jetxwingamebrazil.com\/","name":"JetX","description":"","publisher":{"@id":"https:\/\/jetxwingamebrazil.com\/#organization"},"potentialAction":[{"@type":"SearchAction","target":{"@type":"EntryPoint","urlTemplate":"https:\/\/jetxwingamebrazil.com\/?s={search_term_string}"},"query-input":{"@type":"PropertyValueSpecification","valueRequired":true,"valueName":"search_term_string"}}],"inLanguage":"es-ES"},{"@type":"Organization","@id":"https:\/\/jetxwingamebrazil.com\/#organization","name":"JetX","url":"https:\/\/jetxwingamebrazil.com\/","logo":{"@type":"ImageObject","inLanguage":"es-ES","@id":"https:\/\/jetxwingamebrazil.com\/#\/schema\/logo\/image\/","url":"https:\/\/jetxwingamebrazil.com\/wp-content\/uploads\/jetx-slot-logo.png","contentUrl":"https:\/\/jetxwingamebrazil.com\/wp-content\/uploads\/jetx-slot-logo.png","width":200,"height":101,"caption":"JetX"},"image":{"@id":"https:\/\/jetxwingamebrazil.com\/#\/schema\/logo\/image\/"}}]}},"_links":{"self":[{"href":"https:\/\/jetxwingamebrazil.com\/es\/wp-json\/wp\/v2\/pages\/19","targetHints":{"allow":["GET"]}}],"collection":[{"href":"https:\/\/jetxwingamebrazil.com\/es\/wp-json\/wp\/v2\/pages"}],"about":[{"href":"https:\/\/jetxwingamebrazil.com\/es\/wp-json\/wp\/v2\/types\/page"}],"author":[{"embeddable":true,"href":"https:\/\/jetxwingamebrazil.com\/es\/wp-json\/wp\/v2\/users\/1"}],"replies":[{"embeddable":true,"href":"https:\/\/jetxwingamebrazil.com\/es\/wp-json\/wp\/v2\/comments?post=19"}],"version-history":[{"count":18,"href":"https:\/\/jetxwingamebrazil.com\/es\/wp-json\/wp\/v2\/pages\/19\/revisions"}],"predecessor-version":[{"id":122,"href":"https:\/\/jetxwingamebrazil.com\/es\/wp-json\/wp\/v2\/pages\/19\/revisions\/122"}],"wp:attachment":[{"href":"https:\/\/jetxwingamebrazil.com\/es\/wp-json\/wp\/v2\/media?parent=19"}],"curies":[{"name":"wp","href":"https:\/\/api.w.org\/{rel}","templated":true}]}}