{"id":7,"date":"2024-03-16T16:24:22","date_gmt":"2024-03-16T13:24:22","guid":{"rendered":"https:\/\/jetxwingamebrazil.com\/?page_id=7"},"modified":"2024-03-18T01:29:09","modified_gmt":"2024-03-17T22:29:09","slug":"frequently-asked-questions-about-jetx","status":"publish","type":"page","link":"https:\/\/jetxwingamebrazil.com\/es\/frequently-asked-questions-about-jetx\/","title":{"rendered":"Preguntas frecuentes sobre JetX"},"content":{"rendered":"<ul>\n<li><strong>\u00bfPuedo jugar a JetX gratis?<\/strong><\/li>\n<\/ul>\n<p>S\u00ed, JetX ofrece un modo de demostraci\u00f3n que permite a los jugadores probar el juego sin arriesgar dinero real. Sin embargo, necesitas encontrar un casino que ofrezca este modo de juego.<\/p>\n<ul>\n<li><strong>\u00bfHay bonificaciones o promociones especiales para los jugadores de JetX?<\/strong><\/li>\n<\/ul>\n<p>Por lo general, los detalles dependen del casino que ofrece el juego. Estos podr\u00edan ser bonos de dep\u00f3sito o bonificaciones por referir amigos. Mantente atento a los detalles en el sitio web del casino.<\/p>\n<ul>\n<li><strong>\u00bfC\u00f3mo puedo ganar grande jugando a JetX?<\/strong><\/li>\n<\/ul>\n<p>Para ganar grande, es importante administrar tus apuestas con habilidad y determinar el momento \u00f3ptimo para cobrar tus ganancias antes del choque. Los multiplicadores altos ofrecen potencial para grandes victorias. Recomendamos leer un art\u00edculo sobre las estrategias de juego de JetX y elegir la estrategia m\u00e1s \u00f3ptima seg\u00fan tu situaci\u00f3n.<\/p>\n<ul>\n<li><strong>\u00bfC\u00f3mo puedo empezar a jugar a JetX con dinero real?<\/strong><\/li>\n<\/ul>\n<p>Para empezar a jugar con dinero real, necesitas crear una cuenta en un casino en l\u00ednea que ofrezca JetX y depositar fondos. Registrarse en un casino en l\u00ednea solo lleva un par de minutos.<\/p>\n<ul>\n<li><strong>\u00bfCu\u00e1l es el RTP de JetX?<\/strong><\/li>\n<\/ul>\n<p>El RTP (Retorno al Jugador) del juego JetX oscila entre el 96,2% y el 98,9%, lo que indica la parte de los fondos devueltos a los jugadores del total apostado. Este indicador est\u00e1 presente en cada juego, lo que significa que el juego ha pasado la certificaci\u00f3n de calidad.<\/p>\n<ul>\n<li><strong>\u00bfC\u00f3mo puedo retirar mis ganancias de JetX?<\/strong><\/li>\n<\/ul>\n<p>Para retirar tus ganancias, usa el bot\u00f3n \u00abCOBRAR\u00bb antes de la explosi\u00f3n, y tus ganancias se acreditar\u00e1n instant\u00e1neamente en tu saldo. Lo principal es retirar tus ganancias a tiempo.<\/p>\n<ul>\n<li><strong>\u00bfEs seguro jugar a JetX?<\/strong><\/li>\n<\/ul>\n<p>JetX utiliza un generador de n\u00fameros aleatorios certificado para garantizar la equidad y la aleatoriedad de los resultados, lo que hace que el juego sea seguro para los jugadores.<\/p>\n","protected":false},"excerpt":{"rendered":"<p>\u00bfPuedo jugar a JetX gratis? S\u00ed, JetX ofrece un modo de demostraci\u00f3n que permite a los jugadores probar el juego sin arriesgar dinero real. Sin embargo, necesitas encontrar un casino que ofrezca este modo de<span class=\"more-button\"><a href=\"https:\/\/jetxwingamebrazil.com\/es\/frequently-asked-questions-about-jetx\/\" class=\"more-link\">Seguir leyendo<span class=\"screen-reader-text\">Preguntas frecuentes sobre JetX<\/span><i class=\"fa fa-angle-right\" aria-hidden=\"true\"><\/i><\/a><\/span><\/p>\n","protected":false},"author":1,"featured_media":0,"parent":0,"menu_order":0,"comment_status":"closed","ping_status":"closed","template":"","meta":{"footnotes":""},"class_list":["post-7","page","type-page","status-publish","hentry"],"yoast_head":"<!-- This site is optimized with the Yoast SEO plugin v27.2 - https:\/\/yoast.com\/product\/yoast-seo-wordpress\/ -->\n<title>\u0427\u0430\u0441\u0442\u043e \u0437\u0430\u0434\u0430\u0432\u0430\u0435\u043c\u044b\u0435 \u0432\u043e\u043f\u0440\u043e\u0441\u044b \u043e\u0431 \u0438\u0433\u0440\u0435 JetX<\/title>\n<meta name=\"description\" content=\"Hemos recopilado las preguntas y respuestas m\u00e1s frecuentes de los jugadores de JetX. La colecci\u00f3n m\u00e1s completa de preguntas y respuestas, informaci\u00f3n sobre el juego JetX.\" \/>\n<meta name=\"robots\" content=\"index, follow, max-snippet:-1, max-image-preview:large, max-video-preview:-1\" \/>\n<link rel=\"canonical\" href=\"https:\/\/jetxwingamebrazil.com\/es\/frequently-asked-questions-about-jetx\/\" \/>\n<meta property=\"og:locale\" content=\"es_ES\" \/>\n<meta property=\"og:locale:alternate\" content=\"ru_RU\" \/>\n<meta property=\"og:locale:alternate\" content=\"en_US\" \/>\n<meta property=\"og:locale:alternate\" content=\"pt_PT\" \/>\n<meta property=\"og:locale:alternate\" content=\"ro_RO\" \/>\n<meta property=\"og:locale:alternate\" content=\"sr_RS\" \/>\n<meta property=\"og:locale:alternate\" content=\"bg_BG\" \/>\n<meta property=\"og:locale:alternate\" content=\"pl_PL\" \/>\n<meta property=\"og:type\" content=\"article\" \/>\n<meta property=\"og:title\" content=\"\u0427\u0430\u0441\u0442\u043e \u0437\u0430\u0434\u0430\u0432\u0430\u0435\u043c\u044b\u0435 \u0432\u043e\u043f\u0440\u043e\u0441\u044b \u043e\u0431 \u0438\u0433\u0440\u0435 JetX\" \/>\n<meta property=\"og:description\" content=\"\u041c\u044b \u0441\u043e\u0431\u0440\u0430\u043b\u0438 \u0441\u0430\u043c\u044b\u0435 \u043f\u043e\u043f\u0443\u043b\u044f\u0440\u043d\u044b\u0435 \u0432\u043e\u043f\u0440\u043e\u0441\u044b \u0438 \u043e\u0442\u0432\u0435\u0442\u044b \u0438\u0433\u0440\u043e\u043a\u043e\u0432 \u043e\u0431 \u0438\u0433\u0440\u0435 JetX. \u0421\u0430\u043c\u0430\u044f \u043f\u043e\u043b\u043d\u0430\u044f \u043a\u043e\u043b\u043b\u0435\u043a\u0446\u0438\u044f \u0432\u043e\u043f\u0440\u043e\u0441\u043e\u0432 \u0438 \u043e\u0442\u0432\u0435\u0442\u043e\u0432, \u0438\u043d\u0444\u043e\u0440\u043c\u0430\u0446\u0438\u0438 \u043e\u0431 \u0438\u0433\u0440\u0435 JetX.\" \/>\n<meta property=\"og:url\" content=\"https:\/\/jetxwingamebrazil.com\/es\/frequently-asked-questions-about-jetx\/\" \/>\n<meta property=\"og:site_name\" content=\"JetX\" \/>\n<meta property=\"article:modified_time\" content=\"2024-03-17T22:29:09+00:00\" \/>\n<meta name=\"twitter:card\" content=\"summary_large_image\" \/>\n<meta name=\"twitter:label1\" content=\"Tiempo de lectura\" \/>\n\t<meta name=\"twitter:data1\" content=\"8 minutos\" \/>\n<script type=\"application\/ld+json\" class=\"yoast-schema-graph\">{\"@context\":\"https:\/\/schema.org\",\"@graph\":[{\"@type\":\"WebPage\",\"@id\":\"https:\/\/jetxwingamebrazil.com\/frequently-asked-questions-about-jetx\/\",\"url\":\"https:\/\/jetxwingamebrazil.com\/frequently-asked-questions-about-jetx\/\",\"name\":\"\u0427\u0430\u0441\u0442\u043e \u0437\u0430\u0434\u0430\u0432\u0430\u0435\u043c\u044b\u0435 \u0432\u043e\u043f\u0440\u043e\u0441\u044b \u043e\u0431 \u0438\u0433\u0440\u0435 JetX\",\"isPartOf\":{\"@id\":\"https:\/\/jetxwingamebrazil.com\/#website\"},\"datePublished\":\"2024-03-16T13:24:22+00:00\",\"dateModified\":\"2024-03-17T22:29:09+00:00\",\"description\":\"\u041c\u044b \u0441\u043e\u0431\u0440\u0430\u043b\u0438 \u0441\u0430\u043c\u044b\u0435 \u043f\u043e\u043f\u0443\u043b\u044f\u0440\u043d\u044b\u0435 \u0432\u043e\u043f\u0440\u043e\u0441\u044b \u0438 \u043e\u0442\u0432\u0435\u0442\u044b \u0438\u0433\u0440\u043e\u043a\u043e\u0432 \u043e\u0431 \u0438\u0433\u0440\u0435 JetX. \u0421\u0430\u043c\u0430\u044f \u043f\u043e\u043b\u043d\u0430\u044f \u043a\u043e\u043b\u043b\u0435\u043a\u0446\u0438\u044f \u0432\u043e\u043f\u0440\u043e\u0441\u043e\u0432 \u0438 \u043e\u0442\u0432\u0435\u0442\u043e\u0432, \u0438\u043d\u0444\u043e\u0440\u043c\u0430\u0446\u0438\u0438 \u043e\u0431 \u0438\u0433\u0440\u0435 JetX.\",\"breadcrumb\":{\"@id\":\"https:\/\/jetxwingamebrazil.com\/frequently-asked-questions-about-jetx\/#breadcrumb\"},\"inLanguage\":\"es-ES\",\"potentialAction\":[{\"@type\":\"ReadAction\",\"target\":[\"https:\/\/jetxwingamebrazil.com\/frequently-asked-questions-about-jetx\/\"]}]},{\"@type\":\"BreadcrumbList\",\"@id\":\"https:\/\/jetxwingamebrazil.com\/frequently-asked-questions-about-jetx\/#breadcrumb\",\"itemListElement\":[{\"@type\":\"ListItem\",\"position\":1,\"name\":\"\u0413\u043b\u0430\u0432\u043d\u0430\u044f \u0441\u0442\u0440\u0430\u043d\u0438\u0446\u0430\",\"item\":\"https:\/\/jetxwingamebrazil.com\/\"},{\"@type\":\"ListItem\",\"position\":2,\"name\":\"\u0427\u0430\u0441\u0442\u043e \u0437\u0430\u0434\u0430\u0432\u0430\u0435\u043c\u044b\u0435 \u0432\u043e\u043f\u0440\u043e\u0441\u044b \u043e\u0431 \u0438\u0433\u0440\u0435 JetX\"}]},{\"@type\":\"WebSite\",\"@id\":\"https:\/\/jetxwingamebrazil.com\/#website\",\"url\":\"https:\/\/jetxwingamebrazil.com\/\",\"name\":\"JetX\",\"description\":\"\",\"publisher\":{\"@id\":\"https:\/\/jetxwingamebrazil.com\/#organization\"},\"potentialAction\":[{\"@type\":\"SearchAction\",\"target\":{\"@type\":\"EntryPoint\",\"urlTemplate\":\"https:\/\/jetxwingamebrazil.com\/?s={search_term_string}\"},\"query-input\":{\"@type\":\"PropertyValueSpecification\",\"valueRequired\":true,\"valueName\":\"search_term_string\"}}],\"inLanguage\":\"es-ES\"},{\"@type\":\"Organization\",\"@id\":\"https:\/\/jetxwingamebrazil.com\/#organization\",\"name\":\"JetX\",\"url\":\"https:\/\/jetxwingamebrazil.com\/\",\"logo\":{\"@type\":\"ImageObject\",\"inLanguage\":\"es-ES\",\"@id\":\"https:\/\/jetxwingamebrazil.com\/#\/schema\/logo\/image\/\",\"url\":\"https:\/\/jetxwingamebrazil.com\/wp-content\/uploads\/jetx-slot-logo.png\",\"contentUrl\":\"https:\/\/jetxwingamebrazil.com\/wp-content\/uploads\/jetx-slot-logo.png\",\"width\":200,\"height\":101,\"caption\":\"JetX\"},\"image\":{\"@id\":\"https:\/\/jetxwingamebrazil.com\/#\/schema\/logo\/image\/\"}}]}<\/script>\n<!-- \/ Yoast SEO plugin. -->","yoast_head_json":{"title":"\u0427\u0430\u0441\u0442\u043e \u0437\u0430\u0434\u0430\u0432\u0430\u0435\u043c\u044b\u0435 \u0432\u043e\u043f\u0440\u043e\u0441\u044b \u043e\u0431 \u0438\u0433\u0440\u0435 JetX","description":"Hemos recopilado las preguntas y respuestas m\u00e1s frecuentes de los jugadores de JetX. La colecci\u00f3n m\u00e1s completa de preguntas y respuestas, informaci\u00f3n sobre el juego JetX.","robots":{"index":"index","follow":"follow","max-snippet":"max-snippet:-1","max-image-preview":"max-image-preview:large","max-video-preview":"max-video-preview:-1"},"canonical":"https:\/\/jetxwingamebrazil.com\/es\/frequently-asked-questions-about-jetx\/","og_locale":"es_ES","og_type":"article","og_title":"\u0427\u0430\u0441\u0442\u043e \u0437\u0430\u0434\u0430\u0432\u0430\u0435\u043c\u044b\u0435 \u0432\u043e\u043f\u0440\u043e\u0441\u044b \u043e\u0431 \u0438\u0433\u0440\u0435 JetX","og_description":"\u041c\u044b \u0441\u043e\u0431\u0440\u0430\u043b\u0438 \u0441\u0430\u043c\u044b\u0435 \u043f\u043e\u043f\u0443\u043b\u044f\u0440\u043d\u044b\u0435 \u0432\u043e\u043f\u0440\u043e\u0441\u044b \u0438 \u043e\u0442\u0432\u0435\u0442\u044b \u0438\u0433\u0440\u043e\u043a\u043e\u0432 \u043e\u0431 \u0438\u0433\u0440\u0435 JetX. \u0421\u0430\u043c\u0430\u044f \u043f\u043e\u043b\u043d\u0430\u044f \u043a\u043e\u043b\u043b\u0435\u043a\u0446\u0438\u044f \u0432\u043e\u043f\u0440\u043e\u0441\u043e\u0432 \u0438 \u043e\u0442\u0432\u0435\u0442\u043e\u0432, \u0438\u043d\u0444\u043e\u0440\u043c\u0430\u0446\u0438\u0438 \u043e\u0431 \u0438\u0433\u0440\u0435 JetX.","og_url":"https:\/\/jetxwingamebrazil.com\/es\/frequently-asked-questions-about-jetx\/","og_site_name":"JetX","article_modified_time":"2024-03-17T22:29:09+00:00","twitter_card":"summary_large_image","twitter_misc":{"Tiempo de lectura":"8 minutos"},"schema":{"@context":"https:\/\/schema.org","@graph":[{"@type":"WebPage","@id":"https:\/\/jetxwingamebrazil.com\/frequently-asked-questions-about-jetx\/","url":"https:\/\/jetxwingamebrazil.com\/frequently-asked-questions-about-jetx\/","name":"\u0427\u0430\u0441\u0442\u043e \u0437\u0430\u0434\u0430\u0432\u0430\u0435\u043c\u044b\u0435 \u0432\u043e\u043f\u0440\u043e\u0441\u044b \u043e\u0431 \u0438\u0433\u0440\u0435 JetX","isPartOf":{"@id":"https:\/\/jetxwingamebrazil.com\/#website"},"datePublished":"2024-03-16T13:24:22+00:00","dateModified":"2024-03-17T22:29:09+00:00","description":"\u041c\u044b \u0441\u043e\u0431\u0440\u0430\u043b\u0438 \u0441\u0430\u043c\u044b\u0435 \u043f\u043e\u043f\u0443\u043b\u044f\u0440\u043d\u044b\u0435 \u0432\u043e\u043f\u0440\u043e\u0441\u044b \u0438 \u043e\u0442\u0432\u0435\u0442\u044b \u0438\u0433\u0440\u043e\u043a\u043e\u0432 \u043e\u0431 \u0438\u0433\u0440\u0435 JetX. \u0421\u0430\u043c\u0430\u044f \u043f\u043e\u043b\u043d\u0430\u044f \u043a\u043e\u043b\u043b\u0435\u043a\u0446\u0438\u044f \u0432\u043e\u043f\u0440\u043e\u0441\u043e\u0432 \u0438 \u043e\u0442\u0432\u0435\u0442\u043e\u0432, \u0438\u043d\u0444\u043e\u0440\u043c\u0430\u0446\u0438\u0438 \u043e\u0431 \u0438\u0433\u0440\u0435 JetX.","breadcrumb":{"@id":"https:\/\/jetxwingamebrazil.com\/frequently-asked-questions-about-jetx\/#breadcrumb"},"inLanguage":"es-ES","potentialAction":[{"@type":"ReadAction","target":["https:\/\/jetxwingamebrazil.com\/frequently-asked-questions-about-jetx\/"]}]},{"@type":"BreadcrumbList","@id":"https:\/\/jetxwingamebrazil.com\/frequently-asked-questions-about-jetx\/#breadcrumb","itemListElement":[{"@type":"ListItem","position":1,"name":"\u0413\u043b\u0430\u0432\u043d\u0430\u044f \u0441\u0442\u0440\u0430\u043d\u0438\u0446\u0430","item":"https:\/\/jetxwingamebrazil.com\/"},{"@type":"ListItem","position":2,"name":"\u0427\u0430\u0441\u0442\u043e \u0437\u0430\u0434\u0430\u0432\u0430\u0435\u043c\u044b\u0435 \u0432\u043e\u043f\u0440\u043e\u0441\u044b \u043e\u0431 \u0438\u0433\u0440\u0435 JetX"}]},{"@type":"WebSite","@id":"https:\/\/jetxwingamebrazil.com\/#website","url":"https:\/\/jetxwingamebrazil.com\/","name":"JetX","description":"","publisher":{"@id":"https:\/\/jetxwingamebrazil.com\/#organization"},"potentialAction":[{"@type":"SearchAction","target":{"@type":"EntryPoint","urlTemplate":"https:\/\/jetxwingamebrazil.com\/?s={search_term_string}"},"query-input":{"@type":"PropertyValueSpecification","valueRequired":true,"valueName":"search_term_string"}}],"inLanguage":"es-ES"},{"@type":"Organization","@id":"https:\/\/jetxwingamebrazil.com\/#organization","name":"JetX","url":"https:\/\/jetxwingamebrazil.com\/","logo":{"@type":"ImageObject","inLanguage":"es-ES","@id":"https:\/\/jetxwingamebrazil.com\/#\/schema\/logo\/image\/","url":"https:\/\/jetxwingamebrazil.com\/wp-content\/uploads\/jetx-slot-logo.png","contentUrl":"https:\/\/jetxwingamebrazil.com\/wp-content\/uploads\/jetx-slot-logo.png","width":200,"height":101,"caption":"JetX"},"image":{"@id":"https:\/\/jetxwingamebrazil.com\/#\/schema\/logo\/image\/"}}]}},"_links":{"self":[{"href":"https:\/\/jetxwingamebrazil.com\/es\/wp-json\/wp\/v2\/pages\/7","targetHints":{"allow":["GET"]}}],"collection":[{"href":"https:\/\/jetxwingamebrazil.com\/es\/wp-json\/wp\/v2\/pages"}],"about":[{"href":"https:\/\/jetxwingamebrazil.com\/es\/wp-json\/wp\/v2\/types\/page"}],"author":[{"embeddable":true,"href":"https:\/\/jetxwingamebrazil.com\/es\/wp-json\/wp\/v2\/users\/1"}],"replies":[{"embeddable":true,"href":"https:\/\/jetxwingamebrazil.com\/es\/wp-json\/wp\/v2\/comments?post=7"}],"version-history":[{"count":16,"href":"https:\/\/jetxwingamebrazil.com\/es\/wp-json\/wp\/v2\/pages\/7\/revisions"}],"predecessor-version":[{"id":24,"href":"https:\/\/jetxwingamebrazil.com\/es\/wp-json\/wp\/v2\/pages\/7\/revisions\/24"}],"wp:attachment":[{"href":"https:\/\/jetxwingamebrazil.com\/es\/wp-json\/wp\/v2\/media?parent=7"}],"curies":[{"name":"wp","href":"https:\/\/api.w.org\/{rel}","templated":true}]}}