{"id":9,"date":"2024-03-16T16:28:42","date_gmt":"2024-03-16T13:28:42","guid":{"rendered":"https:\/\/jetxwingamebrazil.com\/?page_id=9"},"modified":"2024-03-20T03:44:58","modified_gmt":"2024-03-20T00:44:58","slug":"jetx-game-play-for-real-money","status":"publish","type":"page","link":"https:\/\/jetxwingamebrazil.com\/es\/","title":{"rendered":"Juego JetX &#8211; jugar con dinero real"},"content":{"rendered":"<h2><strong>\u00bfQu\u00e9 es JetX de SmartSoft Gaming?<\/strong><\/h2>\n<p>JetX de SmartSoft Gaming es un juego de azar que va m\u00e1s all\u00e1 de los juegos de casino tradicionales, ofreciendo a los jugadores una nueva experiencia de juego. Fundada en Georgia en 2015, SmartSoft Gaming ten\u00eda como objetivo crear un estudio de iGaming \u00fanico que ofreciera juegos de alta calidad a jugadores de todo el mundo. Entre otras cosas, su juego insignia JetX, desarrollado en 2018, se convirti\u00f3 en el primer avance en la categor\u00eda de juegos de casino crash y sigue siendo fundamental para los operadores de casinos.<\/p>\n<p>JetX es un juego de azar donde los jugadores solo necesitan realizar una o dos apuestas antes de que comience el vuelo de un avi\u00f3n a reacci\u00f3n. Es un tipo de juego de azar completamente diferente, a diferencia de los que estamos acostumbrados en los casinos en l\u00ednea. La caracter\u00edstica del juego radica en el hecho de que los jugadores deben cobrar sus ganancias antes de que el avi\u00f3n a reacci\u00f3n se estrelle. Para una experiencia de juego a\u00fan m\u00e1s relajada, puedes habilitar el autoplay, donde las apuestas y ganancias ocurrir\u00e1n autom\u00e1ticamente para los juegos posteriores, y puedes desactivar esta funci\u00f3n cuando desees detenerte. En otras palabras, toda la funcionalidad del juego est\u00e1 cuidadosamente dise\u00f1ada y los jugadores siempre tienen opciones sobre c\u00f3mo jugar, personalizando el juego seg\u00fan sus preferencias.<\/p>\n<p>JetX cuenta con una secci\u00f3n de historial y estad\u00edsticas donde puedes ver algunas de tus apuestas anteriores, cobros y ganancias. Adem\u00e1s, puedes ver el historial de apuestas de otros jugadores. Recomendamos encontrar a los jugadores m\u00e1s exitosos y frecuentes ganadores. Observa su estrategia y t\u00e1cticas de juego. Entiende cu\u00e1nto est\u00e1n dispuestos a arriesgar y qu\u00e9 apuestas hacen. Por supuesto, esto no garantiza una victoria, as\u00ed que nunca conf\u00edes en ello. Sin embargo, puede servir como una buena referencia para futuras rondas.<\/p>\n<p>El juego JeTX cuenta con visuales retro y sonidos de aviones. Los jugadores pueden retirar sus ganancias en cualquier momento o permitir que las apuestas crezcan para intentar alcanzar los niveles m\u00e1s altos. Pero el tiempo lo es todo, ya que un accidente aleatorio puede ocurrir en cualquier momento y anular la apuesta.<\/p>\n<h2><strong>Especificaciones t\u00e9cnicas de JetX<\/strong><\/h2>\n<p>JetX cuenta con las siguientes especificaciones t\u00e9cnicas:<\/p>\n<ul>\n<li>\n<h3><strong>Retorno al Jugador (RTP)<\/strong><\/h3>\n<\/li>\n<\/ul>\n<p>El tama\u00f1o del RTP var\u00eda del 96.7% al 98.8%. Esto significa que el juego promete un porcentaje bastante alto de fondos devueltos al jugador, lo que lo hace atractivo para una amplia audiencia.<\/p>\n<ul>\n<li>\n<h3><strong>Rango de Apuestas<\/strong><\/h3>\n<\/li>\n<\/ul>\n<p>El juego ofrece un rango de apuestas desde 1 centavo hasta $600 por ronda. Este amplio rango permite a los usuarios jugar incluso con un presupuesto peque\u00f1o. Incluso con un saldo peque\u00f1o en la cuenta, siempre puedes estar seguro de que puedes jugar docenas, si no cientos, de rondas, disfrutando del juego.<\/p>\n<ul>\n<li>\n<h3><strong>Multiplicador M\u00e1ximo de Pago<\/strong><\/h3>\n<\/li>\n<\/ul>\n<p>El multiplicador m\u00e1ximo de pago es de 25,000 X, lo que hace que el juego sea especialmente atractivo para aquellos que apuntan a grandes ganancias. Solo imagina, al hacer una apuesta de $1, puedes ganar $25,000. \u00bfSuena como ficci\u00f3n? Pero no, en el juego JetX, esto es real y tales ganancias a veces suceden.<\/p>\n<ul>\n<li>\n<h3><strong>Algoritmo RNG Certificado<\/strong><\/h3>\n<\/li>\n<\/ul>\n<p>El juego utiliza un generador de n\u00fameros aleatorios certificado, garantizando la imparcialidad y aleatoriedad de los resultados en cada ronda. Puedes estar seguro de que el casino no interfiere en el curso del juego, tratando de influir en el resultado.<\/p>\n<h2><strong>Funciones del Juego JetX<\/strong><\/h2>\n<p>Antes de comenzar el juego, ser\u00e1 \u00fatil recordar las caracter\u00edsticas principales del juego JetX para comprender qu\u00e9 tan bien se adapta este juego a tus gustos y preferencias.<\/p>\n<h3><strong>Apuestas Autom\u00e1ticas y Retiro Autom\u00e1tico<\/strong><\/h3>\n<p>JetX cuenta con una funci\u00f3n de \u00abAUTOPLAY\u00bb que te permite realizar autom\u00e1ticamente apuestas id\u00e9nticas en cada nueva ronda. Esta funci\u00f3n se puede activar para una o ambas apuestas. Los jugadores pueden usar el modo de retiro autom\u00e1tico dentro del rango de 1.01X a 1,000X. Cuando se activa el modo de retiro autom\u00e1tico, la apuesta del jugador se retirar\u00e1 autom\u00e1ticamente si el juego alcanza el multiplicador especificado. Sin embargo, los jugadores pueden retirar su apuesta manualmente en cualquier momento antes de alcanzar el valor de retiro autom\u00e1tico, siempre que el valor de retiro manual sea menor que el multiplicador de retiro autom\u00e1tico.<\/p>\n<h3><strong>Estad\u00edsticas de Apuestas en Tiempo Real<\/strong><\/h3>\n<p>En el lado derecho de la interfaz del juego, hay una secci\u00f3n donde los jugadores pueden observar las apuestas de otros jugadores, averiguar cu\u00e1ndo cobraron sus ganancias y cu\u00e1nto ganaron. Tambi\u00e9n puedes ver todas las apuestas que realizaste durante la sesi\u00f3n y hacer un seguimiento de tus estad\u00edsticas para comprender la efectividad de las estrategias. La interfaz permite cambiar entre tres pesta\u00f1as: apuestas actuales, mis apuestas y estad\u00edsticas.<\/p>\n<h3><strong>Estad\u00edsticas de Historial de Multiplicadores<\/strong><\/h3>\n<p>En la esquina superior izquierda del panel de juego, hay estad\u00edsticas sobre multiplicadores e historial de juego. Los valores se muestran en colores rojo y verde: el rojo indica multiplicadores que son inferiores a 1.5, y el verde indica multiplicadores por encima de 1.5. Esta funci\u00f3n permite a los jugadores analizar la historia de las apuestas ganadoras y perdedoras, lo que puede ayudar a desarrollar una estrategia para futuras rondas.<\/p>\n<p>Como puedes ver, el juego JetX ofrece muchas opciones para jugadores con cualquier presupuesto. Te deseamos altos multiplicadores y ganancias.<\/p>\n","protected":false},"excerpt":{"rendered":"<p>\u00bfQu\u00e9 es JetX de SmartSoft Gaming? JetX de SmartSoft Gaming es un juego de azar que va m\u00e1s all\u00e1 de los juegos de casino tradicionales, ofreciendo a los jugadores una nueva experiencia de juego. Fundada<span class=\"more-button\"><a href=\"https:\/\/jetxwingamebrazil.com\/es\/\" class=\"more-link\">Seguir leyendo<span class=\"screen-reader-text\">Juego JetX &#8211; jugar con dinero real<\/span><i class=\"fa fa-angle-right\" aria-hidden=\"true\"><\/i><\/a><\/span><\/p>\n","protected":false},"author":1,"featured_media":144,"parent":0,"menu_order":0,"comment_status":"closed","ping_status":"closed","template":"","meta":{"footnotes":""},"class_list":["post-9","page","type-page","status-publish","has-post-thumbnail","hentry"],"yoast_head":"<!-- This site is optimized with the Yoast SEO plugin v27.2 - https:\/\/yoast.com\/product\/yoast-seo-wordpress\/ -->\n<title>Gra w JetX w kasynach online na prawdziwe pieni\u0105dze<\/title>\n<meta name=\"description\" content=\"Juego en l\u00ednea JetX por dinero en los mejores casinos en l\u00ednea en Brasil y en todo el mundo. Juega y gana. Bonos para jugadores nuevos y experimentados. Aplicaci\u00f3n, bonificaciones. Registro en el sitio web del casino.\" \/>\n<meta name=\"robots\" content=\"index, follow, max-snippet:-1, max-image-preview:large, max-video-preview:-1\" \/>\n<link rel=\"canonical\" href=\"https:\/\/jetxwingamebrazil.com\/es\/\" \/>\n<meta property=\"og:locale\" content=\"es_ES\" \/>\n<meta property=\"og:locale:alternate\" content=\"ru_RU\" \/>\n<meta property=\"og:locale:alternate\" content=\"en_US\" \/>\n<meta property=\"og:locale:alternate\" content=\"pt_PT\" \/>\n<meta property=\"og:locale:alternate\" content=\"ro_RO\" \/>\n<meta property=\"og:locale:alternate\" content=\"sr_RS\" \/>\n<meta property=\"og:locale:alternate\" content=\"bg_BG\" \/>\n<meta property=\"og:locale:alternate\" content=\"pl_PL\" \/>\n<meta property=\"og:type\" content=\"article\" \/>\n<meta property=\"og:title\" content=\"Gra w JetX w kasynach online na prawdziwe pieni\u0105dze\" \/>\n<meta property=\"og:description\" content=\"Gra online JetX na pieni\u0105dze w najlepszych kasynach online w Brazylii i na ca\u0142ym \u015bwiecie. Graj i wygrywaj. Bonusy dla nowych i do\u015bwiadczonych graczy. Aplikacja, bonusy. Rejestracja na stronie kasyna.\" \/>\n<meta property=\"og:url\" content=\"https:\/\/jetxwingamebrazil.com\/es\/\" \/>\n<meta property=\"og:site_name\" content=\"JetX\" \/>\n<meta property=\"article:modified_time\" content=\"2024-03-20T00:44:58+00:00\" \/>\n<meta property=\"og:image\" content=\"https:\/\/jetxwingamebrazil.com\/wp-content\/uploads\/game-jetx.webp\" \/>\n\t<meta property=\"og:image:width\" content=\"1473\" \/>\n\t<meta property=\"og:image:height\" content=\"770\" \/>\n\t<meta property=\"og:image:type\" content=\"image\/webp\" \/>\n<meta name=\"twitter:card\" content=\"summary_large_image\" \/>\n<meta name=\"twitter:label1\" content=\"Tiempo de lectura\" \/>\n\t<meta name=\"twitter:data1\" content=\"22 minutos\" \/>\n<script type=\"application\/ld+json\" class=\"yoast-schema-graph\">{\"@context\":\"https:\/\/schema.org\",\"@graph\":[{\"@type\":\"WebPage\",\"@id\":\"https:\/\/jetxwingamebrazil.com\/\",\"url\":\"https:\/\/jetxwingamebrazil.com\/\",\"name\":\"Gra w JetX w kasynach online na prawdziwe pieni\u0105dze\",\"isPartOf\":{\"@id\":\"https:\/\/jetxwingamebrazil.com\/#website\"},\"primaryImageOfPage\":{\"@id\":\"https:\/\/jetxwingamebrazil.com\/#primaryimage\"},\"image\":{\"@id\":\"https:\/\/jetxwingamebrazil.com\/#primaryimage\"},\"thumbnailUrl\":\"https:\/\/jetxwingamebrazil.com\/wp-content\/uploads\/game-jetx.webp\",\"datePublished\":\"2024-03-16T13:28:42+00:00\",\"dateModified\":\"2024-03-20T00:44:58+00:00\",\"description\":\"Gra online JetX na pieni\u0105dze w najlepszych kasynach online w Brazylii i na ca\u0142ym \u015bwiecie. Graj i wygrywaj. Bonusy dla nowych i do\u015bwiadczonych graczy. Aplikacja, bonusy. Rejestracja na stronie kasyna.\",\"breadcrumb\":{\"@id\":\"https:\/\/jetxwingamebrazil.com\/#breadcrumb\"},\"inLanguage\":\"es-ES\",\"potentialAction\":[{\"@type\":\"ReadAction\",\"target\":[\"https:\/\/jetxwingamebrazil.com\/\"]}]},{\"@type\":\"ImageObject\",\"inLanguage\":\"es-ES\",\"@id\":\"https:\/\/jetxwingamebrazil.com\/#primaryimage\",\"url\":\"https:\/\/jetxwingamebrazil.com\/wp-content\/uploads\/game-jetx.webp\",\"contentUrl\":\"https:\/\/jetxwingamebrazil.com\/wp-content\/uploads\/game-jetx.webp\",\"width\":1473,\"height\":770},{\"@type\":\"BreadcrumbList\",\"@id\":\"https:\/\/jetxwingamebrazil.com\/#breadcrumb\",\"itemListElement\":[{\"@type\":\"ListItem\",\"position\":1,\"name\":\"\u0413\u043b\u0430\u0432\u043d\u0430\u044f \u0441\u0442\u0440\u0430\u043d\u0438\u0446\u0430\",\"item\":\"https:\/\/jetxwingamebrazil.com\/\"},{\"@type\":\"ListItem\",\"position\":2,\"name\":\"Gra JetX &#8212; graj na prawdziwe pieni\u0105dze\"}]},{\"@type\":\"WebSite\",\"@id\":\"https:\/\/jetxwingamebrazil.com\/#website\",\"url\":\"https:\/\/jetxwingamebrazil.com\/\",\"name\":\"JetX\",\"description\":\"\",\"publisher\":{\"@id\":\"https:\/\/jetxwingamebrazil.com\/#organization\"},\"potentialAction\":[{\"@type\":\"SearchAction\",\"target\":{\"@type\":\"EntryPoint\",\"urlTemplate\":\"https:\/\/jetxwingamebrazil.com\/?s={search_term_string}\"},\"query-input\":{\"@type\":\"PropertyValueSpecification\",\"valueRequired\":true,\"valueName\":\"search_term_string\"}}],\"inLanguage\":\"es-ES\"},{\"@type\":\"Organization\",\"@id\":\"https:\/\/jetxwingamebrazil.com\/#organization\",\"name\":\"JetX\",\"url\":\"https:\/\/jetxwingamebrazil.com\/\",\"logo\":{\"@type\":\"ImageObject\",\"inLanguage\":\"es-ES\",\"@id\":\"https:\/\/jetxwingamebrazil.com\/#\/schema\/logo\/image\/\",\"url\":\"https:\/\/jetxwingamebrazil.com\/wp-content\/uploads\/jetx-slot-logo.png\",\"contentUrl\":\"https:\/\/jetxwingamebrazil.com\/wp-content\/uploads\/jetx-slot-logo.png\",\"width\":200,\"height\":101,\"caption\":\"JetX\"},\"image\":{\"@id\":\"https:\/\/jetxwingamebrazil.com\/#\/schema\/logo\/image\/\"}}]}<\/script>\n<!-- \/ Yoast SEO plugin. -->","yoast_head_json":{"title":"Gra w JetX w kasynach online na prawdziwe pieni\u0105dze","description":"Juego en l\u00ednea JetX por dinero en los mejores casinos en l\u00ednea en Brasil y en todo el mundo. Juega y gana. Bonos para jugadores nuevos y experimentados. Aplicaci\u00f3n, bonificaciones. Registro en el sitio web del casino.","robots":{"index":"index","follow":"follow","max-snippet":"max-snippet:-1","max-image-preview":"max-image-preview:large","max-video-preview":"max-video-preview:-1"},"canonical":"https:\/\/jetxwingamebrazil.com\/es\/","og_locale":"es_ES","og_type":"article","og_title":"Gra w JetX w kasynach online na prawdziwe pieni\u0105dze","og_description":"Gra online JetX na pieni\u0105dze w najlepszych kasynach online w Brazylii i na ca\u0142ym \u015bwiecie. Graj i wygrywaj. Bonusy dla nowych i do\u015bwiadczonych graczy. Aplikacja, bonusy. Rejestracja na stronie kasyna.","og_url":"https:\/\/jetxwingamebrazil.com\/es\/","og_site_name":"JetX","article_modified_time":"2024-03-20T00:44:58+00:00","og_image":[{"width":1473,"height":770,"url":"https:\/\/jetxwingamebrazil.com\/wp-content\/uploads\/game-jetx.webp","type":"image\/webp"}],"twitter_card":"summary_large_image","twitter_misc":{"Tiempo de lectura":"22 minutos"},"schema":{"@context":"https:\/\/schema.org","@graph":[{"@type":"WebPage","@id":"https:\/\/jetxwingamebrazil.com\/","url":"https:\/\/jetxwingamebrazil.com\/","name":"Gra w JetX w kasynach online na prawdziwe pieni\u0105dze","isPartOf":{"@id":"https:\/\/jetxwingamebrazil.com\/#website"},"primaryImageOfPage":{"@id":"https:\/\/jetxwingamebrazil.com\/#primaryimage"},"image":{"@id":"https:\/\/jetxwingamebrazil.com\/#primaryimage"},"thumbnailUrl":"https:\/\/jetxwingamebrazil.com\/wp-content\/uploads\/game-jetx.webp","datePublished":"2024-03-16T13:28:42+00:00","dateModified":"2024-03-20T00:44:58+00:00","description":"Gra online JetX na pieni\u0105dze w najlepszych kasynach online w Brazylii i na ca\u0142ym \u015bwiecie. Graj i wygrywaj. Bonusy dla nowych i do\u015bwiadczonych graczy. Aplikacja, bonusy. Rejestracja na stronie kasyna.","breadcrumb":{"@id":"https:\/\/jetxwingamebrazil.com\/#breadcrumb"},"inLanguage":"es-ES","potentialAction":[{"@type":"ReadAction","target":["https:\/\/jetxwingamebrazil.com\/"]}]},{"@type":"ImageObject","inLanguage":"es-ES","@id":"https:\/\/jetxwingamebrazil.com\/#primaryimage","url":"https:\/\/jetxwingamebrazil.com\/wp-content\/uploads\/game-jetx.webp","contentUrl":"https:\/\/jetxwingamebrazil.com\/wp-content\/uploads\/game-jetx.webp","width":1473,"height":770},{"@type":"BreadcrumbList","@id":"https:\/\/jetxwingamebrazil.com\/#breadcrumb","itemListElement":[{"@type":"ListItem","position":1,"name":"\u0413\u043b\u0430\u0432\u043d\u0430\u044f \u0441\u0442\u0440\u0430\u043d\u0438\u0446\u0430","item":"https:\/\/jetxwingamebrazil.com\/"},{"@type":"ListItem","position":2,"name":"Gra JetX &#8212; graj na prawdziwe pieni\u0105dze"}]},{"@type":"WebSite","@id":"https:\/\/jetxwingamebrazil.com\/#website","url":"https:\/\/jetxwingamebrazil.com\/","name":"JetX","description":"","publisher":{"@id":"https:\/\/jetxwingamebrazil.com\/#organization"},"potentialAction":[{"@type":"SearchAction","target":{"@type":"EntryPoint","urlTemplate":"https:\/\/jetxwingamebrazil.com\/?s={search_term_string}"},"query-input":{"@type":"PropertyValueSpecification","valueRequired":true,"valueName":"search_term_string"}}],"inLanguage":"es-ES"},{"@type":"Organization","@id":"https:\/\/jetxwingamebrazil.com\/#organization","name":"JetX","url":"https:\/\/jetxwingamebrazil.com\/","logo":{"@type":"ImageObject","inLanguage":"es-ES","@id":"https:\/\/jetxwingamebrazil.com\/#\/schema\/logo\/image\/","url":"https:\/\/jetxwingamebrazil.com\/wp-content\/uploads\/jetx-slot-logo.png","contentUrl":"https:\/\/jetxwingamebrazil.com\/wp-content\/uploads\/jetx-slot-logo.png","width":200,"height":101,"caption":"JetX"},"image":{"@id":"https:\/\/jetxwingamebrazil.com\/#\/schema\/logo\/image\/"}}]}},"_links":{"self":[{"href":"https:\/\/jetxwingamebrazil.com\/es\/wp-json\/wp\/v2\/pages\/9","targetHints":{"allow":["GET"]}}],"collection":[{"href":"https:\/\/jetxwingamebrazil.com\/es\/wp-json\/wp\/v2\/pages"}],"about":[{"href":"https:\/\/jetxwingamebrazil.com\/es\/wp-json\/wp\/v2\/types\/page"}],"author":[{"embeddable":true,"href":"https:\/\/jetxwingamebrazil.com\/es\/wp-json\/wp\/v2\/users\/1"}],"replies":[{"embeddable":true,"href":"https:\/\/jetxwingamebrazil.com\/es\/wp-json\/wp\/v2\/comments?post=9"}],"version-history":[{"count":17,"href":"https:\/\/jetxwingamebrazil.com\/es\/wp-json\/wp\/v2\/pages\/9\/revisions"}],"predecessor-version":[{"id":125,"href":"https:\/\/jetxwingamebrazil.com\/es\/wp-json\/wp\/v2\/pages\/9\/revisions\/125"}],"wp:featuredmedia":[{"embeddable":true,"href":"https:\/\/jetxwingamebrazil.com\/es\/wp-json\/wp\/v2\/media\/144"}],"wp:attachment":[{"href":"https:\/\/jetxwingamebrazil.com\/es\/wp-json\/wp\/v2\/media?parent=9"}],"curies":[{"name":"wp","href":"https:\/\/api.w.org\/{rel}","templated":true}]}}