{"id":11,"date":"2024-03-16T16:35:26","date_gmt":"2024-03-16T13:35:26","guid":{"rendered":"https:\/\/jetxwingamebrazil.com\/?page_id=11"},"modified":"2024-03-18T01:25:43","modified_gmt":"2024-03-17T22:25:43","slug":"how-to-play-jetx","status":"publish","type":"page","link":"https:\/\/jetxwingamebrazil.com\/pl\/how-to-play-jetx\/","title":{"rendered":"Jak gra\u0107 w JetX"},"content":{"rendered":"<p>Mo\u017cesz postawi\u0107 jedno lub dwa zak\u0142ady na ten sam lot w JetX. U\u017cyj przycisk\u00f3w +\/- obok ka\u017cdej opcji zak\u0142adu, aby dostosowa\u0107 jego wielko\u015b\u0107.<\/p>\n<p>Spr\u00f3buj wspi\u0105\u0107 si\u0119 jak najwy\u017cej i wyp\u0142a\u0107 swoje \u015brodki przed wybuchem samolotu.<\/p>\n<p>U\u017cyj wspomnianej wcze\u015bniej funkcji automatycznej gry, aby automatycznie ustawi\u0107 t\u0119 sam\u0105 warto\u015b\u0107 zak\u0142adu w ka\u017cdej nowej rundzie. Mo\u017cna to zrobi\u0107 dla jednego lub obu wybranych zak\u0142ad\u00f3w.<\/p>\n<h2><strong>Zasady Gry w Jet X<\/strong><\/h2>\n<p>Gra JetX nie ma skomplikowanych zasad. Mechanika gry jest do\u015b\u0107 prosta:<\/p>\n<ul>\n<li>Gracze musz\u0105 przewidzie\u0107, kiedy nast\u0105pi za\u0142amanie mno\u017cnika gry, wybieraj\u0105c punkt wyp\u0142aty.<\/li>\n<li>Nie ma skomplikowanego systemu punktacji, zaawansowanych tryb\u00f3w gry ani zaawansowanych strategii.<\/li>\n<\/ul>\n<p>Zak\u0142ady w JetX s\u0105 r\u00f3wnie\u017c proste. Gracze po prostu dostosowuj\u0105 wysoko\u015b\u0107 zak\u0142adu w ka\u017cdej rundzie, zaczynaj\u0105c od $0.10.<\/p>\n<p>Jedynym celem jest prosty, binarny wynik wygranej\/przegranej oparty na jasnym mechanizmie wyp\u0142aty.<\/p>\n<p>Gracze mog\u0105 wybiera\u0107 mi\u0119dzy automatycznymi i manualnymi metodami wyp\u0142aty:<\/p>\n<ul>\n<li>Wyp\u0142ata manualna &#8211; po prostu naci\u015bnij przycisk &#8222;wyp\u0142ata&#8221; przed katastrof\u0105.<\/li>\n<li>Automatyczna wyp\u0142ata &#8211; ustaw preferowany mno\u017cnik przed rozpocz\u0119ciem rundy. Je\u015bli katastrofa nie nast\u0105pi przed osi\u0105gni\u0119ciem tego mno\u017cnika, gracze automatycznie wyp\u0142ac\u0105 swoje zak\u0142ady pomno\u017cone przez mno\u017cnik.<\/li>\n<\/ul>\n<h2><strong>Porady i Strategie do Gry w JetX<\/strong><\/h2>\n<p>Strategie zak\u0142ad\u00f3w w grach crash mog\u0105 by\u0107 r\u00f3\u017cnorodne. Oto kilka przyk\u0142ad\u00f3w, kt\u00f3re mog\u0105 pom\u00f3c zwi\u0119kszy\u0107 Twoje szanse na wygran\u0105 w JetX:<\/p>\n<ul>\n<li>\n<h3><strong>Strategia Sta\u0142ego Mno\u017cnika<\/strong><\/h3>\n<\/li>\n<\/ul>\n<p>Wybierasz ustalony mno\u017cnik, na przyk\u0142ad 2x lub 5x, i automatycznie wyp\u0142acasz \u015brodki za ka\u017cdym razem, gdy osi\u0105gniesz t\u0119 warto\u015b\u0107. Ta strategia ma na celu zapewnienie stabilnego dochodu.<\/p>\n<p>Ustaw automatyczn\u0105 wyp\u0142at\u0119 na wybrany mno\u017cnik (np. 2x).<\/p>\n<p>Powtarzaj zak\u0142ady w ka\u017cdej rundzie, nie zmieniaj\u0105c mno\u017cnika automatycznej wyp\u0142aty.<\/p>\n<p>Je\u015bli obstawisz 100 monet i ustawisz automatyczn\u0105 wyp\u0142at\u0119 na 2x, Tw\u00f3j zak\u0142ad automatycznie zamknie si\u0119, gdy osi\u0105gniesz mno\u017cnik 2x, i otrzymasz 200 monet.<\/p>\n<ul>\n<li>\n<h3><strong>Stop-Loss na Ogonie<\/strong><\/h3>\n<\/li>\n<\/ul>\n<p>Ta strategia polega na wyp\u0142acaniu cz\u0119\u015bci \u015brodk\u00f3w poni\u017cej osi\u0105gni\u0119tego szczytu mno\u017cnika, aby zabezpieczy\u0107 zyski przed ewentualnym katastrofalnym zdarzeniem.<\/p>\n<p>Zidentyfikuj szczytowy mno\u017cnik podczas gry.<\/p>\n<p>Ustaw automatyczn\u0105 wyp\u0142at\u0119 nieco poni\u017cej tego szczytu.<\/p>\n<p>Je\u015bli mno\u017cnik osi\u0105gnie 10x, mo\u017cesz ustawi\u0107 automatyczn\u0105 wyp\u0142at\u0119 na 9x, aby chroni\u0107 si\u0119 przed nag\u0142ym za\u0142amaniem.<\/p>\n<ul>\n<li>\n<h3><strong>Strategia Martingale&#8217;a<\/strong><\/h3>\n<\/li>\n<\/ul>\n<p>Po ka\u017cdej przegranej zwi\u0119kszaj wielko\u015b\u0107 zak\u0142adu, aby wygrana pokry\u0142a poprzednie straty i przynios\u0142a zysk. Wa\u017cne jest, aby mie\u0107 wystarczaj\u0105cy kapita\u0142, aby wytrzyma\u0107 seri\u0119 pora\u017cek.<\/p>\n<p>Zacznij od ma\u0142ego zak\u0142adu.<\/p>\n<p>Po ka\u017cdej przegranej podw\u00f3j wielko\u015b\u0107 zak\u0142adu.<\/p>\n<p>Po wygranej wr\u00f3\u0107 do pocz\u0105tkowego zak\u0142adu.<\/p>\n<p>Na przyk\u0142ad zacznij od 100 monet. Je\u015bli przegrasz, nast\u0119pny zak\u0142ad b\u0119dzie wynosi\u0142 200 monet. Je\u015bli przegrasz ponownie, postaw 400 monet. Je\u015bli wygrasz 400 monet, gdy mno\u017cnik wynosi na przyk\u0142ad 2x, otrzymasz 800 monet, pokrywaj\u0105c poprzednie straty i odnosz\u0105c zysk, a nast\u0119pnie wr\u00f3\u0107 do zak\u0142adu na 100 monet.<\/p>\n<ul>\n<li>\n<h3><strong>\u015aledzenie Statystyk<\/strong><\/h3>\n<\/li>\n<\/ul>\n<p>Zapisuj wyniki ka\u017cdej gry, aby analizowa\u0107 \u015brednie warto\u015bci mno\u017cnika przy katastrofie i dostosowywa\u0107 strategi\u0119 wyp\u0142aty.<\/p>\n<p>Zachowuj statystyki wszystkich swoich gier.<\/p>\n<p>Analizuj zebrane dane, aby okre\u015bli\u0107 optymalny czas wyp\u0142aty.<\/p>\n<p>Je\u015bli po analizie 10 gier zauwa\u017cysz, \u017ce wi\u0119kszo\u015b\u0107 katastrof wyst\u0119puje w okolicach 3x, ustaw automatyczn\u0105 wyp\u0142at\u0119 na 2.8x lub 2.9x.<\/p>\n<ul>\n<li>\n<h3><strong>Post\u0119powe Zak\u0142ady<\/strong><\/h3>\n<\/li>\n<\/ul>\n<p>Stopniowo zwi\u0119kszaj wielko\u015b\u0107 zak\u0142adu w miar\u0119 wzrostu mno\u017cnika, aby maksymalizowa\u0107 wygrane i minimalizowa\u0107 wczesne straty.<\/p>\n<p>Zacznij od minimalnego zak\u0142adu.<\/p>\n<p>Wraz ze wzrostem mno\u017cnika zwi\u0119kszaj zak\u0142ad zgodnie z kapita\u0142em i strategi\u0105 ryzyka.<\/p>\n<p>Zacznij od 100 monet; je\u015bli mno\u017cnik osi\u0105gnie 2x, postaw nast\u0119pny zak\u0142ad na 200 monet, i tak dalej, a\u017c poczujesz potrzeb\u0119 wyp\u0142aty.<\/p>\n","protected":false},"excerpt":{"rendered":"<p>Mo\u017cesz postawi\u0107 jedno lub dwa zak\u0142ady na ten sam lot w JetX. U\u017cyj przycisk\u00f3w +\/- obok ka\u017cdej opcji zak\u0142adu, aby dostosowa\u0107 jego wielko\u015b\u0107. Spr\u00f3buj wspi\u0105\u0107 si\u0119 jak najwy\u017cej i wyp\u0142a\u0107 swoje \u015brodki przed wybuchem samolotu.<span class=\"more-button\"><a href=\"https:\/\/jetxwingamebrazil.com\/pl\/how-to-play-jetx\/\" class=\"more-link\">Continue reading<span class=\"screen-reader-text\">Jak gra\u0107 w JetX<\/span><i class=\"fa fa-angle-right\" aria-hidden=\"true\"><\/i><\/a><\/span><\/p>\n","protected":false},"author":1,"featured_media":0,"parent":0,"menu_order":0,"comment_status":"closed","ping_status":"closed","template":"","meta":{"footnotes":""},"class_list":["post-11","page","type-page","status-publish","hentry"],"yoast_head":"<!-- This site is optimized with the Yoast SEO plugin v27.2 - https:\/\/yoast.com\/product\/yoast-seo-wordpress\/ -->\n<title>\u041a\u0430\u043a \u0438\u0433\u0440\u0430\u0442\u044c \u0432 \u043e\u043d\u043b\u0430\u0439\u043d \u0438\u0433\u0440\u0443 JetX \u0432 \u043a\u0430\u0437\u0438\u043d\u043e<\/title>\n<meta name=\"description\" content=\"Graj\u0105c i wygrywaj\u0105c w grze JetX. Zasady gry. Strategie i taktyki. Jak wygra\u0107 i jak gra\u0107 w JetX poprawnie. Porady dotycz\u0105ce wyboru strategii gry JetX.\" \/>\n<meta name=\"robots\" content=\"index, follow, max-snippet:-1, max-image-preview:large, max-video-preview:-1\" \/>\n<link rel=\"canonical\" href=\"https:\/\/jetxwingamebrazil.com\/pl\/how-to-play-jetx\/\" \/>\n<meta property=\"og:locale\" content=\"pl_PL\" \/>\n<meta property=\"og:locale:alternate\" content=\"ru_RU\" \/>\n<meta property=\"og:locale:alternate\" content=\"en_US\" \/>\n<meta property=\"og:locale:alternate\" content=\"pt_PT\" \/>\n<meta property=\"og:locale:alternate\" content=\"es_ES\" \/>\n<meta property=\"og:locale:alternate\" content=\"ro_RO\" \/>\n<meta property=\"og:locale:alternate\" content=\"sr_RS\" \/>\n<meta property=\"og:locale:alternate\" content=\"bg_BG\" \/>\n<meta property=\"og:type\" content=\"article\" \/>\n<meta property=\"og:title\" content=\"\u041a\u0430\u043a \u0438\u0433\u0440\u0430\u0442\u044c \u0432 \u043e\u043d\u043b\u0430\u0439\u043d \u0438\u0433\u0440\u0443 JetX \u0432 \u043a\u0430\u0437\u0438\u043d\u043e\" \/>\n<meta property=\"og:description\" content=\"\u0418\u0433\u0440\u0430\u0442\u044c \u0438 \u043f\u043e\u0431\u0435\u0436\u0434\u0430\u0442\u044c \u0432 \u0438\u0433\u0440\u0435 JetX. \u041f\u0440\u0430\u0432\u0438\u043b\u0430 \u0438\u0433\u0440\u044b. \u0421\u0442\u0440\u0430\u0442\u0435\u0433\u0438\u0438 \u0438 \u0442\u0430\u043a\u0442\u0438\u043a\u0438. \u041a\u0430\u043a \u0432\u044b\u0438\u0433\u0440\u0430\u0442\u044c \u0438 \u043a\u0430\u043a \u043f\u0440\u0430\u0432\u0438\u043b\u044c\u043d\u043e \u0438\u0433\u0440\u0430\u0442\u044c \u0432 JetX. \u0421\u043e\u0432\u0435\u0442\u044b \u0434\u043b\u044f \u0432\u044b\u0431\u043e\u0440\u0430 \u0441\u0442\u0440\u0430\u0442\u0435\u0433\u0438\u0438 \u0438\u0433\u0440\u044b JetX\" \/>\n<meta property=\"og:url\" content=\"https:\/\/jetxwingamebrazil.com\/pl\/how-to-play-jetx\/\" \/>\n<meta property=\"og:site_name\" content=\"JetX\" \/>\n<meta property=\"article:modified_time\" content=\"2024-03-17T22:25:43+00:00\" \/>\n<meta name=\"twitter:card\" content=\"summary_large_image\" \/>\n<meta name=\"twitter:label1\" content=\"Szacowany czas czytania\" \/>\n\t<meta name=\"twitter:data1\" content=\"17 minut\" \/>\n<script type=\"application\/ld+json\" class=\"yoast-schema-graph\">{\"@context\":\"https:\/\/schema.org\",\"@graph\":[{\"@type\":\"WebPage\",\"@id\":\"https:\/\/jetxwingamebrazil.com\/how-to-play-jetx\/\",\"url\":\"https:\/\/jetxwingamebrazil.com\/how-to-play-jetx\/\",\"name\":\"\u041a\u0430\u043a \u0438\u0433\u0440\u0430\u0442\u044c \u0432 \u043e\u043d\u043b\u0430\u0439\u043d \u0438\u0433\u0440\u0443 JetX \u0432 \u043a\u0430\u0437\u0438\u043d\u043e\",\"isPartOf\":{\"@id\":\"https:\/\/jetxwingamebrazil.com\/#website\"},\"datePublished\":\"2024-03-16T13:35:26+00:00\",\"dateModified\":\"2024-03-17T22:25:43+00:00\",\"description\":\"\u0418\u0433\u0440\u0430\u0442\u044c \u0438 \u043f\u043e\u0431\u0435\u0436\u0434\u0430\u0442\u044c \u0432 \u0438\u0433\u0440\u0435 JetX. \u041f\u0440\u0430\u0432\u0438\u043b\u0430 \u0438\u0433\u0440\u044b. \u0421\u0442\u0440\u0430\u0442\u0435\u0433\u0438\u0438 \u0438 \u0442\u0430\u043a\u0442\u0438\u043a\u0438. \u041a\u0430\u043a \u0432\u044b\u0438\u0433\u0440\u0430\u0442\u044c \u0438 \u043a\u0430\u043a \u043f\u0440\u0430\u0432\u0438\u043b\u044c\u043d\u043e \u0438\u0433\u0440\u0430\u0442\u044c \u0432 JetX. \u0421\u043e\u0432\u0435\u0442\u044b \u0434\u043b\u044f \u0432\u044b\u0431\u043e\u0440\u0430 \u0441\u0442\u0440\u0430\u0442\u0435\u0433\u0438\u0438 \u0438\u0433\u0440\u044b JetX\",\"breadcrumb\":{\"@id\":\"https:\/\/jetxwingamebrazil.com\/how-to-play-jetx\/#breadcrumb\"},\"inLanguage\":\"pl-PL\",\"potentialAction\":[{\"@type\":\"ReadAction\",\"target\":[\"https:\/\/jetxwingamebrazil.com\/how-to-play-jetx\/\"]}]},{\"@type\":\"BreadcrumbList\",\"@id\":\"https:\/\/jetxwingamebrazil.com\/how-to-play-jetx\/#breadcrumb\",\"itemListElement\":[{\"@type\":\"ListItem\",\"position\":1,\"name\":\"\u0413\u043b\u0430\u0432\u043d\u0430\u044f \u0441\u0442\u0440\u0430\u043d\u0438\u0446\u0430\",\"item\":\"https:\/\/jetxwingamebrazil.com\/\"},{\"@type\":\"ListItem\",\"position\":2,\"name\":\"\u041a\u0430\u043a \u0438\u0433\u0440\u0430\u0442\u044c \u0432 JetX\"}]},{\"@type\":\"WebSite\",\"@id\":\"https:\/\/jetxwingamebrazil.com\/#website\",\"url\":\"https:\/\/jetxwingamebrazil.com\/\",\"name\":\"JetX\",\"description\":\"\",\"publisher\":{\"@id\":\"https:\/\/jetxwingamebrazil.com\/#organization\"},\"potentialAction\":[{\"@type\":\"SearchAction\",\"target\":{\"@type\":\"EntryPoint\",\"urlTemplate\":\"https:\/\/jetxwingamebrazil.com\/?s={search_term_string}\"},\"query-input\":{\"@type\":\"PropertyValueSpecification\",\"valueRequired\":true,\"valueName\":\"search_term_string\"}}],\"inLanguage\":\"pl-PL\"},{\"@type\":\"Organization\",\"@id\":\"https:\/\/jetxwingamebrazil.com\/#organization\",\"name\":\"JetX\",\"url\":\"https:\/\/jetxwingamebrazil.com\/\",\"logo\":{\"@type\":\"ImageObject\",\"inLanguage\":\"pl-PL\",\"@id\":\"https:\/\/jetxwingamebrazil.com\/#\/schema\/logo\/image\/\",\"url\":\"https:\/\/jetxwingamebrazil.com\/wp-content\/uploads\/jetx-slot-logo.png\",\"contentUrl\":\"https:\/\/jetxwingamebrazil.com\/wp-content\/uploads\/jetx-slot-logo.png\",\"width\":200,\"height\":101,\"caption\":\"JetX\"},\"image\":{\"@id\":\"https:\/\/jetxwingamebrazil.com\/#\/schema\/logo\/image\/\"}}]}<\/script>\n<!-- \/ Yoast SEO plugin. -->","yoast_head_json":{"title":"\u041a\u0430\u043a \u0438\u0433\u0440\u0430\u0442\u044c \u0432 \u043e\u043d\u043b\u0430\u0439\u043d \u0438\u0433\u0440\u0443 JetX \u0432 \u043a\u0430\u0437\u0438\u043d\u043e","description":"Graj\u0105c i wygrywaj\u0105c w grze JetX. Zasady gry. Strategie i taktyki. Jak wygra\u0107 i jak gra\u0107 w JetX poprawnie. Porady dotycz\u0105ce wyboru strategii gry JetX.","robots":{"index":"index","follow":"follow","max-snippet":"max-snippet:-1","max-image-preview":"max-image-preview:large","max-video-preview":"max-video-preview:-1"},"canonical":"https:\/\/jetxwingamebrazil.com\/pl\/how-to-play-jetx\/","og_locale":"pl_PL","og_type":"article","og_title":"\u041a\u0430\u043a \u0438\u0433\u0440\u0430\u0442\u044c \u0432 \u043e\u043d\u043b\u0430\u0439\u043d \u0438\u0433\u0440\u0443 JetX \u0432 \u043a\u0430\u0437\u0438\u043d\u043e","og_description":"\u0418\u0433\u0440\u0430\u0442\u044c \u0438 \u043f\u043e\u0431\u0435\u0436\u0434\u0430\u0442\u044c \u0432 \u0438\u0433\u0440\u0435 JetX. \u041f\u0440\u0430\u0432\u0438\u043b\u0430 \u0438\u0433\u0440\u044b. \u0421\u0442\u0440\u0430\u0442\u0435\u0433\u0438\u0438 \u0438 \u0442\u0430\u043a\u0442\u0438\u043a\u0438. \u041a\u0430\u043a \u0432\u044b\u0438\u0433\u0440\u0430\u0442\u044c \u0438 \u043a\u0430\u043a \u043f\u0440\u0430\u0432\u0438\u043b\u044c\u043d\u043e \u0438\u0433\u0440\u0430\u0442\u044c \u0432 JetX. \u0421\u043e\u0432\u0435\u0442\u044b \u0434\u043b\u044f \u0432\u044b\u0431\u043e\u0440\u0430 \u0441\u0442\u0440\u0430\u0442\u0435\u0433\u0438\u0438 \u0438\u0433\u0440\u044b JetX","og_url":"https:\/\/jetxwingamebrazil.com\/pl\/how-to-play-jetx\/","og_site_name":"JetX","article_modified_time":"2024-03-17T22:25:43+00:00","twitter_card":"summary_large_image","twitter_misc":{"Szacowany czas czytania":"17 minut"},"schema":{"@context":"https:\/\/schema.org","@graph":[{"@type":"WebPage","@id":"https:\/\/jetxwingamebrazil.com\/how-to-play-jetx\/","url":"https:\/\/jetxwingamebrazil.com\/how-to-play-jetx\/","name":"\u041a\u0430\u043a \u0438\u0433\u0440\u0430\u0442\u044c \u0432 \u043e\u043d\u043b\u0430\u0439\u043d \u0438\u0433\u0440\u0443 JetX \u0432 \u043a\u0430\u0437\u0438\u043d\u043e","isPartOf":{"@id":"https:\/\/jetxwingamebrazil.com\/#website"},"datePublished":"2024-03-16T13:35:26+00:00","dateModified":"2024-03-17T22:25:43+00:00","description":"\u0418\u0433\u0440\u0430\u0442\u044c \u0438 \u043f\u043e\u0431\u0435\u0436\u0434\u0430\u0442\u044c \u0432 \u0438\u0433\u0440\u0435 JetX. \u041f\u0440\u0430\u0432\u0438\u043b\u0430 \u0438\u0433\u0440\u044b. \u0421\u0442\u0440\u0430\u0442\u0435\u0433\u0438\u0438 \u0438 \u0442\u0430\u043a\u0442\u0438\u043a\u0438. \u041a\u0430\u043a \u0432\u044b\u0438\u0433\u0440\u0430\u0442\u044c \u0438 \u043a\u0430\u043a \u043f\u0440\u0430\u0432\u0438\u043b\u044c\u043d\u043e \u0438\u0433\u0440\u0430\u0442\u044c \u0432 JetX. \u0421\u043e\u0432\u0435\u0442\u044b \u0434\u043b\u044f \u0432\u044b\u0431\u043e\u0440\u0430 \u0441\u0442\u0440\u0430\u0442\u0435\u0433\u0438\u0438 \u0438\u0433\u0440\u044b JetX","breadcrumb":{"@id":"https:\/\/jetxwingamebrazil.com\/how-to-play-jetx\/#breadcrumb"},"inLanguage":"pl-PL","potentialAction":[{"@type":"ReadAction","target":["https:\/\/jetxwingamebrazil.com\/how-to-play-jetx\/"]}]},{"@type":"BreadcrumbList","@id":"https:\/\/jetxwingamebrazil.com\/how-to-play-jetx\/#breadcrumb","itemListElement":[{"@type":"ListItem","position":1,"name":"\u0413\u043b\u0430\u0432\u043d\u0430\u044f \u0441\u0442\u0440\u0430\u043d\u0438\u0446\u0430","item":"https:\/\/jetxwingamebrazil.com\/"},{"@type":"ListItem","position":2,"name":"\u041a\u0430\u043a \u0438\u0433\u0440\u0430\u0442\u044c \u0432 JetX"}]},{"@type":"WebSite","@id":"https:\/\/jetxwingamebrazil.com\/#website","url":"https:\/\/jetxwingamebrazil.com\/","name":"JetX","description":"","publisher":{"@id":"https:\/\/jetxwingamebrazil.com\/#organization"},"potentialAction":[{"@type":"SearchAction","target":{"@type":"EntryPoint","urlTemplate":"https:\/\/jetxwingamebrazil.com\/?s={search_term_string}"},"query-input":{"@type":"PropertyValueSpecification","valueRequired":true,"valueName":"search_term_string"}}],"inLanguage":"pl-PL"},{"@type":"Organization","@id":"https:\/\/jetxwingamebrazil.com\/#organization","name":"JetX","url":"https:\/\/jetxwingamebrazil.com\/","logo":{"@type":"ImageObject","inLanguage":"pl-PL","@id":"https:\/\/jetxwingamebrazil.com\/#\/schema\/logo\/image\/","url":"https:\/\/jetxwingamebrazil.com\/wp-content\/uploads\/jetx-slot-logo.png","contentUrl":"https:\/\/jetxwingamebrazil.com\/wp-content\/uploads\/jetx-slot-logo.png","width":200,"height":101,"caption":"JetX"},"image":{"@id":"https:\/\/jetxwingamebrazil.com\/#\/schema\/logo\/image\/"}}]}},"_links":{"self":[{"href":"https:\/\/jetxwingamebrazil.com\/pl\/wp-json\/wp\/v2\/pages\/11","targetHints":{"allow":["GET"]}}],"collection":[{"href":"https:\/\/jetxwingamebrazil.com\/pl\/wp-json\/wp\/v2\/pages"}],"about":[{"href":"https:\/\/jetxwingamebrazil.com\/pl\/wp-json\/wp\/v2\/types\/page"}],"author":[{"embeddable":true,"href":"https:\/\/jetxwingamebrazil.com\/pl\/wp-json\/wp\/v2\/users\/1"}],"replies":[{"embeddable":true,"href":"https:\/\/jetxwingamebrazil.com\/pl\/wp-json\/wp\/v2\/comments?post=11"}],"version-history":[{"count":16,"href":"https:\/\/jetxwingamebrazil.com\/pl\/wp-json\/wp\/v2\/pages\/11\/revisions"}],"predecessor-version":[{"id":127,"href":"https:\/\/jetxwingamebrazil.com\/pl\/wp-json\/wp\/v2\/pages\/11\/revisions\/127"}],"wp:attachment":[{"href":"https:\/\/jetxwingamebrazil.com\/pl\/wp-json\/wp\/v2\/media?parent=11"}],"curies":[{"name":"wp","href":"https:\/\/api.w.org\/{rel}","templated":true}]}}