{"id":15,"date":"2024-03-16T16:47:12","date_gmt":"2024-03-16T13:47:12","guid":{"rendered":"https:\/\/jetxwingamebrazil.com\/?page_id=15"},"modified":"2024-03-18T01:14:51","modified_gmt":"2024-03-17T22:14:51","slug":"jetx-demo-version","status":"publish","type":"page","link":"https:\/\/jetxwingamebrazil.com\/pl\/jetx-demo-version\/","title":{"rendered":"Wersja demonstracyjna JetX"},"content":{"rendered":"<p>Wersja demonstracyjna gry JetX to dok\u0142adna replika g\u0142\u00f3wnej gry granej na prawdziwe pieni\u0105dze, ale z mo\u017cliwo\u015bci\u0105 zawierania zak\u0142ad\u00f3w przy u\u017cyciu wirtualnego salda, eliminuj\u0105c ryzyko wydawania prawdziwych pieni\u0119dzy. To doskona\u0142a okazja dla graczy, aby zapozna\u0107 si\u0119 z mechanik\u0105 i funkcjami gry bez konieczno\u015bci inwestowania prawdziwych pieni\u0119dzy. Interfejs w wersji demonstracyjnej JetX jest ca\u0142kowicie identyczny z g\u0142\u00f3wn\u0105 gr\u0105, pozwalaj\u0105c graczowi ca\u0142kowicie zanurzy\u0107 si\u0119 w procesie i doceni\u0107 wszystkie niuanse gry. Jedynym minusem jest to, \u017ce granie w JetX za darmo nie pozwala na wygranie prawdziwych pieni\u0119dzy.<\/p>\n<h2><strong>Czy musz\u0119 si\u0119 zarejestrowa\u0107 w kasynie online, aby zagra\u0107 w demo JetX?<\/strong><\/h2>\n<p>Odpowied\u017a na to pytanie dotyczy wielu graczy kasyn online, kt\u00f3rzy interesuj\u0105 si\u0119 jedynie mo\u017cliwo\u015bci\u0105 gry w JetX. Jednoznacznej odpowiedzi na to pytanie nie mo\u017cna udzieli\u0107, poniewa\u017c odpowied\u017a zale\u017cy wy\u0142\u0105cznie od kasyna. W niekt\u00f3rych kasynach konieczna jest rejestracja nawet w celu gry w JetX za darmo, podczas gdy w niekt\u00f3rych kasynach online rejestracja nie jest w og\u00f3le wymagana, a gr\u0119 mo\u017cna rozpocz\u0105\u0107 zaraz po odwiedzeniu strony.<\/p>\n<p>Cz\u0119sto wersj\u0119 demonstracyjn\u0105 mo\u017cna znale\u017a\u0107 na stronach internetowych kasyn online, gdzie opcja gry na prawdziwe pieni\u0105dze jest po\u0142\u0105czona z opcj\u0105 wyboru trybu demonstracyjnego. Daje to graczom, zw\u0142aszcza nowicjuszom, mo\u017cliwo\u015b\u0107 poznania gry, jej funkcji i opracowania strategii gry bez ryzykowania w\u0142asnym portfelem przed przej\u015bciem do zak\u0142ad\u00f3w na prawdziwe pieni\u0105dze.<\/p>\n","protected":false},"excerpt":{"rendered":"<p>Wersja demonstracyjna gry JetX to dok\u0142adna replika g\u0142\u00f3wnej gry granej na prawdziwe pieni\u0105dze, ale z mo\u017cliwo\u015bci\u0105 zawierania zak\u0142ad\u00f3w przy u\u017cyciu wirtualnego salda, eliminuj\u0105c ryzyko wydawania prawdziwych pieni\u0119dzy. To doskona\u0142a okazja dla graczy, aby zapozna\u0107 si\u0119<span class=\"more-button\"><a href=\"https:\/\/jetxwingamebrazil.com\/pl\/jetx-demo-version\/\" class=\"more-link\">Continue reading<span class=\"screen-reader-text\">Wersja demonstracyjna JetX<\/span><i class=\"fa fa-angle-right\" aria-hidden=\"true\"><\/i><\/a><\/span><\/p>\n","protected":false},"author":1,"featured_media":0,"parent":0,"menu_order":0,"comment_status":"closed","ping_status":"closed","template":"","meta":{"footnotes":""},"class_list":["post-15","page","type-page","status-publish","hentry"],"yoast_head":"<!-- This site is optimized with the Yoast SEO plugin v27.2 - https:\/\/yoast.com\/product\/yoast-seo-wordpress\/ -->\n<title>\u0414\u0435\u043c\u043e \u0432\u0435\u0440\u0441\u0438\u044f \u0438\u0433\u0440\u044b JetX \u0434\u043b\u044f \u0431\u0435\u0441\u043f\u043b\u0430\u0442\u043d\u043e\u0439 \u0438\u0433\u0440\u044b<\/title>\n<meta name=\"description\" content=\"Zagraj w gr\u0119 online JetX za darmo. Darmowe spiny. Wersja demonstracyjna. Graj za darmo i wygrywaj prawdziwe pieni\u0105dze w kasynie online.\" \/>\n<meta name=\"robots\" content=\"index, follow, max-snippet:-1, max-image-preview:large, max-video-preview:-1\" \/>\n<link rel=\"canonical\" href=\"https:\/\/jetxwingamebrazil.com\/pl\/jetx-demo-version\/\" \/>\n<meta property=\"og:locale\" content=\"pl_PL\" \/>\n<meta property=\"og:locale:alternate\" content=\"ru_RU\" \/>\n<meta property=\"og:locale:alternate\" content=\"en_US\" \/>\n<meta property=\"og:locale:alternate\" content=\"pt_PT\" \/>\n<meta property=\"og:locale:alternate\" content=\"es_ES\" \/>\n<meta property=\"og:locale:alternate\" content=\"ro_RO\" \/>\n<meta property=\"og:locale:alternate\" content=\"sr_RS\" \/>\n<meta property=\"og:locale:alternate\" content=\"bg_BG\" \/>\n<meta property=\"og:type\" content=\"article\" \/>\n<meta property=\"og:title\" content=\"\u0414\u0435\u043c\u043e \u0432\u0435\u0440\u0441\u0438\u044f \u0438\u0433\u0440\u044b JetX \u0434\u043b\u044f \u0431\u0435\u0441\u043f\u043b\u0430\u0442\u043d\u043e\u0439 \u0438\u0433\u0440\u044b\" \/>\n<meta property=\"og:description\" content=\"\u0418\u0433\u0440\u0430\u0442\u044c \u0431\u0435\u0441\u043f\u043b\u0430\u0442\u043d\u043e \u0432 \u043e\u043d\u043b\u0430\u0439\u043d \u0438\u0433\u0440\u0443 JetX. \u0411\u0435\u0441\u043f\u043b\u0430\u0442\u043d\u044b\u0435 \u0432\u0440\u0430\u0449\u0435\u043d\u0438\u044f. \u0414\u0435\u043c\u043e \u0432\u0435\u0440\u0441\u0438\u044f. \u0418\u0433\u0440\u0430\u0442\u044c \u0431\u0435\u0441\u043f\u043b\u0430\u0442\u043d\u043e \u0438 \u0432\u044b\u0438\u0433\u0440\u044b\u0432\u0430\u0442\u044c \u043d\u0430\u0441\u0442\u043e\u044f\u0449\u0438\u0435 \u0434\u0435\u043d\u044c\u0433\u0438 \u0432 \u043e\u043d\u043b\u0430\u0439\u043d \u043a\u0430\u0437\u0438\u043d\u043e\" \/>\n<meta property=\"og:url\" content=\"https:\/\/jetxwingamebrazil.com\/pl\/jetx-demo-version\/\" \/>\n<meta property=\"og:site_name\" content=\"JetX\" \/>\n<meta property=\"article:modified_time\" content=\"2024-03-17T22:14:51+00:00\" \/>\n<meta name=\"twitter:card\" content=\"summary_large_image\" \/>\n<meta name=\"twitter:label1\" content=\"Szacowany czas czytania\" \/>\n\t<meta name=\"twitter:data1\" content=\"7 minut\" \/>\n<script type=\"application\/ld+json\" class=\"yoast-schema-graph\">{\"@context\":\"https:\/\/schema.org\",\"@graph\":[{\"@type\":\"WebPage\",\"@id\":\"https:\/\/jetxwingamebrazil.com\/jetx-demo-version\/\",\"url\":\"https:\/\/jetxwingamebrazil.com\/jetx-demo-version\/\",\"name\":\"\u0414\u0435\u043c\u043e \u0432\u0435\u0440\u0441\u0438\u044f \u0438\u0433\u0440\u044b JetX \u0434\u043b\u044f \u0431\u0435\u0441\u043f\u043b\u0430\u0442\u043d\u043e\u0439 \u0438\u0433\u0440\u044b\",\"isPartOf\":{\"@id\":\"https:\/\/jetxwingamebrazil.com\/#website\"},\"datePublished\":\"2024-03-16T13:47:12+00:00\",\"dateModified\":\"2024-03-17T22:14:51+00:00\",\"description\":\"\u0418\u0433\u0440\u0430\u0442\u044c \u0431\u0435\u0441\u043f\u043b\u0430\u0442\u043d\u043e \u0432 \u043e\u043d\u043b\u0430\u0439\u043d \u0438\u0433\u0440\u0443 JetX. \u0411\u0435\u0441\u043f\u043b\u0430\u0442\u043d\u044b\u0435 \u0432\u0440\u0430\u0449\u0435\u043d\u0438\u044f. \u0414\u0435\u043c\u043e \u0432\u0435\u0440\u0441\u0438\u044f. \u0418\u0433\u0440\u0430\u0442\u044c \u0431\u0435\u0441\u043f\u043b\u0430\u0442\u043d\u043e \u0438 \u0432\u044b\u0438\u0433\u0440\u044b\u0432\u0430\u0442\u044c \u043d\u0430\u0441\u0442\u043e\u044f\u0449\u0438\u0435 \u0434\u0435\u043d\u044c\u0433\u0438 \u0432 \u043e\u043d\u043b\u0430\u0439\u043d \u043a\u0430\u0437\u0438\u043d\u043e\",\"breadcrumb\":{\"@id\":\"https:\/\/jetxwingamebrazil.com\/jetx-demo-version\/#breadcrumb\"},\"inLanguage\":\"pl-PL\",\"potentialAction\":[{\"@type\":\"ReadAction\",\"target\":[\"https:\/\/jetxwingamebrazil.com\/jetx-demo-version\/\"]}]},{\"@type\":\"BreadcrumbList\",\"@id\":\"https:\/\/jetxwingamebrazil.com\/jetx-demo-version\/#breadcrumb\",\"itemListElement\":[{\"@type\":\"ListItem\",\"position\":1,\"name\":\"\u0413\u043b\u0430\u0432\u043d\u0430\u044f \u0441\u0442\u0440\u0430\u043d\u0438\u0446\u0430\",\"item\":\"https:\/\/jetxwingamebrazil.com\/\"},{\"@type\":\"ListItem\",\"position\":2,\"name\":\"\u0414\u0435\u043c\u043e\u0432\u0435\u0440\u0441\u0438\u044f JetX\"}]},{\"@type\":\"WebSite\",\"@id\":\"https:\/\/jetxwingamebrazil.com\/#website\",\"url\":\"https:\/\/jetxwingamebrazil.com\/\",\"name\":\"JetX\",\"description\":\"\",\"publisher\":{\"@id\":\"https:\/\/jetxwingamebrazil.com\/#organization\"},\"potentialAction\":[{\"@type\":\"SearchAction\",\"target\":{\"@type\":\"EntryPoint\",\"urlTemplate\":\"https:\/\/jetxwingamebrazil.com\/?s={search_term_string}\"},\"query-input\":{\"@type\":\"PropertyValueSpecification\",\"valueRequired\":true,\"valueName\":\"search_term_string\"}}],\"inLanguage\":\"pl-PL\"},{\"@type\":\"Organization\",\"@id\":\"https:\/\/jetxwingamebrazil.com\/#organization\",\"name\":\"JetX\",\"url\":\"https:\/\/jetxwingamebrazil.com\/\",\"logo\":{\"@type\":\"ImageObject\",\"inLanguage\":\"pl-PL\",\"@id\":\"https:\/\/jetxwingamebrazil.com\/#\/schema\/logo\/image\/\",\"url\":\"https:\/\/jetxwingamebrazil.com\/wp-content\/uploads\/jetx-slot-logo.png\",\"contentUrl\":\"https:\/\/jetxwingamebrazil.com\/wp-content\/uploads\/jetx-slot-logo.png\",\"width\":200,\"height\":101,\"caption\":\"JetX\"},\"image\":{\"@id\":\"https:\/\/jetxwingamebrazil.com\/#\/schema\/logo\/image\/\"}}]}<\/script>\n<!-- \/ Yoast SEO plugin. -->","yoast_head_json":{"title":"\u0414\u0435\u043c\u043e \u0432\u0435\u0440\u0441\u0438\u044f \u0438\u0433\u0440\u044b JetX \u0434\u043b\u044f \u0431\u0435\u0441\u043f\u043b\u0430\u0442\u043d\u043e\u0439 \u0438\u0433\u0440\u044b","description":"Zagraj w gr\u0119 online JetX za darmo. Darmowe spiny. Wersja demonstracyjna. Graj za darmo i wygrywaj prawdziwe pieni\u0105dze w kasynie online.","robots":{"index":"index","follow":"follow","max-snippet":"max-snippet:-1","max-image-preview":"max-image-preview:large","max-video-preview":"max-video-preview:-1"},"canonical":"https:\/\/jetxwingamebrazil.com\/pl\/jetx-demo-version\/","og_locale":"pl_PL","og_type":"article","og_title":"\u0414\u0435\u043c\u043e \u0432\u0435\u0440\u0441\u0438\u044f \u0438\u0433\u0440\u044b JetX \u0434\u043b\u044f \u0431\u0435\u0441\u043f\u043b\u0430\u0442\u043d\u043e\u0439 \u0438\u0433\u0440\u044b","og_description":"\u0418\u0433\u0440\u0430\u0442\u044c \u0431\u0435\u0441\u043f\u043b\u0430\u0442\u043d\u043e \u0432 \u043e\u043d\u043b\u0430\u0439\u043d \u0438\u0433\u0440\u0443 JetX. \u0411\u0435\u0441\u043f\u043b\u0430\u0442\u043d\u044b\u0435 \u0432\u0440\u0430\u0449\u0435\u043d\u0438\u044f. \u0414\u0435\u043c\u043e \u0432\u0435\u0440\u0441\u0438\u044f. \u0418\u0433\u0440\u0430\u0442\u044c \u0431\u0435\u0441\u043f\u043b\u0430\u0442\u043d\u043e \u0438 \u0432\u044b\u0438\u0433\u0440\u044b\u0432\u0430\u0442\u044c \u043d\u0430\u0441\u0442\u043e\u044f\u0449\u0438\u0435 \u0434\u0435\u043d\u044c\u0433\u0438 \u0432 \u043e\u043d\u043b\u0430\u0439\u043d \u043a\u0430\u0437\u0438\u043d\u043e","og_url":"https:\/\/jetxwingamebrazil.com\/pl\/jetx-demo-version\/","og_site_name":"JetX","article_modified_time":"2024-03-17T22:14:51+00:00","twitter_card":"summary_large_image","twitter_misc":{"Szacowany czas czytania":"7 minut"},"schema":{"@context":"https:\/\/schema.org","@graph":[{"@type":"WebPage","@id":"https:\/\/jetxwingamebrazil.com\/jetx-demo-version\/","url":"https:\/\/jetxwingamebrazil.com\/jetx-demo-version\/","name":"\u0414\u0435\u043c\u043e \u0432\u0435\u0440\u0441\u0438\u044f \u0438\u0433\u0440\u044b JetX \u0434\u043b\u044f \u0431\u0435\u0441\u043f\u043b\u0430\u0442\u043d\u043e\u0439 \u0438\u0433\u0440\u044b","isPartOf":{"@id":"https:\/\/jetxwingamebrazil.com\/#website"},"datePublished":"2024-03-16T13:47:12+00:00","dateModified":"2024-03-17T22:14:51+00:00","description":"\u0418\u0433\u0440\u0430\u0442\u044c \u0431\u0435\u0441\u043f\u043b\u0430\u0442\u043d\u043e \u0432 \u043e\u043d\u043b\u0430\u0439\u043d \u0438\u0433\u0440\u0443 JetX. \u0411\u0435\u0441\u043f\u043b\u0430\u0442\u043d\u044b\u0435 \u0432\u0440\u0430\u0449\u0435\u043d\u0438\u044f. \u0414\u0435\u043c\u043e \u0432\u0435\u0440\u0441\u0438\u044f. \u0418\u0433\u0440\u0430\u0442\u044c \u0431\u0435\u0441\u043f\u043b\u0430\u0442\u043d\u043e \u0438 \u0432\u044b\u0438\u0433\u0440\u044b\u0432\u0430\u0442\u044c \u043d\u0430\u0441\u0442\u043e\u044f\u0449\u0438\u0435 \u0434\u0435\u043d\u044c\u0433\u0438 \u0432 \u043e\u043d\u043b\u0430\u0439\u043d \u043a\u0430\u0437\u0438\u043d\u043e","breadcrumb":{"@id":"https:\/\/jetxwingamebrazil.com\/jetx-demo-version\/#breadcrumb"},"inLanguage":"pl-PL","potentialAction":[{"@type":"ReadAction","target":["https:\/\/jetxwingamebrazil.com\/jetx-demo-version\/"]}]},{"@type":"BreadcrumbList","@id":"https:\/\/jetxwingamebrazil.com\/jetx-demo-version\/#breadcrumb","itemListElement":[{"@type":"ListItem","position":1,"name":"\u0413\u043b\u0430\u0432\u043d\u0430\u044f \u0441\u0442\u0440\u0430\u043d\u0438\u0446\u0430","item":"https:\/\/jetxwingamebrazil.com\/"},{"@type":"ListItem","position":2,"name":"\u0414\u0435\u043c\u043e\u0432\u0435\u0440\u0441\u0438\u044f JetX"}]},{"@type":"WebSite","@id":"https:\/\/jetxwingamebrazil.com\/#website","url":"https:\/\/jetxwingamebrazil.com\/","name":"JetX","description":"","publisher":{"@id":"https:\/\/jetxwingamebrazil.com\/#organization"},"potentialAction":[{"@type":"SearchAction","target":{"@type":"EntryPoint","urlTemplate":"https:\/\/jetxwingamebrazil.com\/?s={search_term_string}"},"query-input":{"@type":"PropertyValueSpecification","valueRequired":true,"valueName":"search_term_string"}}],"inLanguage":"pl-PL"},{"@type":"Organization","@id":"https:\/\/jetxwingamebrazil.com\/#organization","name":"JetX","url":"https:\/\/jetxwingamebrazil.com\/","logo":{"@type":"ImageObject","inLanguage":"pl-PL","@id":"https:\/\/jetxwingamebrazil.com\/#\/schema\/logo\/image\/","url":"https:\/\/jetxwingamebrazil.com\/wp-content\/uploads\/jetx-slot-logo.png","contentUrl":"https:\/\/jetxwingamebrazil.com\/wp-content\/uploads\/jetx-slot-logo.png","width":200,"height":101,"caption":"JetX"},"image":{"@id":"https:\/\/jetxwingamebrazil.com\/#\/schema\/logo\/image\/"}}]}},"_links":{"self":[{"href":"https:\/\/jetxwingamebrazil.com\/pl\/wp-json\/wp\/v2\/pages\/15","targetHints":{"allow":["GET"]}}],"collection":[{"href":"https:\/\/jetxwingamebrazil.com\/pl\/wp-json\/wp\/v2\/pages"}],"about":[{"href":"https:\/\/jetxwingamebrazil.com\/pl\/wp-json\/wp\/v2\/types\/page"}],"author":[{"embeddable":true,"href":"https:\/\/jetxwingamebrazil.com\/pl\/wp-json\/wp\/v2\/users\/1"}],"replies":[{"embeddable":true,"href":"https:\/\/jetxwingamebrazil.com\/pl\/wp-json\/wp\/v2\/comments?post=15"}],"version-history":[{"count":15,"href":"https:\/\/jetxwingamebrazil.com\/pl\/wp-json\/wp\/v2\/pages\/15\/revisions"}],"predecessor-version":[{"id":124,"href":"https:\/\/jetxwingamebrazil.com\/pl\/wp-json\/wp\/v2\/pages\/15\/revisions\/124"}],"wp:attachment":[{"href":"https:\/\/jetxwingamebrazil.com\/pl\/wp-json\/wp\/v2\/media?parent=15"}],"curies":[{"name":"wp","href":"https:\/\/api.w.org\/{rel}","templated":true}]}}