{"id":19,"date":"2024-03-16T19:08:19","date_gmt":"2024-03-16T16:08:19","guid":{"rendered":"https:\/\/jetxwingamebrazil.com\/?page_id=19"},"modified":"2024-03-18T01:07:39","modified_gmt":"2024-03-17T22:07:39","slug":"casino-bonuses-in-jetx-games","status":"publish","type":"page","link":"https:\/\/jetxwingamebrazil.com\/pl\/casino-bonuses-in-jetx-games\/","title":{"rendered":"Bonusy w kasynie w grach JetX"},"content":{"rendered":"<p>Nadszed\u0142 czas, aby porozmawia\u0107 o rodzajach bonus\u00f3w dost\u0119pnych, je\u015bli zdecydujesz si\u0119 zagra\u0107 w JetX. Nale\u017cy zauwa\u017cy\u0107, \u017ce w grze nie ma specjalnych bonus\u00f3w, a zazwyczaj zale\u017c\u0105 one od kasyna internetowego. Cho\u0107 rodzaje bonus\u00f3w w r\u00f3\u017cnych kasynach s\u0105 mniej wi\u0119cej takie same, kwoty i warunki mog\u0105 znacznie si\u0119 r\u00f3\u017cni\u0107 od kasyna do kasyna, dlatego zalecamy zwr\u00f3cenie uwagi na szczeg\u00f3\u0142y. Tak wi\u0119c om\u00f3wmy, jakie rodzaje bonus\u00f3w mog\u0105 oferowa\u0107 kasyna internetowe:<\/p>\n<ul>\n<li>Bonus rejestracyjny \/ powitalny &#8211; oferta dla nowych graczy, zazwyczaj obejmuje bonus od pierwszej wp\u0142aty. Obejmuje procent w zale\u017cno\u015bci od kwoty depozytu, na przyk\u0142ad od 20 do 100 procent, kt\u00f3re gracz otrzymuje jako darmowe pieni\u0105dze.<\/li>\n<li>Bonus bez depozytu &#8211; rodzaj bonusu udzielany bez konieczno\u015bci dokonywania depozytu. Zazwyczaj jest to sta\u0142a kwota pieni\u0119dzy, kt\u00f3r\u0105 gracze mog\u0105 wykorzysta\u0107 do gry bez ryzykowania swoich w\u0142asnych \u015brodk\u00f3w. W zasadzie s\u0105 to \u015brodki bonusowe, kt\u00f3rych gracz mo\u017ce u\u017cy\u0107 wed\u0142ug w\u0142asnego uznania. Warunki takich bonus\u00f3w s\u0105 bardzo rygorystyczne, poniewa\u017c kasyno nie jest zainteresowane pozyskaniem gracza, daj\u0105c mu fa\u0142szywe pieni\u0105dze, a nast\u0119pnie wydaj\u0105c wygrane w prawdziwe pieni\u0105dze. Dlatego ten rodzaj bonusu uwa\u017cany jest za najtrudniejszy.<\/li>\n<li>Bonusy od depozytu &#8211; opr\u00f3cz bonusu powitalnego, kasyna mog\u0105 oferowa\u0107 bonusy od kolejnych wp\u0142at, aby zach\u0119ci\u0107 graczy do kontynuowania gry. Zazwyczaj odnosz\u0105 si\u0119 one do pierwszych kilku wp\u0142at na korzy\u015b\u0107 kasyna. Na przyk\u0142ad od 2. do 5. wp\u0142aty. Kwota bonusu r\u00f3wnie\u017c mo\u017ce si\u0119 r\u00f3\u017cni\u0107 &#8211; od 100 do 5 procent.<\/li>\n<li>Bonusy za polecenie &#8211; niekt\u00f3re kasyna nagradzaj\u0105 graczy za polecenie nowych u\u017cytkownik\u00f3w, oferuj\u0105c bonusy za ka\u017cdego zaproszonego przyjaciela, kt\u00f3ry zarejestruje si\u0119 i dokona depozytu.<\/li>\n<li>Bonus urodzinowy &#8211; gracz otrzymuje bonus urodzinowy od kasyna internetowego.<\/li>\n<\/ul>\n<p>Oczywi\u015bcie nie jest to pe\u0142na lista bonus\u00f3w oferowanych przez kasyna internetowe graczom. Istnieje znacznie wi\u0119cej bonus\u00f3w, a ka\u017cde kasyno ma swoje w\u0142asne niuanse zwi\u0105zane z bonusami.<\/p>\n","protected":false},"excerpt":{"rendered":"<p>Nadszed\u0142 czas, aby porozmawia\u0107 o rodzajach bonus\u00f3w dost\u0119pnych, je\u015bli zdecydujesz si\u0119 zagra\u0107 w JetX. Nale\u017cy zauwa\u017cy\u0107, \u017ce w grze nie ma specjalnych bonus\u00f3w, a zazwyczaj zale\u017c\u0105 one od kasyna internetowego. Cho\u0107 rodzaje bonus\u00f3w w r\u00f3\u017cnych<span class=\"more-button\"><a href=\"https:\/\/jetxwingamebrazil.com\/pl\/casino-bonuses-in-jetx-games\/\" class=\"more-link\">Continue reading<span class=\"screen-reader-text\">Bonusy w kasynie w grach JetX<\/span><i class=\"fa fa-angle-right\" aria-hidden=\"true\"><\/i><\/a><\/span><\/p>\n","protected":false},"author":1,"featured_media":0,"parent":0,"menu_order":0,"comment_status":"closed","ping_status":"closed","template":"","meta":{"footnotes":""},"class_list":["post-19","page","type-page","status-publish","hentry"],"yoast_head":"<!-- This site is optimized with the Yoast SEO plugin v27.2 - https:\/\/yoast.com\/product\/yoast-seo-wordpress\/ -->\n<title>\u0411\u043e\u043d\u0443\u0441\u044b \u043a\u0430\u0437\u0438\u043d\u043e \u0434\u043b\u044f \u0438\u0433\u0440\u043e\u043a\u043e\u0432 JetX<\/title>\n<meta name=\"description\" content=\"Bonusy gry JetX. Bonus rejestracyjny, bonus bez depozytu, bonus depozytowy, urodzinowy bonus od kasyn online\" \/>\n<meta name=\"robots\" content=\"index, follow, max-snippet:-1, max-image-preview:large, max-video-preview:-1\" \/>\n<link rel=\"canonical\" href=\"https:\/\/jetxwingamebrazil.com\/pl\/casino-bonuses-in-jetx-games\/\" \/>\n<meta property=\"og:locale\" content=\"pl_PL\" \/>\n<meta property=\"og:locale:alternate\" content=\"ru_RU\" \/>\n<meta property=\"og:locale:alternate\" content=\"en_US\" \/>\n<meta property=\"og:locale:alternate\" content=\"pt_PT\" \/>\n<meta property=\"og:locale:alternate\" content=\"es_ES\" \/>\n<meta property=\"og:locale:alternate\" content=\"ro_RO\" \/>\n<meta property=\"og:locale:alternate\" content=\"sr_RS\" \/>\n<meta property=\"og:locale:alternate\" content=\"bg_BG\" \/>\n<meta property=\"og:type\" content=\"article\" \/>\n<meta property=\"og:title\" content=\"\u0411\u043e\u043d\u0443\u0441\u044b \u043a\u0430\u0437\u0438\u043d\u043e \u0434\u043b\u044f \u0438\u0433\u0440\u043e\u043a\u043e\u0432 JetX\" \/>\n<meta property=\"og:description\" content=\"\u0411\u043e\u043d\u0443\u0441\u044b \u0438\u0433\u0440\u044b JetX. \u0411\u043e\u043d\u0443\u0441 \u0437\u0430 \u0440\u0435\u0433\u0438\u0441\u0442\u0440\u0430\u0446\u0438\u044e, \u0431\u0435\u0437\u0434\u0435\u043f\u043e\u0437\u0438\u0442\u043d\u044b\u0439 \u0431\u043e\u043d\u0443\u0441, \u0431\u043e\u043d\u0443\u0441 \u043d\u0430 \u0434\u0435\u043f\u043e\u0437\u0438\u0442, \u0431\u043e\u043d\u0443\u0441 \u043d\u0430 \u0434\u0435\u043d\u044c \u0440\u043e\u0436\u0434\u0435\u043d\u0438\u044f \u043e\u0442 \u043e\u043d\u043b\u0430\u0439\u043d \u043a\u0430\u0437\u0438\u043d\u043e\" \/>\n<meta property=\"og:url\" content=\"https:\/\/jetxwingamebrazil.com\/pl\/casino-bonuses-in-jetx-games\/\" \/>\n<meta property=\"og:site_name\" content=\"JetX\" \/>\n<meta property=\"article:modified_time\" content=\"2024-03-17T22:07:39+00:00\" \/>\n<meta name=\"twitter:card\" content=\"summary_large_image\" \/>\n<meta name=\"twitter:label1\" content=\"Szacowany czas czytania\" \/>\n\t<meta name=\"twitter:data1\" content=\"9 minut\" \/>\n<script type=\"application\/ld+json\" class=\"yoast-schema-graph\">{\"@context\":\"https:\/\/schema.org\",\"@graph\":[{\"@type\":\"WebPage\",\"@id\":\"https:\/\/jetxwingamebrazil.com\/casino-bonuses-in-jetx-games\/\",\"url\":\"https:\/\/jetxwingamebrazil.com\/casino-bonuses-in-jetx-games\/\",\"name\":\"\u0411\u043e\u043d\u0443\u0441\u044b \u043a\u0430\u0437\u0438\u043d\u043e \u0434\u043b\u044f \u0438\u0433\u0440\u043e\u043a\u043e\u0432 JetX\",\"isPartOf\":{\"@id\":\"https:\/\/jetxwingamebrazil.com\/#website\"},\"datePublished\":\"2024-03-16T16:08:19+00:00\",\"dateModified\":\"2024-03-17T22:07:39+00:00\",\"description\":\"\u0411\u043e\u043d\u0443\u0441\u044b \u0438\u0433\u0440\u044b JetX. \u0411\u043e\u043d\u0443\u0441 \u0437\u0430 \u0440\u0435\u0433\u0438\u0441\u0442\u0440\u0430\u0446\u0438\u044e, \u0431\u0435\u0437\u0434\u0435\u043f\u043e\u0437\u0438\u0442\u043d\u044b\u0439 \u0431\u043e\u043d\u0443\u0441, \u0431\u043e\u043d\u0443\u0441 \u043d\u0430 \u0434\u0435\u043f\u043e\u0437\u0438\u0442, \u0431\u043e\u043d\u0443\u0441 \u043d\u0430 \u0434\u0435\u043d\u044c \u0440\u043e\u0436\u0434\u0435\u043d\u0438\u044f \u043e\u0442 \u043e\u043d\u043b\u0430\u0439\u043d \u043a\u0430\u0437\u0438\u043d\u043e\",\"breadcrumb\":{\"@id\":\"https:\/\/jetxwingamebrazil.com\/casino-bonuses-in-jetx-games\/#breadcrumb\"},\"inLanguage\":\"pl-PL\",\"potentialAction\":[{\"@type\":\"ReadAction\",\"target\":[\"https:\/\/jetxwingamebrazil.com\/casino-bonuses-in-jetx-games\/\"]}]},{\"@type\":\"BreadcrumbList\",\"@id\":\"https:\/\/jetxwingamebrazil.com\/casino-bonuses-in-jetx-games\/#breadcrumb\",\"itemListElement\":[{\"@type\":\"ListItem\",\"position\":1,\"name\":\"\u0413\u043b\u0430\u0432\u043d\u0430\u044f \u0441\u0442\u0440\u0430\u043d\u0438\u0446\u0430\",\"item\":\"https:\/\/jetxwingamebrazil.com\/\"},{\"@type\":\"ListItem\",\"position\":2,\"name\":\"\u0411\u043e\u043d\u0443\u0441\u044b \u043a\u0430\u0437\u0438\u043d\u043e \u0432 \u0438\u0433\u0440\u0435 JetX\"}]},{\"@type\":\"WebSite\",\"@id\":\"https:\/\/jetxwingamebrazil.com\/#website\",\"url\":\"https:\/\/jetxwingamebrazil.com\/\",\"name\":\"JetX\",\"description\":\"\",\"publisher\":{\"@id\":\"https:\/\/jetxwingamebrazil.com\/#organization\"},\"potentialAction\":[{\"@type\":\"SearchAction\",\"target\":{\"@type\":\"EntryPoint\",\"urlTemplate\":\"https:\/\/jetxwingamebrazil.com\/?s={search_term_string}\"},\"query-input\":{\"@type\":\"PropertyValueSpecification\",\"valueRequired\":true,\"valueName\":\"search_term_string\"}}],\"inLanguage\":\"pl-PL\"},{\"@type\":\"Organization\",\"@id\":\"https:\/\/jetxwingamebrazil.com\/#organization\",\"name\":\"JetX\",\"url\":\"https:\/\/jetxwingamebrazil.com\/\",\"logo\":{\"@type\":\"ImageObject\",\"inLanguage\":\"pl-PL\",\"@id\":\"https:\/\/jetxwingamebrazil.com\/#\/schema\/logo\/image\/\",\"url\":\"https:\/\/jetxwingamebrazil.com\/wp-content\/uploads\/jetx-slot-logo.png\",\"contentUrl\":\"https:\/\/jetxwingamebrazil.com\/wp-content\/uploads\/jetx-slot-logo.png\",\"width\":200,\"height\":101,\"caption\":\"JetX\"},\"image\":{\"@id\":\"https:\/\/jetxwingamebrazil.com\/#\/schema\/logo\/image\/\"}}]}<\/script>\n<!-- \/ Yoast SEO plugin. -->","yoast_head_json":{"title":"\u0411\u043e\u043d\u0443\u0441\u044b \u043a\u0430\u0437\u0438\u043d\u043e \u0434\u043b\u044f \u0438\u0433\u0440\u043e\u043a\u043e\u0432 JetX","description":"Bonusy gry JetX. Bonus rejestracyjny, bonus bez depozytu, bonus depozytowy, urodzinowy bonus od kasyn online","robots":{"index":"index","follow":"follow","max-snippet":"max-snippet:-1","max-image-preview":"max-image-preview:large","max-video-preview":"max-video-preview:-1"},"canonical":"https:\/\/jetxwingamebrazil.com\/pl\/casino-bonuses-in-jetx-games\/","og_locale":"pl_PL","og_type":"article","og_title":"\u0411\u043e\u043d\u0443\u0441\u044b \u043a\u0430\u0437\u0438\u043d\u043e \u0434\u043b\u044f \u0438\u0433\u0440\u043e\u043a\u043e\u0432 JetX","og_description":"\u0411\u043e\u043d\u0443\u0441\u044b \u0438\u0433\u0440\u044b JetX. \u0411\u043e\u043d\u0443\u0441 \u0437\u0430 \u0440\u0435\u0433\u0438\u0441\u0442\u0440\u0430\u0446\u0438\u044e, \u0431\u0435\u0437\u0434\u0435\u043f\u043e\u0437\u0438\u0442\u043d\u044b\u0439 \u0431\u043e\u043d\u0443\u0441, \u0431\u043e\u043d\u0443\u0441 \u043d\u0430 \u0434\u0435\u043f\u043e\u0437\u0438\u0442, \u0431\u043e\u043d\u0443\u0441 \u043d\u0430 \u0434\u0435\u043d\u044c \u0440\u043e\u0436\u0434\u0435\u043d\u0438\u044f \u043e\u0442 \u043e\u043d\u043b\u0430\u0439\u043d \u043a\u0430\u0437\u0438\u043d\u043e","og_url":"https:\/\/jetxwingamebrazil.com\/pl\/casino-bonuses-in-jetx-games\/","og_site_name":"JetX","article_modified_time":"2024-03-17T22:07:39+00:00","twitter_card":"summary_large_image","twitter_misc":{"Szacowany czas czytania":"9 minut"},"schema":{"@context":"https:\/\/schema.org","@graph":[{"@type":"WebPage","@id":"https:\/\/jetxwingamebrazil.com\/casino-bonuses-in-jetx-games\/","url":"https:\/\/jetxwingamebrazil.com\/casino-bonuses-in-jetx-games\/","name":"\u0411\u043e\u043d\u0443\u0441\u044b \u043a\u0430\u0437\u0438\u043d\u043e \u0434\u043b\u044f \u0438\u0433\u0440\u043e\u043a\u043e\u0432 JetX","isPartOf":{"@id":"https:\/\/jetxwingamebrazil.com\/#website"},"datePublished":"2024-03-16T16:08:19+00:00","dateModified":"2024-03-17T22:07:39+00:00","description":"\u0411\u043e\u043d\u0443\u0441\u044b \u0438\u0433\u0440\u044b JetX. \u0411\u043e\u043d\u0443\u0441 \u0437\u0430 \u0440\u0435\u0433\u0438\u0441\u0442\u0440\u0430\u0446\u0438\u044e, \u0431\u0435\u0437\u0434\u0435\u043f\u043e\u0437\u0438\u0442\u043d\u044b\u0439 \u0431\u043e\u043d\u0443\u0441, \u0431\u043e\u043d\u0443\u0441 \u043d\u0430 \u0434\u0435\u043f\u043e\u0437\u0438\u0442, \u0431\u043e\u043d\u0443\u0441 \u043d\u0430 \u0434\u0435\u043d\u044c \u0440\u043e\u0436\u0434\u0435\u043d\u0438\u044f \u043e\u0442 \u043e\u043d\u043b\u0430\u0439\u043d \u043a\u0430\u0437\u0438\u043d\u043e","breadcrumb":{"@id":"https:\/\/jetxwingamebrazil.com\/casino-bonuses-in-jetx-games\/#breadcrumb"},"inLanguage":"pl-PL","potentialAction":[{"@type":"ReadAction","target":["https:\/\/jetxwingamebrazil.com\/casino-bonuses-in-jetx-games\/"]}]},{"@type":"BreadcrumbList","@id":"https:\/\/jetxwingamebrazil.com\/casino-bonuses-in-jetx-games\/#breadcrumb","itemListElement":[{"@type":"ListItem","position":1,"name":"\u0413\u043b\u0430\u0432\u043d\u0430\u044f \u0441\u0442\u0440\u0430\u043d\u0438\u0446\u0430","item":"https:\/\/jetxwingamebrazil.com\/"},{"@type":"ListItem","position":2,"name":"\u0411\u043e\u043d\u0443\u0441\u044b \u043a\u0430\u0437\u0438\u043d\u043e \u0432 \u0438\u0433\u0440\u0435 JetX"}]},{"@type":"WebSite","@id":"https:\/\/jetxwingamebrazil.com\/#website","url":"https:\/\/jetxwingamebrazil.com\/","name":"JetX","description":"","publisher":{"@id":"https:\/\/jetxwingamebrazil.com\/#organization"},"potentialAction":[{"@type":"SearchAction","target":{"@type":"EntryPoint","urlTemplate":"https:\/\/jetxwingamebrazil.com\/?s={search_term_string}"},"query-input":{"@type":"PropertyValueSpecification","valueRequired":true,"valueName":"search_term_string"}}],"inLanguage":"pl-PL"},{"@type":"Organization","@id":"https:\/\/jetxwingamebrazil.com\/#organization","name":"JetX","url":"https:\/\/jetxwingamebrazil.com\/","logo":{"@type":"ImageObject","inLanguage":"pl-PL","@id":"https:\/\/jetxwingamebrazil.com\/#\/schema\/logo\/image\/","url":"https:\/\/jetxwingamebrazil.com\/wp-content\/uploads\/jetx-slot-logo.png","contentUrl":"https:\/\/jetxwingamebrazil.com\/wp-content\/uploads\/jetx-slot-logo.png","width":200,"height":101,"caption":"JetX"},"image":{"@id":"https:\/\/jetxwingamebrazil.com\/#\/schema\/logo\/image\/"}}]}},"_links":{"self":[{"href":"https:\/\/jetxwingamebrazil.com\/pl\/wp-json\/wp\/v2\/pages\/19","targetHints":{"allow":["GET"]}}],"collection":[{"href":"https:\/\/jetxwingamebrazil.com\/pl\/wp-json\/wp\/v2\/pages"}],"about":[{"href":"https:\/\/jetxwingamebrazil.com\/pl\/wp-json\/wp\/v2\/types\/page"}],"author":[{"embeddable":true,"href":"https:\/\/jetxwingamebrazil.com\/pl\/wp-json\/wp\/v2\/users\/1"}],"replies":[{"embeddable":true,"href":"https:\/\/jetxwingamebrazil.com\/pl\/wp-json\/wp\/v2\/comments?post=19"}],"version-history":[{"count":18,"href":"https:\/\/jetxwingamebrazil.com\/pl\/wp-json\/wp\/v2\/pages\/19\/revisions"}],"predecessor-version":[{"id":122,"href":"https:\/\/jetxwingamebrazil.com\/pl\/wp-json\/wp\/v2\/pages\/19\/revisions\/122"}],"wp:attachment":[{"href":"https:\/\/jetxwingamebrazil.com\/pl\/wp-json\/wp\/v2\/media?parent=19"}],"curies":[{"name":"wp","href":"https:\/\/api.w.org\/{rel}","templated":true}]}}