{"id":11,"date":"2024-03-16T16:35:26","date_gmt":"2024-03-16T13:35:26","guid":{"rendered":"https:\/\/jetxwingamebrazil.com\/?page_id=11"},"modified":"2024-03-18T01:25:43","modified_gmt":"2024-03-17T22:25:43","slug":"how-to-play-jetx","status":"publish","type":"page","link":"https:\/\/jetxwingamebrazil.com\/pt\/how-to-play-jetx\/","title":{"rendered":"Como jogar JetX"},"content":{"rendered":"<p>Voc\u00ea pode fazer uma ou duas apostas no mesmo voo no JetX. Use os bot\u00f5es +\/- ao lado de cada op\u00e7\u00e3o de aposta para ajustar o tamanho da aposta.<\/p>\n<p>Tente subir o mais alto poss\u00edvel e retirar seus fundos antes que o avi\u00e3o exploda.<\/p>\n<p>Use a fun\u00e7\u00e3o de reprodu\u00e7\u00e3o autom\u00e1tica mencionada anteriormente para definir automaticamente o mesmo valor de aposta em cada novo round. Isso pode ser feito para uma ou ambas as apostas selecionadas.<\/p>\n<h2><strong>Regras do Jogo no Jet X<\/strong><\/h2>\n<p>O jogo JetX n\u00e3o tem regras complexas. A mec\u00e2nica do jogo \u00e9 bastante simples:<\/p>\n<ul>\n<li>Os jogadores precisam prever quando o multiplicador do jogo ir\u00e1 falhar, selecionando um ponto de retirada.<\/li>\n<li>N\u00e3o h\u00e1 sistema de pontua\u00e7\u00e3o complexo, modos de jogo avan\u00e7ados ou estrat\u00e9gias avan\u00e7adas.<\/li>\n<\/ul>\n<p>As apostas no JetX tamb\u00e9m s\u00e3o simples. Os jogadores simplesmente ajustam o valor da aposta em cada rodada a partir de $0.10.<\/p>\n<p>O \u00fanico objetivo \u00e9 direto, com um resultado bin\u00e1rio de vit\u00f3ria\/derrota baseado em um mecanismo claro de retirada.<\/p>\n<p>Os jogadores podem escolher entre m\u00e9todos de retirada autom\u00e1ticos e manuais:<\/p>\n<ul>\n<li>Retirada manual &#8211; simplesmente pressione o bot\u00e3o &#8220;retirar&#8221; antes do acidente.<\/li>\n<li>Retirada autom\u00e1tica &#8211; defina um multiplicador preferido antes do in\u00edcio da rodada. Se o acidente n\u00e3o ocorrer antes de atingir esse multiplicador, os jogadores retirar\u00e3o automaticamente suas apostas multiplicadas pelo multiplicador.<\/li>\n<\/ul>\n<h2><strong>Dicas e Estrat\u00e9gias para Jogar JetX<\/strong><\/h2>\n<p>Estrat\u00e9gias de apostas em jogos de crash podem ser diversas. Aqui est\u00e3o alguns exemplos que podem ajudar a aumentar seu potencial de ganho no JetX:<\/p>\n<ul>\n<li>\n<h3><strong>Estrat\u00e9gia do Multiplicador Fixo<\/strong><\/h3>\n<\/li>\n<\/ul>\n<p>Voc\u00ea seleciona um multiplicador predefinido, como 2x ou 5x, e retira automaticamente os fundos sempre que atingir esse valor. Essa estrat\u00e9gia visa garantir uma renda est\u00e1vel.<\/p>\n<p>Defina a retirada autom\u00e1tica para o multiplicador escolhido (por exemplo, 2x).<\/p>\n<p>Repita as apostas em cada rodada sem alterar o multiplicador de retirada autom\u00e1tica.<\/p>\n<p>Se voc\u00ea apostar 100 moedas e definir a retirada autom\u00e1tica para 2x, sua aposta ser\u00e1 fechada automaticamente quando atingir um multiplicador de 2x, e voc\u00ea receber\u00e1 200 moedas.<\/p>\n<ul>\n<li>\n<h3><strong>Stop-Loss em Trailing<\/strong><\/h3>\n<\/li>\n<\/ul>\n<p>Esta estrat\u00e9gia envolve retirar uma parte dos fundos abaixo do pico alcan\u00e7ado do multiplicador para garantir o lucro antes de um poss\u00edvel acidente.<\/p>\n<p>Identifique o multiplicador m\u00e1ximo durante o jogo.<\/p>\n<p>Defina a retirada autom\u00e1tica um pouco abaixo desse pico.<\/p>\n<p>Se o multiplicador atingir 10x, voc\u00ea pode definir a retirada autom\u00e1tica para 9x para se proteger de um acidente repentino.<\/p>\n<ul>\n<li>\n<h3><strong>Estrat\u00e9gia de Martingale<\/strong><\/h3>\n<\/li>\n<\/ul>\n<p>Ap\u00f3s cada perda, aumente o tamanho da aposta para que o ganho cubra as perdas anteriores e traga lucro. \u00c9 importante ter um bankroll suficiente para suportar uma sequ\u00eancia de perdas.<\/p>\n<p>Comece com uma aposta pequena.<\/p>\n<p>Ap\u00f3s cada perda, dobre a aposta.<\/p>\n<p>Assim que voc\u00ea ganhar, volte \u00e0 aposta inicial.<\/p>\n<p>Por exemplo, comece com 100 moedas. Se voc\u00ea perder, a pr\u00f3xima aposta ser\u00e1 de 200 moedas. Se voc\u00ea perder novamente, aposte 400 moedas. Se voc\u00ea ganhar com 400 moedas quando o multiplicador, por exemplo, for 2x, voc\u00ea receber\u00e1 800 moedas, cobrindo as perdas anteriores e fazendo um lucro, depois volte para a aposta de 100 moedas.<\/p>\n<ul>\n<li>\n<h3><strong>Acompanhamento de Estat\u00edsticas<\/strong><\/h3>\n<\/li>\n<\/ul>\n<p>Registre os resultados de cada jogo para analisar os valores m\u00e9dios do multiplicador no momento do acidente e ajustar a estrat\u00e9gia de retirada.<\/p>\n<p>Mantenha estat\u00edsticas de todos os seus jogos.<\/p>\n<p>Analise os dados coletados para determinar o momento ideal para a retirada.<\/p>\n<p>Se, ap\u00f3s analisar 10 jogos, voc\u00ea perceber que a maioria dos acidentes ocorre por volta de 3x, defina a retirada autom\u00e1tica para 2.8x ou 2.9x.<\/p>\n<ul>\n<li>\n<h3><strong>Apostas Progressivas<\/strong><\/h3>\n<\/li>\n<\/ul>\n<p>Aumente gradualmente o tamanho da aposta \u00e0 medida que o multiplicador cresce para maximizar os ganhos e minimizar as perdas iniciais.<\/p>\n<p>Comece com a aposta m\u00ednima.<\/p>\n<p>\u00c0 medida que o multiplicador aumenta, aumente a aposta de acordo com seu bankroll e estrat\u00e9gia de risco.<\/p>\n<p>Comece com 100 moedas; se o multiplicador atingir 2x, fa\u00e7a a pr\u00f3xima aposta de 200 moedas, e assim por diante at\u00e9 sentir a necessidade de retirar.<\/p>\n","protected":false},"excerpt":{"rendered":"<p>Voc\u00ea pode fazer uma ou duas apostas no mesmo voo no JetX. Use os bot\u00f5es +\/- ao lado de cada op\u00e7\u00e3o de aposta para ajustar o tamanho da aposta. Tente subir o mais alto poss\u00edvel<span class=\"more-button\"><a href=\"https:\/\/jetxwingamebrazil.com\/pt\/how-to-play-jetx\/\" class=\"more-link\">Continue reading<span class=\"screen-reader-text\">Como jogar JetX<\/span><i class=\"fa fa-angle-right\" aria-hidden=\"true\"><\/i><\/a><\/span><\/p>\n","protected":false},"author":1,"featured_media":0,"parent":0,"menu_order":0,"comment_status":"closed","ping_status":"closed","template":"","meta":{"footnotes":""},"class_list":["post-11","page","type-page","status-publish","hentry"],"yoast_head":"<!-- This site is optimized with the Yoast SEO plugin v27.2 - https:\/\/yoast.com\/product\/yoast-seo-wordpress\/ -->\n<title>\u041a\u0430\u043a \u0438\u0433\u0440\u0430\u0442\u044c \u0432 \u043e\u043d\u043b\u0430\u0439\u043d \u0438\u0433\u0440\u0443 JetX \u0432 \u043a\u0430\u0437\u0438\u043d\u043e<\/title>\n<meta name=\"description\" content=\"Jogando e vencendo no jogo JetX. Regras do jogo. Estrat\u00e9gias e t\u00e1ticas. Como ganhar e como jogar JetX corretamente. Dicas para escolher uma estrat\u00e9gia de jogo JetX.\" \/>\n<meta name=\"robots\" content=\"index, follow, max-snippet:-1, max-image-preview:large, max-video-preview:-1\" \/>\n<link rel=\"canonical\" href=\"https:\/\/jetxwingamebrazil.com\/pt\/how-to-play-jetx\/\" \/>\n<meta property=\"og:locale\" content=\"pt_PT\" \/>\n<meta property=\"og:locale:alternate\" content=\"ru_RU\" \/>\n<meta property=\"og:locale:alternate\" content=\"en_US\" \/>\n<meta property=\"og:locale:alternate\" content=\"es_ES\" \/>\n<meta property=\"og:locale:alternate\" content=\"ro_RO\" \/>\n<meta property=\"og:locale:alternate\" content=\"sr_RS\" \/>\n<meta property=\"og:locale:alternate\" content=\"bg_BG\" \/>\n<meta property=\"og:locale:alternate\" content=\"pl_PL\" \/>\n<meta property=\"og:type\" content=\"article\" \/>\n<meta property=\"og:title\" content=\"\u041a\u0430\u043a \u0438\u0433\u0440\u0430\u0442\u044c \u0432 \u043e\u043d\u043b\u0430\u0439\u043d \u0438\u0433\u0440\u0443 JetX \u0432 \u043a\u0430\u0437\u0438\u043d\u043e\" \/>\n<meta property=\"og:description\" content=\"\u0418\u0433\u0440\u0430\u0442\u044c \u0438 \u043f\u043e\u0431\u0435\u0436\u0434\u0430\u0442\u044c \u0432 \u0438\u0433\u0440\u0435 JetX. \u041f\u0440\u0430\u0432\u0438\u043b\u0430 \u0438\u0433\u0440\u044b. \u0421\u0442\u0440\u0430\u0442\u0435\u0433\u0438\u0438 \u0438 \u0442\u0430\u043a\u0442\u0438\u043a\u0438. \u041a\u0430\u043a \u0432\u044b\u0438\u0433\u0440\u0430\u0442\u044c \u0438 \u043a\u0430\u043a \u043f\u0440\u0430\u0432\u0438\u043b\u044c\u043d\u043e \u0438\u0433\u0440\u0430\u0442\u044c \u0432 JetX. \u0421\u043e\u0432\u0435\u0442\u044b \u0434\u043b\u044f \u0432\u044b\u0431\u043e\u0440\u0430 \u0441\u0442\u0440\u0430\u0442\u0435\u0433\u0438\u0438 \u0438\u0433\u0440\u044b JetX\" \/>\n<meta property=\"og:url\" content=\"https:\/\/jetxwingamebrazil.com\/pt\/how-to-play-jetx\/\" \/>\n<meta property=\"og:site_name\" content=\"JetX\" \/>\n<meta property=\"article:modified_time\" content=\"2024-03-17T22:25:43+00:00\" \/>\n<meta name=\"twitter:card\" content=\"summary_large_image\" \/>\n<meta name=\"twitter:label1\" content=\"Tempo estimado de leitura\" \/>\n\t<meta name=\"twitter:data1\" content=\"17 minutos\" \/>\n<script type=\"application\/ld+json\" class=\"yoast-schema-graph\">{\"@context\":\"https:\/\/schema.org\",\"@graph\":[{\"@type\":\"WebPage\",\"@id\":\"https:\/\/jetxwingamebrazil.com\/how-to-play-jetx\/\",\"url\":\"https:\/\/jetxwingamebrazil.com\/how-to-play-jetx\/\",\"name\":\"\u041a\u0430\u043a \u0438\u0433\u0440\u0430\u0442\u044c \u0432 \u043e\u043d\u043b\u0430\u0439\u043d \u0438\u0433\u0440\u0443 JetX \u0432 \u043a\u0430\u0437\u0438\u043d\u043e\",\"isPartOf\":{\"@id\":\"https:\/\/jetxwingamebrazil.com\/#website\"},\"datePublished\":\"2024-03-16T13:35:26+00:00\",\"dateModified\":\"2024-03-17T22:25:43+00:00\",\"description\":\"\u0418\u0433\u0440\u0430\u0442\u044c \u0438 \u043f\u043e\u0431\u0435\u0436\u0434\u0430\u0442\u044c \u0432 \u0438\u0433\u0440\u0435 JetX. \u041f\u0440\u0430\u0432\u0438\u043b\u0430 \u0438\u0433\u0440\u044b. \u0421\u0442\u0440\u0430\u0442\u0435\u0433\u0438\u0438 \u0438 \u0442\u0430\u043a\u0442\u0438\u043a\u0438. \u041a\u0430\u043a \u0432\u044b\u0438\u0433\u0440\u0430\u0442\u044c \u0438 \u043a\u0430\u043a \u043f\u0440\u0430\u0432\u0438\u043b\u044c\u043d\u043e \u0438\u0433\u0440\u0430\u0442\u044c \u0432 JetX. \u0421\u043e\u0432\u0435\u0442\u044b \u0434\u043b\u044f \u0432\u044b\u0431\u043e\u0440\u0430 \u0441\u0442\u0440\u0430\u0442\u0435\u0433\u0438\u0438 \u0438\u0433\u0440\u044b JetX\",\"breadcrumb\":{\"@id\":\"https:\/\/jetxwingamebrazil.com\/how-to-play-jetx\/#breadcrumb\"},\"inLanguage\":\"pt-PT\",\"potentialAction\":[{\"@type\":\"ReadAction\",\"target\":[\"https:\/\/jetxwingamebrazil.com\/how-to-play-jetx\/\"]}]},{\"@type\":\"BreadcrumbList\",\"@id\":\"https:\/\/jetxwingamebrazil.com\/how-to-play-jetx\/#breadcrumb\",\"itemListElement\":[{\"@type\":\"ListItem\",\"position\":1,\"name\":\"\u0413\u043b\u0430\u0432\u043d\u0430\u044f \u0441\u0442\u0440\u0430\u043d\u0438\u0446\u0430\",\"item\":\"https:\/\/jetxwingamebrazil.com\/\"},{\"@type\":\"ListItem\",\"position\":2,\"name\":\"\u041a\u0430\u043a \u0438\u0433\u0440\u0430\u0442\u044c \u0432 JetX\"}]},{\"@type\":\"WebSite\",\"@id\":\"https:\/\/jetxwingamebrazil.com\/#website\",\"url\":\"https:\/\/jetxwingamebrazil.com\/\",\"name\":\"JetX\",\"description\":\"\",\"publisher\":{\"@id\":\"https:\/\/jetxwingamebrazil.com\/#organization\"},\"potentialAction\":[{\"@type\":\"SearchAction\",\"target\":{\"@type\":\"EntryPoint\",\"urlTemplate\":\"https:\/\/jetxwingamebrazil.com\/?s={search_term_string}\"},\"query-input\":{\"@type\":\"PropertyValueSpecification\",\"valueRequired\":true,\"valueName\":\"search_term_string\"}}],\"inLanguage\":\"pt-PT\"},{\"@type\":\"Organization\",\"@id\":\"https:\/\/jetxwingamebrazil.com\/#organization\",\"name\":\"JetX\",\"url\":\"https:\/\/jetxwingamebrazil.com\/\",\"logo\":{\"@type\":\"ImageObject\",\"inLanguage\":\"pt-PT\",\"@id\":\"https:\/\/jetxwingamebrazil.com\/#\/schema\/logo\/image\/\",\"url\":\"https:\/\/jetxwingamebrazil.com\/wp-content\/uploads\/jetx-slot-logo.png\",\"contentUrl\":\"https:\/\/jetxwingamebrazil.com\/wp-content\/uploads\/jetx-slot-logo.png\",\"width\":200,\"height\":101,\"caption\":\"JetX\"},\"image\":{\"@id\":\"https:\/\/jetxwingamebrazil.com\/#\/schema\/logo\/image\/\"}}]}<\/script>\n<!-- \/ Yoast SEO plugin. -->","yoast_head_json":{"title":"\u041a\u0430\u043a \u0438\u0433\u0440\u0430\u0442\u044c \u0432 \u043e\u043d\u043b\u0430\u0439\u043d \u0438\u0433\u0440\u0443 JetX \u0432 \u043a\u0430\u0437\u0438\u043d\u043e","description":"Jogando e vencendo no jogo JetX. Regras do jogo. Estrat\u00e9gias e t\u00e1ticas. Como ganhar e como jogar JetX corretamente. Dicas para escolher uma estrat\u00e9gia de jogo JetX.","robots":{"index":"index","follow":"follow","max-snippet":"max-snippet:-1","max-image-preview":"max-image-preview:large","max-video-preview":"max-video-preview:-1"},"canonical":"https:\/\/jetxwingamebrazil.com\/pt\/how-to-play-jetx\/","og_locale":"pt_PT","og_type":"article","og_title":"\u041a\u0430\u043a \u0438\u0433\u0440\u0430\u0442\u044c \u0432 \u043e\u043d\u043b\u0430\u0439\u043d \u0438\u0433\u0440\u0443 JetX \u0432 \u043a\u0430\u0437\u0438\u043d\u043e","og_description":"\u0418\u0433\u0440\u0430\u0442\u044c \u0438 \u043f\u043e\u0431\u0435\u0436\u0434\u0430\u0442\u044c \u0432 \u0438\u0433\u0440\u0435 JetX. \u041f\u0440\u0430\u0432\u0438\u043b\u0430 \u0438\u0433\u0440\u044b. \u0421\u0442\u0440\u0430\u0442\u0435\u0433\u0438\u0438 \u0438 \u0442\u0430\u043a\u0442\u0438\u043a\u0438. \u041a\u0430\u043a \u0432\u044b\u0438\u0433\u0440\u0430\u0442\u044c \u0438 \u043a\u0430\u043a \u043f\u0440\u0430\u0432\u0438\u043b\u044c\u043d\u043e \u0438\u0433\u0440\u0430\u0442\u044c \u0432 JetX. \u0421\u043e\u0432\u0435\u0442\u044b \u0434\u043b\u044f \u0432\u044b\u0431\u043e\u0440\u0430 \u0441\u0442\u0440\u0430\u0442\u0435\u0433\u0438\u0438 \u0438\u0433\u0440\u044b JetX","og_url":"https:\/\/jetxwingamebrazil.com\/pt\/how-to-play-jetx\/","og_site_name":"JetX","article_modified_time":"2024-03-17T22:25:43+00:00","twitter_card":"summary_large_image","twitter_misc":{"Tempo estimado de leitura":"17 minutos"},"schema":{"@context":"https:\/\/schema.org","@graph":[{"@type":"WebPage","@id":"https:\/\/jetxwingamebrazil.com\/how-to-play-jetx\/","url":"https:\/\/jetxwingamebrazil.com\/how-to-play-jetx\/","name":"\u041a\u0430\u043a \u0438\u0433\u0440\u0430\u0442\u044c \u0432 \u043e\u043d\u043b\u0430\u0439\u043d \u0438\u0433\u0440\u0443 JetX \u0432 \u043a\u0430\u0437\u0438\u043d\u043e","isPartOf":{"@id":"https:\/\/jetxwingamebrazil.com\/#website"},"datePublished":"2024-03-16T13:35:26+00:00","dateModified":"2024-03-17T22:25:43+00:00","description":"\u0418\u0433\u0440\u0430\u0442\u044c \u0438 \u043f\u043e\u0431\u0435\u0436\u0434\u0430\u0442\u044c \u0432 \u0438\u0433\u0440\u0435 JetX. \u041f\u0440\u0430\u0432\u0438\u043b\u0430 \u0438\u0433\u0440\u044b. \u0421\u0442\u0440\u0430\u0442\u0435\u0433\u0438\u0438 \u0438 \u0442\u0430\u043a\u0442\u0438\u043a\u0438. \u041a\u0430\u043a \u0432\u044b\u0438\u0433\u0440\u0430\u0442\u044c \u0438 \u043a\u0430\u043a \u043f\u0440\u0430\u0432\u0438\u043b\u044c\u043d\u043e \u0438\u0433\u0440\u0430\u0442\u044c \u0432 JetX. \u0421\u043e\u0432\u0435\u0442\u044b \u0434\u043b\u044f \u0432\u044b\u0431\u043e\u0440\u0430 \u0441\u0442\u0440\u0430\u0442\u0435\u0433\u0438\u0438 \u0438\u0433\u0440\u044b JetX","breadcrumb":{"@id":"https:\/\/jetxwingamebrazil.com\/how-to-play-jetx\/#breadcrumb"},"inLanguage":"pt-PT","potentialAction":[{"@type":"ReadAction","target":["https:\/\/jetxwingamebrazil.com\/how-to-play-jetx\/"]}]},{"@type":"BreadcrumbList","@id":"https:\/\/jetxwingamebrazil.com\/how-to-play-jetx\/#breadcrumb","itemListElement":[{"@type":"ListItem","position":1,"name":"\u0413\u043b\u0430\u0432\u043d\u0430\u044f \u0441\u0442\u0440\u0430\u043d\u0438\u0446\u0430","item":"https:\/\/jetxwingamebrazil.com\/"},{"@type":"ListItem","position":2,"name":"\u041a\u0430\u043a \u0438\u0433\u0440\u0430\u0442\u044c \u0432 JetX"}]},{"@type":"WebSite","@id":"https:\/\/jetxwingamebrazil.com\/#website","url":"https:\/\/jetxwingamebrazil.com\/","name":"JetX","description":"","publisher":{"@id":"https:\/\/jetxwingamebrazil.com\/#organization"},"potentialAction":[{"@type":"SearchAction","target":{"@type":"EntryPoint","urlTemplate":"https:\/\/jetxwingamebrazil.com\/?s={search_term_string}"},"query-input":{"@type":"PropertyValueSpecification","valueRequired":true,"valueName":"search_term_string"}}],"inLanguage":"pt-PT"},{"@type":"Organization","@id":"https:\/\/jetxwingamebrazil.com\/#organization","name":"JetX","url":"https:\/\/jetxwingamebrazil.com\/","logo":{"@type":"ImageObject","inLanguage":"pt-PT","@id":"https:\/\/jetxwingamebrazil.com\/#\/schema\/logo\/image\/","url":"https:\/\/jetxwingamebrazil.com\/wp-content\/uploads\/jetx-slot-logo.png","contentUrl":"https:\/\/jetxwingamebrazil.com\/wp-content\/uploads\/jetx-slot-logo.png","width":200,"height":101,"caption":"JetX"},"image":{"@id":"https:\/\/jetxwingamebrazil.com\/#\/schema\/logo\/image\/"}}]}},"_links":{"self":[{"href":"https:\/\/jetxwingamebrazil.com\/pt\/wp-json\/wp\/v2\/pages\/11","targetHints":{"allow":["GET"]}}],"collection":[{"href":"https:\/\/jetxwingamebrazil.com\/pt\/wp-json\/wp\/v2\/pages"}],"about":[{"href":"https:\/\/jetxwingamebrazil.com\/pt\/wp-json\/wp\/v2\/types\/page"}],"author":[{"embeddable":true,"href":"https:\/\/jetxwingamebrazil.com\/pt\/wp-json\/wp\/v2\/users\/1"}],"replies":[{"embeddable":true,"href":"https:\/\/jetxwingamebrazil.com\/pt\/wp-json\/wp\/v2\/comments?post=11"}],"version-history":[{"count":16,"href":"https:\/\/jetxwingamebrazil.com\/pt\/wp-json\/wp\/v2\/pages\/11\/revisions"}],"predecessor-version":[{"id":127,"href":"https:\/\/jetxwingamebrazil.com\/pt\/wp-json\/wp\/v2\/pages\/11\/revisions\/127"}],"wp:attachment":[{"href":"https:\/\/jetxwingamebrazil.com\/pt\/wp-json\/wp\/v2\/media?parent=11"}],"curies":[{"name":"wp","href":"https:\/\/api.w.org\/{rel}","templated":true}]}}