{"id":13,"date":"2024-03-16T16:36:52","date_gmt":"2024-03-16T13:36:52","guid":{"rendered":"https:\/\/jetxwingamebrazil.com\/?page_id=13"},"modified":"2024-03-18T01:22:21","modified_gmt":"2024-03-17T22:22:21","slug":"how-to-play-jetx-bet-on-phones","status":"publish","type":"page","link":"https:\/\/jetxwingamebrazil.com\/pt\/how-to-play-jetx-bet-on-phones\/","title":{"rendered":"Como jogar JetX Bet em telefones"},"content":{"rendered":"<p>O jogo JetX est\u00e1 dispon\u00edvel em dispositivos m\u00f3veis e oferece uma interface conveniente e simples para jogar em movimento. N\u00e3o importa qual dispositivo voc\u00ea tenha &#8211; iPhone ou Android. At\u00e9 mesmo modelos de telefone mais antigos suportam o jogo em um excelente n\u00edvel.<\/p>\n<p>Antes de come\u00e7ar o jogo, voc\u00ea ter\u00e1 a op\u00e7\u00e3o de escolher entre &#8220;Jogo Real&#8221; e &#8220;Jogo Gr\u00e1tis&#8221;. Ap\u00f3s a sele\u00e7\u00e3o, o slot \u00e9 carregado diretamente do servidor do jogo, contornando a interface do cassino. Mas apenas se voc\u00ea acessar pelo site do criador do jogo.<\/p>\n<p>A interface da vers\u00e3o m\u00f3vel do JetX \u00e9 simples e compreens\u00edvel. Tudo o que \u00e9 necess\u00e1rio para o jogo est\u00e1 localizado na parte superior da tela, eliminando a necessidade de rolar a p\u00e1gina para acessar informa\u00e7\u00f5es adicionais, como apostas de outros jogadores, seu hist\u00f3rico de apostas e bate-papo.<\/p>\n<p>A anima\u00e7\u00e3o do jogo e a interface de apostas s\u00e3o otimizadas para dispositivos m\u00f3veis, oferecendo uma excelente experi\u00eancia de jogo mesmo ao usar modos de apostas autom\u00e1ticas e manuais simultaneamente.<\/p>\n<h2><strong>Baixando o JetX no iPhone ou Android<\/strong><\/h2>\n<p>N\u00e3o se esque\u00e7a da possibilidade de baixar o jogo JetX em um smartphone com sistema operacional Android ou iOS. No entanto, para fazer isso, voc\u00ea precisa selecionar um cassino e descobrir como baixar o aplicativo do cassino. Lembre-se de que voc\u00ea n\u00e3o poder\u00e1 baixar o jogo para o seu telefone &#8211; essa op\u00e7\u00e3o \u00e9 simplesmente imposs\u00edvel. O jogo faz parte do cassino e s\u00f3 pode fazer parte do cat\u00e1logo de jogos do cassino.<\/p>\n<p>Alguns cassinos permitem o download do aplicativo, mas \u00e9 notavelmente mais complicado para iPhones. Nesse caso, trata-se de instalar o \u00edcone do aplicativo, o que equivale a jogar a vers\u00e3o m\u00f3vel. As vers\u00f5es m\u00f3veis dos cassinos online oferecem uma \u00f3tima oportunidade para jogar jogos favoritos.<\/p>\n","protected":false},"excerpt":{"rendered":"<p>O jogo JetX est\u00e1 dispon\u00edvel em dispositivos m\u00f3veis e oferece uma interface conveniente e simples para jogar em movimento. N\u00e3o importa qual dispositivo voc\u00ea tenha &#8211; iPhone ou Android. At\u00e9 mesmo modelos de telefone mais<span class=\"more-button\"><a href=\"https:\/\/jetxwingamebrazil.com\/pt\/how-to-play-jetx-bet-on-phones\/\" class=\"more-link\">Continue reading<span class=\"screen-reader-text\">Como jogar JetX Bet em telefones<\/span><i class=\"fa fa-angle-right\" aria-hidden=\"true\"><\/i><\/a><\/span><\/p>\n","protected":false},"author":1,"featured_media":0,"parent":0,"menu_order":0,"comment_status":"closed","ping_status":"closed","template":"","meta":{"footnotes":""},"class_list":["post-13","page","type-page","status-publish","hentry"],"yoast_head":"<!-- This site is optimized with the Yoast SEO plugin v27.2 - https:\/\/yoast.com\/product\/yoast-seo-wordpress\/ -->\n<title>\u0418\u0433\u0440\u0430\u0442\u044c \u0432 JetX \u043d\u0430 \u0441\u043c\u0430\u0440\u0442\u0444\u043e\u043d\u0435<\/title>\n<meta name=\"description\" content=\"Jogue o jogo online JetX no Android e iPhone. Jogue no seu telefone\/smartphone. Baixe o aplicativo para iPhone ou Android para jogar JetX.\" \/>\n<meta name=\"robots\" content=\"index, follow, max-snippet:-1, max-image-preview:large, max-video-preview:-1\" \/>\n<link rel=\"canonical\" href=\"https:\/\/jetxwingamebrazil.com\/pt\/how-to-play-jetx-bet-on-phones\/\" \/>\n<meta property=\"og:locale\" content=\"pt_PT\" \/>\n<meta property=\"og:locale:alternate\" content=\"ru_RU\" \/>\n<meta property=\"og:locale:alternate\" content=\"en_US\" \/>\n<meta property=\"og:locale:alternate\" content=\"es_ES\" \/>\n<meta property=\"og:locale:alternate\" content=\"ro_RO\" \/>\n<meta property=\"og:locale:alternate\" content=\"sr_RS\" \/>\n<meta property=\"og:locale:alternate\" content=\"bg_BG\" \/>\n<meta property=\"og:locale:alternate\" content=\"pl_PL\" \/>\n<meta property=\"og:type\" content=\"article\" \/>\n<meta property=\"og:title\" content=\"\u0418\u0433\u0440\u0430\u0442\u044c \u0432 JetX \u043d\u0430 \u0441\u043c\u0430\u0440\u0442\u0444\u043e\u043d\u0435\" \/>\n<meta property=\"og:description\" content=\"\u0418\u0433\u0440\u0430\u0442\u044c \u0432 \u043e\u043d\u043b\u0430\u0439\u043d \u0438\u0433\u0440\u0443 JetX \u043d\u0430 \u0430\u043d\u0434\u0440\u043e\u0438\u0434\u0435 \u0438 \u0430\u0439\u0444\u043e\u043d\u0435. \u0418\u0433\u0440\u0430\u0442\u044c \u043d\u0430 \u0442\u0435\u043b\u0435\u0444\u043e\u043d\u0435\/\u0441\u043c\u0430\u0440\u0442\u0444\u043e\u043d\u0435. \u0421\u043a\u0430\u0447\u0430\u0442\u044c \u043f\u0440\u0438\u043b\u043e\u0436\u0435\u043d\u0438\u0435 iphone \u0438\u043b\u0438 android \u0434\u043b\u044f \u0438\u0433\u0440\u044b JetX\" \/>\n<meta property=\"og:url\" content=\"https:\/\/jetxwingamebrazil.com\/pt\/how-to-play-jetx-bet-on-phones\/\" \/>\n<meta property=\"og:site_name\" content=\"JetX\" \/>\n<meta property=\"article:modified_time\" content=\"2024-03-17T22:22:21+00:00\" \/>\n<meta name=\"twitter:card\" content=\"summary_large_image\" \/>\n<meta name=\"twitter:label1\" content=\"Tempo estimado de leitura\" \/>\n\t<meta name=\"twitter:data1\" content=\"8 minutos\" \/>\n<script type=\"application\/ld+json\" class=\"yoast-schema-graph\">{\"@context\":\"https:\/\/schema.org\",\"@graph\":[{\"@type\":\"WebPage\",\"@id\":\"https:\/\/jetxwingamebrazil.com\/how-to-play-jetx-bet-on-phones\/\",\"url\":\"https:\/\/jetxwingamebrazil.com\/how-to-play-jetx-bet-on-phones\/\",\"name\":\"\u0418\u0433\u0440\u0430\u0442\u044c \u0432 JetX \u043d\u0430 \u0441\u043c\u0430\u0440\u0442\u0444\u043e\u043d\u0435\",\"isPartOf\":{\"@id\":\"https:\/\/jetxwingamebrazil.com\/#website\"},\"datePublished\":\"2024-03-16T13:36:52+00:00\",\"dateModified\":\"2024-03-17T22:22:21+00:00\",\"description\":\"\u0418\u0433\u0440\u0430\u0442\u044c \u0432 \u043e\u043d\u043b\u0430\u0439\u043d \u0438\u0433\u0440\u0443 JetX \u043d\u0430 \u0430\u043d\u0434\u0440\u043e\u0438\u0434\u0435 \u0438 \u0430\u0439\u0444\u043e\u043d\u0435. \u0418\u0433\u0440\u0430\u0442\u044c \u043d\u0430 \u0442\u0435\u043b\u0435\u0444\u043e\u043d\u0435\/\u0441\u043c\u0430\u0440\u0442\u0444\u043e\u043d\u0435. \u0421\u043a\u0430\u0447\u0430\u0442\u044c \u043f\u0440\u0438\u043b\u043e\u0436\u0435\u043d\u0438\u0435 iphone \u0438\u043b\u0438 android \u0434\u043b\u044f \u0438\u0433\u0440\u044b JetX\",\"breadcrumb\":{\"@id\":\"https:\/\/jetxwingamebrazil.com\/how-to-play-jetx-bet-on-phones\/#breadcrumb\"},\"inLanguage\":\"pt-PT\",\"potentialAction\":[{\"@type\":\"ReadAction\",\"target\":[\"https:\/\/jetxwingamebrazil.com\/how-to-play-jetx-bet-on-phones\/\"]}]},{\"@type\":\"BreadcrumbList\",\"@id\":\"https:\/\/jetxwingamebrazil.com\/how-to-play-jetx-bet-on-phones\/#breadcrumb\",\"itemListElement\":[{\"@type\":\"ListItem\",\"position\":1,\"name\":\"\u0413\u043b\u0430\u0432\u043d\u0430\u044f \u0441\u0442\u0440\u0430\u043d\u0438\u0446\u0430\",\"item\":\"https:\/\/jetxwingamebrazil.com\/\"},{\"@type\":\"ListItem\",\"position\":2,\"name\":\"\u041a\u0430\u043a \u0438\u0433\u0440\u0430\u0442\u044c \u0432 JetX Bet \u043d\u0430 \u0442\u0435\u043b\u0435\u0444\u043e\u043d\u0435\"}]},{\"@type\":\"WebSite\",\"@id\":\"https:\/\/jetxwingamebrazil.com\/#website\",\"url\":\"https:\/\/jetxwingamebrazil.com\/\",\"name\":\"JetX\",\"description\":\"\",\"publisher\":{\"@id\":\"https:\/\/jetxwingamebrazil.com\/#organization\"},\"potentialAction\":[{\"@type\":\"SearchAction\",\"target\":{\"@type\":\"EntryPoint\",\"urlTemplate\":\"https:\/\/jetxwingamebrazil.com\/?s={search_term_string}\"},\"query-input\":{\"@type\":\"PropertyValueSpecification\",\"valueRequired\":true,\"valueName\":\"search_term_string\"}}],\"inLanguage\":\"pt-PT\"},{\"@type\":\"Organization\",\"@id\":\"https:\/\/jetxwingamebrazil.com\/#organization\",\"name\":\"JetX\",\"url\":\"https:\/\/jetxwingamebrazil.com\/\",\"logo\":{\"@type\":\"ImageObject\",\"inLanguage\":\"pt-PT\",\"@id\":\"https:\/\/jetxwingamebrazil.com\/#\/schema\/logo\/image\/\",\"url\":\"https:\/\/jetxwingamebrazil.com\/wp-content\/uploads\/jetx-slot-logo.png\",\"contentUrl\":\"https:\/\/jetxwingamebrazil.com\/wp-content\/uploads\/jetx-slot-logo.png\",\"width\":200,\"height\":101,\"caption\":\"JetX\"},\"image\":{\"@id\":\"https:\/\/jetxwingamebrazil.com\/#\/schema\/logo\/image\/\"}}]}<\/script>\n<!-- \/ Yoast SEO plugin. -->","yoast_head_json":{"title":"\u0418\u0433\u0440\u0430\u0442\u044c \u0432 JetX \u043d\u0430 \u0441\u043c\u0430\u0440\u0442\u0444\u043e\u043d\u0435","description":"Jogue o jogo online JetX no Android e iPhone. Jogue no seu telefone\/smartphone. Baixe o aplicativo para iPhone ou Android para jogar JetX.","robots":{"index":"index","follow":"follow","max-snippet":"max-snippet:-1","max-image-preview":"max-image-preview:large","max-video-preview":"max-video-preview:-1"},"canonical":"https:\/\/jetxwingamebrazil.com\/pt\/how-to-play-jetx-bet-on-phones\/","og_locale":"pt_PT","og_type":"article","og_title":"\u0418\u0433\u0440\u0430\u0442\u044c \u0432 JetX \u043d\u0430 \u0441\u043c\u0430\u0440\u0442\u0444\u043e\u043d\u0435","og_description":"\u0418\u0433\u0440\u0430\u0442\u044c \u0432 \u043e\u043d\u043b\u0430\u0439\u043d \u0438\u0433\u0440\u0443 JetX \u043d\u0430 \u0430\u043d\u0434\u0440\u043e\u0438\u0434\u0435 \u0438 \u0430\u0439\u0444\u043e\u043d\u0435. \u0418\u0433\u0440\u0430\u0442\u044c \u043d\u0430 \u0442\u0435\u043b\u0435\u0444\u043e\u043d\u0435\/\u0441\u043c\u0430\u0440\u0442\u0444\u043e\u043d\u0435. \u0421\u043a\u0430\u0447\u0430\u0442\u044c \u043f\u0440\u0438\u043b\u043e\u0436\u0435\u043d\u0438\u0435 iphone \u0438\u043b\u0438 android \u0434\u043b\u044f \u0438\u0433\u0440\u044b JetX","og_url":"https:\/\/jetxwingamebrazil.com\/pt\/how-to-play-jetx-bet-on-phones\/","og_site_name":"JetX","article_modified_time":"2024-03-17T22:22:21+00:00","twitter_card":"summary_large_image","twitter_misc":{"Tempo estimado de leitura":"8 minutos"},"schema":{"@context":"https:\/\/schema.org","@graph":[{"@type":"WebPage","@id":"https:\/\/jetxwingamebrazil.com\/how-to-play-jetx-bet-on-phones\/","url":"https:\/\/jetxwingamebrazil.com\/how-to-play-jetx-bet-on-phones\/","name":"\u0418\u0433\u0440\u0430\u0442\u044c \u0432 JetX \u043d\u0430 \u0441\u043c\u0430\u0440\u0442\u0444\u043e\u043d\u0435","isPartOf":{"@id":"https:\/\/jetxwingamebrazil.com\/#website"},"datePublished":"2024-03-16T13:36:52+00:00","dateModified":"2024-03-17T22:22:21+00:00","description":"\u0418\u0433\u0440\u0430\u0442\u044c \u0432 \u043e\u043d\u043b\u0430\u0439\u043d \u0438\u0433\u0440\u0443 JetX \u043d\u0430 \u0430\u043d\u0434\u0440\u043e\u0438\u0434\u0435 \u0438 \u0430\u0439\u0444\u043e\u043d\u0435. \u0418\u0433\u0440\u0430\u0442\u044c \u043d\u0430 \u0442\u0435\u043b\u0435\u0444\u043e\u043d\u0435\/\u0441\u043c\u0430\u0440\u0442\u0444\u043e\u043d\u0435. \u0421\u043a\u0430\u0447\u0430\u0442\u044c \u043f\u0440\u0438\u043b\u043e\u0436\u0435\u043d\u0438\u0435 iphone \u0438\u043b\u0438 android \u0434\u043b\u044f \u0438\u0433\u0440\u044b JetX","breadcrumb":{"@id":"https:\/\/jetxwingamebrazil.com\/how-to-play-jetx-bet-on-phones\/#breadcrumb"},"inLanguage":"pt-PT","potentialAction":[{"@type":"ReadAction","target":["https:\/\/jetxwingamebrazil.com\/how-to-play-jetx-bet-on-phones\/"]}]},{"@type":"BreadcrumbList","@id":"https:\/\/jetxwingamebrazil.com\/how-to-play-jetx-bet-on-phones\/#breadcrumb","itemListElement":[{"@type":"ListItem","position":1,"name":"\u0413\u043b\u0430\u0432\u043d\u0430\u044f \u0441\u0442\u0440\u0430\u043d\u0438\u0446\u0430","item":"https:\/\/jetxwingamebrazil.com\/"},{"@type":"ListItem","position":2,"name":"\u041a\u0430\u043a \u0438\u0433\u0440\u0430\u0442\u044c \u0432 JetX Bet \u043d\u0430 \u0442\u0435\u043b\u0435\u0444\u043e\u043d\u0435"}]},{"@type":"WebSite","@id":"https:\/\/jetxwingamebrazil.com\/#website","url":"https:\/\/jetxwingamebrazil.com\/","name":"JetX","description":"","publisher":{"@id":"https:\/\/jetxwingamebrazil.com\/#organization"},"potentialAction":[{"@type":"SearchAction","target":{"@type":"EntryPoint","urlTemplate":"https:\/\/jetxwingamebrazil.com\/?s={search_term_string}"},"query-input":{"@type":"PropertyValueSpecification","valueRequired":true,"valueName":"search_term_string"}}],"inLanguage":"pt-PT"},{"@type":"Organization","@id":"https:\/\/jetxwingamebrazil.com\/#organization","name":"JetX","url":"https:\/\/jetxwingamebrazil.com\/","logo":{"@type":"ImageObject","inLanguage":"pt-PT","@id":"https:\/\/jetxwingamebrazil.com\/#\/schema\/logo\/image\/","url":"https:\/\/jetxwingamebrazil.com\/wp-content\/uploads\/jetx-slot-logo.png","contentUrl":"https:\/\/jetxwingamebrazil.com\/wp-content\/uploads\/jetx-slot-logo.png","width":200,"height":101,"caption":"JetX"},"image":{"@id":"https:\/\/jetxwingamebrazil.com\/#\/schema\/logo\/image\/"}}]}},"_links":{"self":[{"href":"https:\/\/jetxwingamebrazil.com\/pt\/wp-json\/wp\/v2\/pages\/13","targetHints":{"allow":["GET"]}}],"collection":[{"href":"https:\/\/jetxwingamebrazil.com\/pt\/wp-json\/wp\/v2\/pages"}],"about":[{"href":"https:\/\/jetxwingamebrazil.com\/pt\/wp-json\/wp\/v2\/types\/page"}],"author":[{"embeddable":true,"href":"https:\/\/jetxwingamebrazil.com\/pt\/wp-json\/wp\/v2\/users\/1"}],"replies":[{"embeddable":true,"href":"https:\/\/jetxwingamebrazil.com\/pt\/wp-json\/wp\/v2\/comments?post=13"}],"version-history":[{"count":15,"href":"https:\/\/jetxwingamebrazil.com\/pt\/wp-json\/wp\/v2\/pages\/13\/revisions"}],"predecessor-version":[{"id":126,"href":"https:\/\/jetxwingamebrazil.com\/pt\/wp-json\/wp\/v2\/pages\/13\/revisions\/126"}],"wp:attachment":[{"href":"https:\/\/jetxwingamebrazil.com\/pt\/wp-json\/wp\/v2\/media?parent=13"}],"curies":[{"name":"wp","href":"https:\/\/api.w.org\/{rel}","templated":true}]}}