{"id":17,"date":"2024-03-16T16:48:13","date_gmt":"2024-03-16T13:48:13","guid":{"rendered":"https:\/\/jetxwingamebrazil.com\/?page_id=17"},"modified":"2024-03-18T01:11:14","modified_gmt":"2024-03-17T22:11:14","slug":"where-to-play-jetx","status":"publish","type":"page","link":"https:\/\/jetxwingamebrazil.com\/pt\/where-to-play-jetx\/","title":{"rendered":"Onde jogar JetX"},"content":{"rendered":"<p>Jogue JetX exclusivamente em sites de cassino verificados. Isso garantir\u00e1 seguran\u00e7a e prote\u00e7\u00e3o de dados. \u00c9 recomend\u00e1vel prestar aten\u00e7\u00e3o se o cassino possui licen\u00e7a de reguladores de jogos respeit\u00e1veis. Normalmente, as informa\u00e7\u00f5es sobre a licen\u00e7a est\u00e3o localizadas na parte inferior da p\u00e1gina principal do site do cassino.<\/p>\n<p>Depois de garantir a seguran\u00e7a do site, registre-se nele. Confirme seus detalhes e fa\u00e7a um dep\u00f3sito para jogar. Use a fun\u00e7\u00e3o de pesquisa ou a se\u00e7\u00e3o de jogos para encontrar o JetX.<\/p>\n<h2><strong>Quem est\u00e1 interessado em jogar JetX<\/strong><\/h2>\n<p>O JetX \u00e9 um jogo adequado para uma ampla gama de usu\u00e1rios devido ao seu design espacial e \u00e0 possibilidade de ganhar grandes pr\u00eamios.<\/p>\n<p>O jogo atrai a aten\u00e7\u00e3o tanto de iniciantes quanto de jogadores experientes com sua abordagem n\u00e3o convencional. A caracter\u00edstica do JetX \u00e9 que os resultados do jogo dependem exclusivamente da sorte, adicionando emo\u00e7\u00e3o e imprevisibilidade \u00e0 jogabilidade.<\/p>\n","protected":false},"excerpt":{"rendered":"<p>Jogue JetX exclusivamente em sites de cassino verificados. Isso garantir\u00e1 seguran\u00e7a e prote\u00e7\u00e3o de dados. \u00c9 recomend\u00e1vel prestar aten\u00e7\u00e3o se o cassino possui licen\u00e7a de reguladores de jogos respeit\u00e1veis. Normalmente, as informa\u00e7\u00f5es sobre a licen\u00e7a<span class=\"more-button\"><a href=\"https:\/\/jetxwingamebrazil.com\/pt\/where-to-play-jetx\/\" class=\"more-link\">Continue reading<span class=\"screen-reader-text\">Onde jogar JetX<\/span><i class=\"fa fa-angle-right\" aria-hidden=\"true\"><\/i><\/a><\/span><\/p>\n","protected":false},"author":1,"featured_media":0,"parent":0,"menu_order":0,"comment_status":"closed","ping_status":"closed","template":"","meta":{"footnotes":""},"class_list":["post-17","page","type-page","status-publish","hentry"],"yoast_head":"<!-- This site is optimized with the Yoast SEO plugin v27.2 - https:\/\/yoast.com\/product\/yoast-seo-wordpress\/ -->\n<title>\u0413\u0434\u0435 \u0438\u0433\u0440\u0430\u0442\u044c \u0432 \u0438\u0433\u0440\u0443 JetX<\/title>\n<meta name=\"description\" content=\"Registro no site oficial do cassino para jogar JetX. Escolha um cassino para jogar JetX. Crie uma conta no cassino e comece a jogar JetX.\" \/>\n<meta name=\"robots\" content=\"index, follow, max-snippet:-1, max-image-preview:large, max-video-preview:-1\" \/>\n<link rel=\"canonical\" href=\"https:\/\/jetxwingamebrazil.com\/pt\/where-to-play-jetx\/\" \/>\n<meta property=\"og:locale\" content=\"pt_PT\" \/>\n<meta property=\"og:locale:alternate\" content=\"ru_RU\" \/>\n<meta property=\"og:locale:alternate\" content=\"en_US\" \/>\n<meta property=\"og:locale:alternate\" content=\"es_ES\" \/>\n<meta property=\"og:locale:alternate\" content=\"ro_RO\" \/>\n<meta property=\"og:locale:alternate\" content=\"sr_RS\" \/>\n<meta property=\"og:locale:alternate\" content=\"bg_BG\" \/>\n<meta property=\"og:locale:alternate\" content=\"pl_PL\" \/>\n<meta property=\"og:type\" content=\"article\" \/>\n<meta property=\"og:title\" content=\"\u0413\u0434\u0435 \u0438\u0433\u0440\u0430\u0442\u044c \u0432 \u0438\u0433\u0440\u0443 JetX\" \/>\n<meta property=\"og:description\" content=\"\u0420\u0435\u0433\u0438\u0441\u0442\u0440\u0430\u0446\u0438\u044f \u043d\u0430 \u043e\u0444\u0438\u0446\u0438\u0430\u043b\u044c\u043d\u043e\u043c \u0441\u0430\u0439\u0442\u0435 \u043a\u0430\u0437\u0438\u043d\u043e \u0434\u043b\u044f \u0438\u0433\u0440\u044b JetX. \u0412\u044b\u0431\u0440\u0430\u0442\u044c \u043a\u0430\u0437\u0438\u043d\u043e \u0434\u043b\u044f \u0438\u0433\u0440\u044b JetX. \u0421\u043e\u0437\u0434\u0430\u0442\u044c \u0430\u043a\u043a\u0430\u0443\u043d\u0442 \u0432 \u043a\u0430\u0437\u0438\u043d\u043e \u0438 \u043d\u0430\u0447\u0430\u0442\u044c \u0438\u0433\u0440\u0430\u0442\u044c \u0432 JetX\" \/>\n<meta property=\"og:url\" content=\"https:\/\/jetxwingamebrazil.com\/pt\/where-to-play-jetx\/\" \/>\n<meta property=\"og:site_name\" content=\"JetX\" \/>\n<meta property=\"article:modified_time\" content=\"2024-03-17T22:11:14+00:00\" \/>\n<meta name=\"twitter:card\" content=\"summary_large_image\" \/>\n<meta name=\"twitter:label1\" content=\"Tempo estimado de leitura\" \/>\n\t<meta name=\"twitter:data1\" content=\"4 minutos\" \/>\n<script type=\"application\/ld+json\" class=\"yoast-schema-graph\">{\"@context\":\"https:\/\/schema.org\",\"@graph\":[{\"@type\":\"WebPage\",\"@id\":\"https:\/\/jetxwingamebrazil.com\/where-to-play-jetx\/\",\"url\":\"https:\/\/jetxwingamebrazil.com\/where-to-play-jetx\/\",\"name\":\"\u0413\u0434\u0435 \u0438\u0433\u0440\u0430\u0442\u044c \u0432 \u0438\u0433\u0440\u0443 JetX\",\"isPartOf\":{\"@id\":\"https:\/\/jetxwingamebrazil.com\/#website\"},\"datePublished\":\"2024-03-16T13:48:13+00:00\",\"dateModified\":\"2024-03-17T22:11:14+00:00\",\"description\":\"\u0420\u0435\u0433\u0438\u0441\u0442\u0440\u0430\u0446\u0438\u044f \u043d\u0430 \u043e\u0444\u0438\u0446\u0438\u0430\u043b\u044c\u043d\u043e\u043c \u0441\u0430\u0439\u0442\u0435 \u043a\u0430\u0437\u0438\u043d\u043e \u0434\u043b\u044f \u0438\u0433\u0440\u044b JetX. \u0412\u044b\u0431\u0440\u0430\u0442\u044c \u043a\u0430\u0437\u0438\u043d\u043e \u0434\u043b\u044f \u0438\u0433\u0440\u044b JetX. \u0421\u043e\u0437\u0434\u0430\u0442\u044c \u0430\u043a\u043a\u0430\u0443\u043d\u0442 \u0432 \u043a\u0430\u0437\u0438\u043d\u043e \u0438 \u043d\u0430\u0447\u0430\u0442\u044c \u0438\u0433\u0440\u0430\u0442\u044c \u0432 JetX\",\"breadcrumb\":{\"@id\":\"https:\/\/jetxwingamebrazil.com\/where-to-play-jetx\/#breadcrumb\"},\"inLanguage\":\"pt-PT\",\"potentialAction\":[{\"@type\":\"ReadAction\",\"target\":[\"https:\/\/jetxwingamebrazil.com\/where-to-play-jetx\/\"]}]},{\"@type\":\"BreadcrumbList\",\"@id\":\"https:\/\/jetxwingamebrazil.com\/where-to-play-jetx\/#breadcrumb\",\"itemListElement\":[{\"@type\":\"ListItem\",\"position\":1,\"name\":\"\u0413\u043b\u0430\u0432\u043d\u0430\u044f \u0441\u0442\u0440\u0430\u043d\u0438\u0446\u0430\",\"item\":\"https:\/\/jetxwingamebrazil.com\/\"},{\"@type\":\"ListItem\",\"position\":2,\"name\":\"\u0413\u0434\u0435 \u0438\u0433\u0440\u0430\u0442\u044c \u0432 JetX\"}]},{\"@type\":\"WebSite\",\"@id\":\"https:\/\/jetxwingamebrazil.com\/#website\",\"url\":\"https:\/\/jetxwingamebrazil.com\/\",\"name\":\"JetX\",\"description\":\"\",\"publisher\":{\"@id\":\"https:\/\/jetxwingamebrazil.com\/#organization\"},\"potentialAction\":[{\"@type\":\"SearchAction\",\"target\":{\"@type\":\"EntryPoint\",\"urlTemplate\":\"https:\/\/jetxwingamebrazil.com\/?s={search_term_string}\"},\"query-input\":{\"@type\":\"PropertyValueSpecification\",\"valueRequired\":true,\"valueName\":\"search_term_string\"}}],\"inLanguage\":\"pt-PT\"},{\"@type\":\"Organization\",\"@id\":\"https:\/\/jetxwingamebrazil.com\/#organization\",\"name\":\"JetX\",\"url\":\"https:\/\/jetxwingamebrazil.com\/\",\"logo\":{\"@type\":\"ImageObject\",\"inLanguage\":\"pt-PT\",\"@id\":\"https:\/\/jetxwingamebrazil.com\/#\/schema\/logo\/image\/\",\"url\":\"https:\/\/jetxwingamebrazil.com\/wp-content\/uploads\/jetx-slot-logo.png\",\"contentUrl\":\"https:\/\/jetxwingamebrazil.com\/wp-content\/uploads\/jetx-slot-logo.png\",\"width\":200,\"height\":101,\"caption\":\"JetX\"},\"image\":{\"@id\":\"https:\/\/jetxwingamebrazil.com\/#\/schema\/logo\/image\/\"}}]}<\/script>\n<!-- \/ Yoast SEO plugin. -->","yoast_head_json":{"title":"\u0413\u0434\u0435 \u0438\u0433\u0440\u0430\u0442\u044c \u0432 \u0438\u0433\u0440\u0443 JetX","description":"Registro no site oficial do cassino para jogar JetX. Escolha um cassino para jogar JetX. Crie uma conta no cassino e comece a jogar JetX.","robots":{"index":"index","follow":"follow","max-snippet":"max-snippet:-1","max-image-preview":"max-image-preview:large","max-video-preview":"max-video-preview:-1"},"canonical":"https:\/\/jetxwingamebrazil.com\/pt\/where-to-play-jetx\/","og_locale":"pt_PT","og_type":"article","og_title":"\u0413\u0434\u0435 \u0438\u0433\u0440\u0430\u0442\u044c \u0432 \u0438\u0433\u0440\u0443 JetX","og_description":"\u0420\u0435\u0433\u0438\u0441\u0442\u0440\u0430\u0446\u0438\u044f \u043d\u0430 \u043e\u0444\u0438\u0446\u0438\u0430\u043b\u044c\u043d\u043e\u043c \u0441\u0430\u0439\u0442\u0435 \u043a\u0430\u0437\u0438\u043d\u043e \u0434\u043b\u044f \u0438\u0433\u0440\u044b JetX. \u0412\u044b\u0431\u0440\u0430\u0442\u044c \u043a\u0430\u0437\u0438\u043d\u043e \u0434\u043b\u044f \u0438\u0433\u0440\u044b JetX. \u0421\u043e\u0437\u0434\u0430\u0442\u044c \u0430\u043a\u043a\u0430\u0443\u043d\u0442 \u0432 \u043a\u0430\u0437\u0438\u043d\u043e \u0438 \u043d\u0430\u0447\u0430\u0442\u044c \u0438\u0433\u0440\u0430\u0442\u044c \u0432 JetX","og_url":"https:\/\/jetxwingamebrazil.com\/pt\/where-to-play-jetx\/","og_site_name":"JetX","article_modified_time":"2024-03-17T22:11:14+00:00","twitter_card":"summary_large_image","twitter_misc":{"Tempo estimado de leitura":"4 minutos"},"schema":{"@context":"https:\/\/schema.org","@graph":[{"@type":"WebPage","@id":"https:\/\/jetxwingamebrazil.com\/where-to-play-jetx\/","url":"https:\/\/jetxwingamebrazil.com\/where-to-play-jetx\/","name":"\u0413\u0434\u0435 \u0438\u0433\u0440\u0430\u0442\u044c \u0432 \u0438\u0433\u0440\u0443 JetX","isPartOf":{"@id":"https:\/\/jetxwingamebrazil.com\/#website"},"datePublished":"2024-03-16T13:48:13+00:00","dateModified":"2024-03-17T22:11:14+00:00","description":"\u0420\u0435\u0433\u0438\u0441\u0442\u0440\u0430\u0446\u0438\u044f \u043d\u0430 \u043e\u0444\u0438\u0446\u0438\u0430\u043b\u044c\u043d\u043e\u043c \u0441\u0430\u0439\u0442\u0435 \u043a\u0430\u0437\u0438\u043d\u043e \u0434\u043b\u044f \u0438\u0433\u0440\u044b JetX. \u0412\u044b\u0431\u0440\u0430\u0442\u044c \u043a\u0430\u0437\u0438\u043d\u043e \u0434\u043b\u044f \u0438\u0433\u0440\u044b JetX. \u0421\u043e\u0437\u0434\u0430\u0442\u044c \u0430\u043a\u043a\u0430\u0443\u043d\u0442 \u0432 \u043a\u0430\u0437\u0438\u043d\u043e \u0438 \u043d\u0430\u0447\u0430\u0442\u044c \u0438\u0433\u0440\u0430\u0442\u044c \u0432 JetX","breadcrumb":{"@id":"https:\/\/jetxwingamebrazil.com\/where-to-play-jetx\/#breadcrumb"},"inLanguage":"pt-PT","potentialAction":[{"@type":"ReadAction","target":["https:\/\/jetxwingamebrazil.com\/where-to-play-jetx\/"]}]},{"@type":"BreadcrumbList","@id":"https:\/\/jetxwingamebrazil.com\/where-to-play-jetx\/#breadcrumb","itemListElement":[{"@type":"ListItem","position":1,"name":"\u0413\u043b\u0430\u0432\u043d\u0430\u044f \u0441\u0442\u0440\u0430\u043d\u0438\u0446\u0430","item":"https:\/\/jetxwingamebrazil.com\/"},{"@type":"ListItem","position":2,"name":"\u0413\u0434\u0435 \u0438\u0433\u0440\u0430\u0442\u044c \u0432 JetX"}]},{"@type":"WebSite","@id":"https:\/\/jetxwingamebrazil.com\/#website","url":"https:\/\/jetxwingamebrazil.com\/","name":"JetX","description":"","publisher":{"@id":"https:\/\/jetxwingamebrazil.com\/#organization"},"potentialAction":[{"@type":"SearchAction","target":{"@type":"EntryPoint","urlTemplate":"https:\/\/jetxwingamebrazil.com\/?s={search_term_string}"},"query-input":{"@type":"PropertyValueSpecification","valueRequired":true,"valueName":"search_term_string"}}],"inLanguage":"pt-PT"},{"@type":"Organization","@id":"https:\/\/jetxwingamebrazil.com\/#organization","name":"JetX","url":"https:\/\/jetxwingamebrazil.com\/","logo":{"@type":"ImageObject","inLanguage":"pt-PT","@id":"https:\/\/jetxwingamebrazil.com\/#\/schema\/logo\/image\/","url":"https:\/\/jetxwingamebrazil.com\/wp-content\/uploads\/jetx-slot-logo.png","contentUrl":"https:\/\/jetxwingamebrazil.com\/wp-content\/uploads\/jetx-slot-logo.png","width":200,"height":101,"caption":"JetX"},"image":{"@id":"https:\/\/jetxwingamebrazil.com\/#\/schema\/logo\/image\/"}}]}},"_links":{"self":[{"href":"https:\/\/jetxwingamebrazil.com\/pt\/wp-json\/wp\/v2\/pages\/17","targetHints":{"allow":["GET"]}}],"collection":[{"href":"https:\/\/jetxwingamebrazil.com\/pt\/wp-json\/wp\/v2\/pages"}],"about":[{"href":"https:\/\/jetxwingamebrazil.com\/pt\/wp-json\/wp\/v2\/types\/page"}],"author":[{"embeddable":true,"href":"https:\/\/jetxwingamebrazil.com\/pt\/wp-json\/wp\/v2\/users\/1"}],"replies":[{"embeddable":true,"href":"https:\/\/jetxwingamebrazil.com\/pt\/wp-json\/wp\/v2\/comments?post=17"}],"version-history":[{"count":16,"href":"https:\/\/jetxwingamebrazil.com\/pt\/wp-json\/wp\/v2\/pages\/17\/revisions"}],"predecessor-version":[{"id":48,"href":"https:\/\/jetxwingamebrazil.com\/pt\/wp-json\/wp\/v2\/pages\/17\/revisions\/48"}],"wp:attachment":[{"href":"https:\/\/jetxwingamebrazil.com\/pt\/wp-json\/wp\/v2\/media?parent=17"}],"curies":[{"name":"wp","href":"https:\/\/api.w.org\/{rel}","templated":true}]}}