{"id":19,"date":"2024-03-16T19:08:19","date_gmt":"2024-03-16T16:08:19","guid":{"rendered":"https:\/\/jetxwingamebrazil.com\/?page_id=19"},"modified":"2024-03-18T01:07:39","modified_gmt":"2024-03-17T22:07:39","slug":"casino-bonuses-in-jetx-games","status":"publish","type":"page","link":"https:\/\/jetxwingamebrazil.com\/pt\/casino-bonuses-in-jetx-games\/","title":{"rendered":"B\u00f4nus de cassino nos jogos JetX"},"content":{"rendered":"<p>\u00c9 hora de falar sobre os tipos de b\u00f4nus dispon\u00edveis se voc\u00ea decidir jogar JetX. Deve ser observado que n\u00e3o h\u00e1 b\u00f4nus especiais no jogo, e geralmente os b\u00f4nus dependem do cassino online. Embora os tipos de b\u00f4nus em diferentes cassinos sejam aproximadamente os mesmos, os valores e condi\u00e7\u00f5es podem variar significativamente de um cassino para outro, ent\u00e3o recomendamos prestar aten\u00e7\u00e3o aos detalhes. Ent\u00e3o, vamos discutir quais tipos de b\u00f4nus os cassinos online podem oferecer:<\/p>\n<ul>\n<li>B\u00f4nus de registro \/ b\u00f4nus de boas-vindas &#8211; uma oferta para novos jogadores, geralmente inclui um b\u00f4nus no primeiro dep\u00f3sito. Envolve um percentual dependendo do valor do dep\u00f3sito, por exemplo, de 20 a 100 por cento, que o jogador recebe como dinheiro gr\u00e1tis.<\/li>\n<li>B\u00f4nus sem dep\u00f3sito &#8211; um tipo de b\u00f4nus fornecido sem a necessidade de fazer um dep\u00f3sito. Geralmente, este \u00e9 um valor fixo de dinheiro que os jogadores podem usar para jogar sem arriscar seus pr\u00f3prios fundos. Essencialmente, s\u00e3o fundos de b\u00f4nus que o jogador pode usar a seu crit\u00e9rio. Os termos desses b\u00f4nus s\u00e3o muito rigorosos porque o cassino n\u00e3o est\u00e1 interessado em conseguir um jogador, dando-lhes dinheiro falso e depois entregando os ganhos em dinheiro real. Portanto, este tipo de b\u00f4nus \u00e9 considerado o mais desafiador.<\/li>\n<li>B\u00f4nus de dep\u00f3sito &#8211; al\u00e9m do b\u00f4nus de boas-vindas, os cassinos podem oferecer b\u00f4nus em dep\u00f3sitos subsequentes para incentivar os jogadores a continuar jogando. Normalmente, isso se refere aos primeiros dep\u00f3sitos em favor do cassino. Por exemplo, do 2\u00ba ao 5\u00ba dep\u00f3sito. O valor do b\u00f4nus tamb\u00e9m pode variar &#8211; de 100 a 5 por cento.<\/li>\n<li>B\u00f4nus de indica\u00e7\u00e3o &#8211; alguns cassinos recompensam os jogadores por indicar novos usu\u00e1rios oferecendo b\u00f4nus para cada amigo convidado que se registrar e fizer um dep\u00f3sito.<\/li>\n<li>B\u00f4nus de anivers\u00e1rio &#8211; o jogador recebe um b\u00f4nus de anivers\u00e1rio do cassino online.<\/li>\n<\/ul>\n<p>\u00c9 claro, esta n\u00e3o \u00e9 uma lista completa de b\u00f4nus oferecidos por cassinos online aos jogadores. Existem significativamente mais b\u00f4nus, e cada cassino tem suas pr\u00f3prias nuances relacionadas aos b\u00f4nus.<\/p>\n","protected":false},"excerpt":{"rendered":"<p>\u00c9 hora de falar sobre os tipos de b\u00f4nus dispon\u00edveis se voc\u00ea decidir jogar JetX. Deve ser observado que n\u00e3o h\u00e1 b\u00f4nus especiais no jogo, e geralmente os b\u00f4nus dependem do cassino online. Embora os<span class=\"more-button\"><a href=\"https:\/\/jetxwingamebrazil.com\/pt\/casino-bonuses-in-jetx-games\/\" class=\"more-link\">Continue reading<span class=\"screen-reader-text\">B\u00f4nus de cassino nos jogos JetX<\/span><i class=\"fa fa-angle-right\" aria-hidden=\"true\"><\/i><\/a><\/span><\/p>\n","protected":false},"author":1,"featured_media":0,"parent":0,"menu_order":0,"comment_status":"closed","ping_status":"closed","template":"","meta":{"footnotes":""},"class_list":["post-19","page","type-page","status-publish","hentry"],"yoast_head":"<!-- This site is optimized with the Yoast SEO plugin v27.2 - https:\/\/yoast.com\/product\/yoast-seo-wordpress\/ -->\n<title>\u0411\u043e\u043d\u0443\u0441\u044b \u043a\u0430\u0437\u0438\u043d\u043e \u0434\u043b\u044f \u0438\u0433\u0440\u043e\u043a\u043e\u0432 JetX<\/title>\n<meta name=\"description\" content=\"B\u00f4nus do jogo JetX. B\u00f4nus de registro, b\u00f4nus sem dep\u00f3sito, b\u00f4nus de dep\u00f3sito, b\u00f4nus de anivers\u00e1rio de cassinos online\" \/>\n<meta name=\"robots\" content=\"index, follow, max-snippet:-1, max-image-preview:large, max-video-preview:-1\" \/>\n<link rel=\"canonical\" href=\"https:\/\/jetxwingamebrazil.com\/pt\/casino-bonuses-in-jetx-games\/\" \/>\n<meta property=\"og:locale\" content=\"pt_PT\" \/>\n<meta property=\"og:locale:alternate\" content=\"ru_RU\" \/>\n<meta property=\"og:locale:alternate\" content=\"en_US\" \/>\n<meta property=\"og:locale:alternate\" content=\"es_ES\" \/>\n<meta property=\"og:locale:alternate\" content=\"ro_RO\" \/>\n<meta property=\"og:locale:alternate\" content=\"sr_RS\" \/>\n<meta property=\"og:locale:alternate\" content=\"bg_BG\" \/>\n<meta property=\"og:locale:alternate\" content=\"pl_PL\" \/>\n<meta property=\"og:type\" content=\"article\" \/>\n<meta property=\"og:title\" content=\"\u0411\u043e\u043d\u0443\u0441\u044b \u043a\u0430\u0437\u0438\u043d\u043e \u0434\u043b\u044f \u0438\u0433\u0440\u043e\u043a\u043e\u0432 JetX\" \/>\n<meta property=\"og:description\" content=\"\u0411\u043e\u043d\u0443\u0441\u044b \u0438\u0433\u0440\u044b JetX. \u0411\u043e\u043d\u0443\u0441 \u0437\u0430 \u0440\u0435\u0433\u0438\u0441\u0442\u0440\u0430\u0446\u0438\u044e, \u0431\u0435\u0437\u0434\u0435\u043f\u043e\u0437\u0438\u0442\u043d\u044b\u0439 \u0431\u043e\u043d\u0443\u0441, \u0431\u043e\u043d\u0443\u0441 \u043d\u0430 \u0434\u0435\u043f\u043e\u0437\u0438\u0442, \u0431\u043e\u043d\u0443\u0441 \u043d\u0430 \u0434\u0435\u043d\u044c \u0440\u043e\u0436\u0434\u0435\u043d\u0438\u044f \u043e\u0442 \u043e\u043d\u043b\u0430\u0439\u043d \u043a\u0430\u0437\u0438\u043d\u043e\" \/>\n<meta property=\"og:url\" content=\"https:\/\/jetxwingamebrazil.com\/pt\/casino-bonuses-in-jetx-games\/\" \/>\n<meta property=\"og:site_name\" content=\"JetX\" \/>\n<meta property=\"article:modified_time\" content=\"2024-03-17T22:07:39+00:00\" \/>\n<meta name=\"twitter:card\" content=\"summary_large_image\" \/>\n<meta name=\"twitter:label1\" content=\"Tempo estimado de leitura\" \/>\n\t<meta name=\"twitter:data1\" content=\"9 minutos\" \/>\n<script type=\"application\/ld+json\" class=\"yoast-schema-graph\">{\"@context\":\"https:\/\/schema.org\",\"@graph\":[{\"@type\":\"WebPage\",\"@id\":\"https:\/\/jetxwingamebrazil.com\/casino-bonuses-in-jetx-games\/\",\"url\":\"https:\/\/jetxwingamebrazil.com\/casino-bonuses-in-jetx-games\/\",\"name\":\"\u0411\u043e\u043d\u0443\u0441\u044b \u043a\u0430\u0437\u0438\u043d\u043e \u0434\u043b\u044f \u0438\u0433\u0440\u043e\u043a\u043e\u0432 JetX\",\"isPartOf\":{\"@id\":\"https:\/\/jetxwingamebrazil.com\/#website\"},\"datePublished\":\"2024-03-16T16:08:19+00:00\",\"dateModified\":\"2024-03-17T22:07:39+00:00\",\"description\":\"\u0411\u043e\u043d\u0443\u0441\u044b \u0438\u0433\u0440\u044b JetX. \u0411\u043e\u043d\u0443\u0441 \u0437\u0430 \u0440\u0435\u0433\u0438\u0441\u0442\u0440\u0430\u0446\u0438\u044e, \u0431\u0435\u0437\u0434\u0435\u043f\u043e\u0437\u0438\u0442\u043d\u044b\u0439 \u0431\u043e\u043d\u0443\u0441, \u0431\u043e\u043d\u0443\u0441 \u043d\u0430 \u0434\u0435\u043f\u043e\u0437\u0438\u0442, \u0431\u043e\u043d\u0443\u0441 \u043d\u0430 \u0434\u0435\u043d\u044c \u0440\u043e\u0436\u0434\u0435\u043d\u0438\u044f \u043e\u0442 \u043e\u043d\u043b\u0430\u0439\u043d \u043a\u0430\u0437\u0438\u043d\u043e\",\"breadcrumb\":{\"@id\":\"https:\/\/jetxwingamebrazil.com\/casino-bonuses-in-jetx-games\/#breadcrumb\"},\"inLanguage\":\"pt-PT\",\"potentialAction\":[{\"@type\":\"ReadAction\",\"target\":[\"https:\/\/jetxwingamebrazil.com\/casino-bonuses-in-jetx-games\/\"]}]},{\"@type\":\"BreadcrumbList\",\"@id\":\"https:\/\/jetxwingamebrazil.com\/casino-bonuses-in-jetx-games\/#breadcrumb\",\"itemListElement\":[{\"@type\":\"ListItem\",\"position\":1,\"name\":\"\u0413\u043b\u0430\u0432\u043d\u0430\u044f \u0441\u0442\u0440\u0430\u043d\u0438\u0446\u0430\",\"item\":\"https:\/\/jetxwingamebrazil.com\/\"},{\"@type\":\"ListItem\",\"position\":2,\"name\":\"\u0411\u043e\u043d\u0443\u0441\u044b \u043a\u0430\u0437\u0438\u043d\u043e \u0432 \u0438\u0433\u0440\u0435 JetX\"}]},{\"@type\":\"WebSite\",\"@id\":\"https:\/\/jetxwingamebrazil.com\/#website\",\"url\":\"https:\/\/jetxwingamebrazil.com\/\",\"name\":\"JetX\",\"description\":\"\",\"publisher\":{\"@id\":\"https:\/\/jetxwingamebrazil.com\/#organization\"},\"potentialAction\":[{\"@type\":\"SearchAction\",\"target\":{\"@type\":\"EntryPoint\",\"urlTemplate\":\"https:\/\/jetxwingamebrazil.com\/?s={search_term_string}\"},\"query-input\":{\"@type\":\"PropertyValueSpecification\",\"valueRequired\":true,\"valueName\":\"search_term_string\"}}],\"inLanguage\":\"pt-PT\"},{\"@type\":\"Organization\",\"@id\":\"https:\/\/jetxwingamebrazil.com\/#organization\",\"name\":\"JetX\",\"url\":\"https:\/\/jetxwingamebrazil.com\/\",\"logo\":{\"@type\":\"ImageObject\",\"inLanguage\":\"pt-PT\",\"@id\":\"https:\/\/jetxwingamebrazil.com\/#\/schema\/logo\/image\/\",\"url\":\"https:\/\/jetxwingamebrazil.com\/wp-content\/uploads\/jetx-slot-logo.png\",\"contentUrl\":\"https:\/\/jetxwingamebrazil.com\/wp-content\/uploads\/jetx-slot-logo.png\",\"width\":200,\"height\":101,\"caption\":\"JetX\"},\"image\":{\"@id\":\"https:\/\/jetxwingamebrazil.com\/#\/schema\/logo\/image\/\"}}]}<\/script>\n<!-- \/ Yoast SEO plugin. -->","yoast_head_json":{"title":"\u0411\u043e\u043d\u0443\u0441\u044b \u043a\u0430\u0437\u0438\u043d\u043e \u0434\u043b\u044f \u0438\u0433\u0440\u043e\u043a\u043e\u0432 JetX","description":"B\u00f4nus do jogo JetX. B\u00f4nus de registro, b\u00f4nus sem dep\u00f3sito, b\u00f4nus de dep\u00f3sito, b\u00f4nus de anivers\u00e1rio de cassinos online","robots":{"index":"index","follow":"follow","max-snippet":"max-snippet:-1","max-image-preview":"max-image-preview:large","max-video-preview":"max-video-preview:-1"},"canonical":"https:\/\/jetxwingamebrazil.com\/pt\/casino-bonuses-in-jetx-games\/","og_locale":"pt_PT","og_type":"article","og_title":"\u0411\u043e\u043d\u0443\u0441\u044b \u043a\u0430\u0437\u0438\u043d\u043e \u0434\u043b\u044f \u0438\u0433\u0440\u043e\u043a\u043e\u0432 JetX","og_description":"\u0411\u043e\u043d\u0443\u0441\u044b \u0438\u0433\u0440\u044b JetX. \u0411\u043e\u043d\u0443\u0441 \u0437\u0430 \u0440\u0435\u0433\u0438\u0441\u0442\u0440\u0430\u0446\u0438\u044e, \u0431\u0435\u0437\u0434\u0435\u043f\u043e\u0437\u0438\u0442\u043d\u044b\u0439 \u0431\u043e\u043d\u0443\u0441, \u0431\u043e\u043d\u0443\u0441 \u043d\u0430 \u0434\u0435\u043f\u043e\u0437\u0438\u0442, \u0431\u043e\u043d\u0443\u0441 \u043d\u0430 \u0434\u0435\u043d\u044c \u0440\u043e\u0436\u0434\u0435\u043d\u0438\u044f \u043e\u0442 \u043e\u043d\u043b\u0430\u0439\u043d \u043a\u0430\u0437\u0438\u043d\u043e","og_url":"https:\/\/jetxwingamebrazil.com\/pt\/casino-bonuses-in-jetx-games\/","og_site_name":"JetX","article_modified_time":"2024-03-17T22:07:39+00:00","twitter_card":"summary_large_image","twitter_misc":{"Tempo estimado de leitura":"9 minutos"},"schema":{"@context":"https:\/\/schema.org","@graph":[{"@type":"WebPage","@id":"https:\/\/jetxwingamebrazil.com\/casino-bonuses-in-jetx-games\/","url":"https:\/\/jetxwingamebrazil.com\/casino-bonuses-in-jetx-games\/","name":"\u0411\u043e\u043d\u0443\u0441\u044b \u043a\u0430\u0437\u0438\u043d\u043e \u0434\u043b\u044f \u0438\u0433\u0440\u043e\u043a\u043e\u0432 JetX","isPartOf":{"@id":"https:\/\/jetxwingamebrazil.com\/#website"},"datePublished":"2024-03-16T16:08:19+00:00","dateModified":"2024-03-17T22:07:39+00:00","description":"\u0411\u043e\u043d\u0443\u0441\u044b \u0438\u0433\u0440\u044b JetX. \u0411\u043e\u043d\u0443\u0441 \u0437\u0430 \u0440\u0435\u0433\u0438\u0441\u0442\u0440\u0430\u0446\u0438\u044e, \u0431\u0435\u0437\u0434\u0435\u043f\u043e\u0437\u0438\u0442\u043d\u044b\u0439 \u0431\u043e\u043d\u0443\u0441, \u0431\u043e\u043d\u0443\u0441 \u043d\u0430 \u0434\u0435\u043f\u043e\u0437\u0438\u0442, \u0431\u043e\u043d\u0443\u0441 \u043d\u0430 \u0434\u0435\u043d\u044c \u0440\u043e\u0436\u0434\u0435\u043d\u0438\u044f \u043e\u0442 \u043e\u043d\u043b\u0430\u0439\u043d \u043a\u0430\u0437\u0438\u043d\u043e","breadcrumb":{"@id":"https:\/\/jetxwingamebrazil.com\/casino-bonuses-in-jetx-games\/#breadcrumb"},"inLanguage":"pt-PT","potentialAction":[{"@type":"ReadAction","target":["https:\/\/jetxwingamebrazil.com\/casino-bonuses-in-jetx-games\/"]}]},{"@type":"BreadcrumbList","@id":"https:\/\/jetxwingamebrazil.com\/casino-bonuses-in-jetx-games\/#breadcrumb","itemListElement":[{"@type":"ListItem","position":1,"name":"\u0413\u043b\u0430\u0432\u043d\u0430\u044f \u0441\u0442\u0440\u0430\u043d\u0438\u0446\u0430","item":"https:\/\/jetxwingamebrazil.com\/"},{"@type":"ListItem","position":2,"name":"\u0411\u043e\u043d\u0443\u0441\u044b \u043a\u0430\u0437\u0438\u043d\u043e \u0432 \u0438\u0433\u0440\u0435 JetX"}]},{"@type":"WebSite","@id":"https:\/\/jetxwingamebrazil.com\/#website","url":"https:\/\/jetxwingamebrazil.com\/","name":"JetX","description":"","publisher":{"@id":"https:\/\/jetxwingamebrazil.com\/#organization"},"potentialAction":[{"@type":"SearchAction","target":{"@type":"EntryPoint","urlTemplate":"https:\/\/jetxwingamebrazil.com\/?s={search_term_string}"},"query-input":{"@type":"PropertyValueSpecification","valueRequired":true,"valueName":"search_term_string"}}],"inLanguage":"pt-PT"},{"@type":"Organization","@id":"https:\/\/jetxwingamebrazil.com\/#organization","name":"JetX","url":"https:\/\/jetxwingamebrazil.com\/","logo":{"@type":"ImageObject","inLanguage":"pt-PT","@id":"https:\/\/jetxwingamebrazil.com\/#\/schema\/logo\/image\/","url":"https:\/\/jetxwingamebrazil.com\/wp-content\/uploads\/jetx-slot-logo.png","contentUrl":"https:\/\/jetxwingamebrazil.com\/wp-content\/uploads\/jetx-slot-logo.png","width":200,"height":101,"caption":"JetX"},"image":{"@id":"https:\/\/jetxwingamebrazil.com\/#\/schema\/logo\/image\/"}}]}},"_links":{"self":[{"href":"https:\/\/jetxwingamebrazil.com\/pt\/wp-json\/wp\/v2\/pages\/19","targetHints":{"allow":["GET"]}}],"collection":[{"href":"https:\/\/jetxwingamebrazil.com\/pt\/wp-json\/wp\/v2\/pages"}],"about":[{"href":"https:\/\/jetxwingamebrazil.com\/pt\/wp-json\/wp\/v2\/types\/page"}],"author":[{"embeddable":true,"href":"https:\/\/jetxwingamebrazil.com\/pt\/wp-json\/wp\/v2\/users\/1"}],"replies":[{"embeddable":true,"href":"https:\/\/jetxwingamebrazil.com\/pt\/wp-json\/wp\/v2\/comments?post=19"}],"version-history":[{"count":18,"href":"https:\/\/jetxwingamebrazil.com\/pt\/wp-json\/wp\/v2\/pages\/19\/revisions"}],"predecessor-version":[{"id":122,"href":"https:\/\/jetxwingamebrazil.com\/pt\/wp-json\/wp\/v2\/pages\/19\/revisions\/122"}],"wp:attachment":[{"href":"https:\/\/jetxwingamebrazil.com\/pt\/wp-json\/wp\/v2\/media?parent=19"}],"curies":[{"name":"wp","href":"https:\/\/api.w.org\/{rel}","templated":true}]}}