{"id":11,"date":"2024-03-16T16:35:26","date_gmt":"2024-03-16T13:35:26","guid":{"rendered":"https:\/\/jetxwingamebrazil.com\/?page_id=11"},"modified":"2024-03-18T01:25:43","modified_gmt":"2024-03-17T22:25:43","slug":"how-to-play-jetx","status":"publish","type":"page","link":"https:\/\/jetxwingamebrazil.com\/ro\/how-to-play-jetx\/","title":{"rendered":"Cum s\u0103 juca\u021bi JetX"},"content":{"rendered":"<p>Pute\u021bi plasa una sau dou\u0103 pariuri pe acela\u0219i zbor \u00een JetX. Utiliza\u021bi butoanele +\/- de l\u00e2ng\u0103 fiecare op\u021biune de pariere pentru a ajusta dimensiunea pariului.<\/p>\n<p>\u00cencerca\u021bi s\u0103 urca\u021bi c\u00e2t mai sus posibil \u0219i s\u0103 v\u0103 retrage\u021bi fondurile \u00eenainte ca avionul s\u0103 explodeze.<\/p>\n<p>Utiliza\u021bi func\u021bia de redare automat\u0103 men\u021bionat\u0103 anterior pentru a seta automat aceea\u0219i valoare a pariului \u00een fiecare rund\u0103 nou\u0103. Acest lucru poate fi f\u0103cut at\u00e2t pentru unul, c\u00e2t \u0219i pentru ambele pariuri selectate.<\/p>\n<h2><strong>Regulile Jocului \u00een Jet X<\/strong><\/h2>\n<p>Jocul JetX nu are reguli complicate. Mecanica jocului este destul de simpl\u0103:<\/p>\n<ul>\n<li>Juc\u0103torii trebuie s\u0103 prevad\u0103 c\u00e2nd se va pr\u0103bu\u0219i multiplicatorul jocului, select\u00e2nd un punct de retragere.<\/li>\n<li>Nu exist\u0103 un sistem complex de scor, moduri de joc avansate sau strategii avansate.<\/li>\n<\/ul>\n<p>Pariurile \u00een JetX sunt, de asemenea, simple. Juc\u0103torii pur \u0219i simplu ajusteaz\u0103 suma pariului \u00een fiecare rund\u0103 \u00eencep\u00e2nd de la $0.10.<\/p>\n<p>Singurul obiectiv este simplu, cu un rezultat binar de c\u00e2\u0219tig\/pierdere bazat pe un mecanism clar de retragere.<\/p>\n<p>Juc\u0103torii pot alege \u00eentre metodele de retragere automat\u0103 \u0219i manual\u0103:<\/p>\n<ul>\n<li>Retragere manual\u0103 &#8211; pur \u0219i simplu ap\u0103sa\u021bi butonul &#8222;retragere&#8221; \u00eenainte de pr\u0103bu\u0219ire.<\/li>\n<li>Retragere automat\u0103 &#8211; seta\u021bi un multiplicator preferat \u00eenainte ca runda s\u0103 \u00eenceap\u0103. Dac\u0103 pr\u0103bu\u0219irea nu are loc \u00eenainte de a atinge acest multiplicator, juc\u0103torii \u00ee\u0219i vor retrage automat pariurile \u00eenmul\u021bite cu multiplicatorul.<\/li>\n<\/ul>\n<h2><strong>Sfaturi \u0219i Strategii pentru Jocul \u00een JetX<\/strong><\/h2>\n<p>Strategiile de pariere \u00een jocurile de pr\u0103bu\u0219ire pot fi diverse. Iat\u0103 c\u00e2teva exemple care pot ajuta la cre\u0219terea poten\u021bialului de c\u00e2\u0219tig \u00een JetX:<\/p>\n<ul>\n<li>\n<h3><strong>Strategia de Multiplicator Fix<\/strong><\/h3>\n<\/li>\n<\/ul>\n<p>Alege\u021bi un multiplicator predefinit, cum ar fi 2x sau 5x, \u0219i retrage\u021bi automat fondurile de fiecare dat\u0103 c\u00e2nd atinge\u021bi aceast\u0103 valoare. Aceast\u0103 strategie \u00ee\u0219i propune s\u0103 asigure un venit stabil.<\/p>\n<p>Seta\u021bi retragerea automat\u0103 la multiplicatorul ales (de exemplu, 2x).<\/p>\n<p>Repeta\u021bi pariurile \u00een fiecare rund\u0103 f\u0103r\u0103 a schimba multiplicatorul de retragere automat\u0103.<\/p>\n<p>Dac\u0103 paria\u021bi 100 de monede \u0219i seta\u021bi retragerea automat\u0103 la 2x, pariul dvs. se va \u00eenchide automat c\u00e2nd atinge un multiplicator de 2x, \u0219i ve\u021bi primi 200 de monede.<\/p>\n<ul>\n<li>\n<h3><strong>Stop-Loss \u00een Mers<\/strong><\/h3>\n<\/li>\n<\/ul>\n<p>Aceast\u0103 strategie implic\u0103 retragerea unei p\u0103r\u021bi din fondurile sub v\u00e2rful atins de multiplicator pentru a asigura profitul \u00eenainte de o pr\u0103bu\u0219ire poten\u021bial\u0103.<\/p>\n<p>Identifica\u021bi multiplicatorul maxim \u00een timpul jocului.<\/p>\n<p>Seta\u021bi retragerea automat\u0103 u\u0219or sub acest v\u00e2rf.<\/p>\n<p>Dac\u0103 multiplicatorul atinge 10x, pute\u021bi seta retragerea automat\u0103 la 9x pentru a v\u0103 proteja de o pr\u0103bu\u0219ire brusc\u0103.<\/p>\n<ul>\n<li>\n<h3><strong>Strategia Martingale<\/strong><\/h3>\n<\/li>\n<\/ul>\n<p>Dup\u0103 fiecare pierdere, m\u0103ri\u021bi dimensiunea pariului astfel \u00eenc\u00e2t c\u00e2\u0219tigul s\u0103 acopere pierderile anterioare \u0219i s\u0103 aduc\u0103 profit. Este important s\u0103 ave\u021bi un capital suficient pentru a rezista unei serii de pierderi.<\/p>\n<p>\u00cencepe\u021bi cu un pariu mic.<\/p>\n<p>Dup\u0103 fiecare pierdere, dubla\u021bi pariul.<\/p>\n<p>Odat\u0103 ce c\u00e2\u0219tiga\u021bi, reveni\u021bi la pariu ini\u021bial.<\/p>\n<p>De exemplu, \u00eencepe\u021bi cu 100 de monede. Dac\u0103 pierde\u021bi, urm\u0103torul pariu va fi de 200 de monede. Dac\u0103 pierde\u021bi din nou, paria\u021bi 400 de monede. Dac\u0103 c\u00e2\u0219tiga\u021bi cu 400 de monede c\u00e2nd multiplicatorul, de exemplu, este de 2x, ve\u021bi primi 800 de monede, acoperind pierderile anterioare \u0219i realiz\u00e2nd un profit, apoi reveni\u021bi la pariu de 100 de monede.<\/p>\n<ul>\n<li>\n<h3><strong>Urm\u0103rirea Statisticilor<\/strong><\/h3>\n<\/li>\n<\/ul>\n<p>\u00cenregistra\u021bi rezultatele fiec\u0103rui joc pentru a analiza valorile medii ale multiplicatorului la pr\u0103bu\u0219ire \u0219i pentru a ajusta strategia de retragere.<\/p>\n<p>Men\u021bine\u021bi statisticile tuturor jocurilor dvs.<\/p>\n<p>Analiza\u021bi datele colectate pentru a determina momentul optim pentru retragere.<\/p>\n<p>Dac\u0103, dup\u0103 analizarea a 10 jocuri, constata\u021bi c\u0103 majoritatea pr\u0103bu\u0219irilor au loc \u00een jurul valorii de 3x, seta\u021bi retragerea automat\u0103 la 2.8x sau 2.9x.<\/p>\n<ul>\n<li>\n<h3><strong>Parierea Progresiv\u0103<\/strong><\/h3>\n<\/li>\n<\/ul>\n<p>M\u0103ri\u021bi treptat dimensiunea pariului pe m\u0103sur\u0103 ce multiplicatorul cre\u0219te pentru a maximiza c\u00e2\u0219tigurile \u0219i a minimiza pierderile timpurii.<\/p>\n<p>\u00cencepe\u021bi cu pariu minim.<\/p>\n<p>Pe m\u0103sur\u0103 ce multiplicatorul cre\u0219te, m\u0103ri\u021bi pariul \u00een func\u021bie de capitalul propriu \u0219i strategia de risc.<\/p>\n<p>\u00cencepe\u021bi cu 100 de monede; dac\u0103 multiplicatorul ajunge la 2x, face\u021bi urm\u0103torul par<\/p>\n<p>iu de 200 de monede, \u0219i tot a\u0219a, p\u00e2n\u0103 c\u00e2nd sim\u021bi\u021bi nevoia s\u0103 retrage\u021bi.<\/p>\n","protected":false},"excerpt":{"rendered":"<p>Pute\u021bi plasa una sau dou\u0103 pariuri pe acela\u0219i zbor \u00een JetX. Utiliza\u021bi butoanele +\/- de l\u00e2ng\u0103 fiecare op\u021biune de pariere pentru a ajusta dimensiunea pariului. \u00cencerca\u021bi s\u0103 urca\u021bi c\u00e2t mai sus posibil \u0219i s\u0103 v\u0103<span class=\"more-button\"><a href=\"https:\/\/jetxwingamebrazil.com\/ro\/how-to-play-jetx\/\" class=\"more-link\">Continue reading<span class=\"screen-reader-text\">Cum s\u0103 juca\u021bi JetX<\/span><i class=\"fa fa-angle-right\" aria-hidden=\"true\"><\/i><\/a><\/span><\/p>\n","protected":false},"author":1,"featured_media":0,"parent":0,"menu_order":0,"comment_status":"closed","ping_status":"closed","template":"","meta":{"footnotes":""},"class_list":["post-11","page","type-page","status-publish","hentry"],"yoast_head":"<!-- This site is optimized with the Yoast SEO plugin v27.2 - https:\/\/yoast.com\/product\/yoast-seo-wordpress\/ -->\n<title>\u041a\u0430\u043a \u0438\u0433\u0440\u0430\u0442\u044c \u0432 \u043e\u043d\u043b\u0430\u0439\u043d \u0438\u0433\u0440\u0443 JetX \u0432 \u043a\u0430\u0437\u0438\u043d\u043e<\/title>\n<meta name=\"description\" content=\"Juc\u00e2nd \u0219i c\u00e2\u0219tig\u00e2nd \u00een jocul JetX. Reguli de joc. Strategii \u0219i tactici. Cum s\u0103 c\u00e2\u0219tigi \u0219i cum s\u0103 joci corect JetX. Sfaturi pentru alegerea unei strategii de joc JetX.\" \/>\n<meta name=\"robots\" content=\"index, follow, max-snippet:-1, max-image-preview:large, max-video-preview:-1\" \/>\n<link rel=\"canonical\" href=\"https:\/\/jetxwingamebrazil.com\/ro\/how-to-play-jetx\/\" \/>\n<meta property=\"og:locale\" content=\"ro_RO\" \/>\n<meta property=\"og:locale:alternate\" content=\"ru_RU\" \/>\n<meta property=\"og:locale:alternate\" content=\"en_US\" \/>\n<meta property=\"og:locale:alternate\" content=\"pt_PT\" \/>\n<meta property=\"og:locale:alternate\" content=\"es_ES\" \/>\n<meta property=\"og:locale:alternate\" content=\"sr_RS\" \/>\n<meta property=\"og:locale:alternate\" content=\"bg_BG\" \/>\n<meta property=\"og:locale:alternate\" content=\"pl_PL\" \/>\n<meta property=\"og:type\" content=\"article\" \/>\n<meta property=\"og:title\" content=\"\u041a\u0430\u043a \u0438\u0433\u0440\u0430\u0442\u044c \u0432 \u043e\u043d\u043b\u0430\u0439\u043d \u0438\u0433\u0440\u0443 JetX \u0432 \u043a\u0430\u0437\u0438\u043d\u043e\" \/>\n<meta property=\"og:description\" content=\"\u0418\u0433\u0440\u0430\u0442\u044c \u0438 \u043f\u043e\u0431\u0435\u0436\u0434\u0430\u0442\u044c \u0432 \u0438\u0433\u0440\u0435 JetX. \u041f\u0440\u0430\u0432\u0438\u043b\u0430 \u0438\u0433\u0440\u044b. \u0421\u0442\u0440\u0430\u0442\u0435\u0433\u0438\u0438 \u0438 \u0442\u0430\u043a\u0442\u0438\u043a\u0438. \u041a\u0430\u043a \u0432\u044b\u0438\u0433\u0440\u0430\u0442\u044c \u0438 \u043a\u0430\u043a \u043f\u0440\u0430\u0432\u0438\u043b\u044c\u043d\u043e \u0438\u0433\u0440\u0430\u0442\u044c \u0432 JetX. \u0421\u043e\u0432\u0435\u0442\u044b \u0434\u043b\u044f \u0432\u044b\u0431\u043e\u0440\u0430 \u0441\u0442\u0440\u0430\u0442\u0435\u0433\u0438\u0438 \u0438\u0433\u0440\u044b JetX\" \/>\n<meta property=\"og:url\" content=\"https:\/\/jetxwingamebrazil.com\/ro\/how-to-play-jetx\/\" \/>\n<meta property=\"og:site_name\" content=\"JetX\" \/>\n<meta property=\"article:modified_time\" content=\"2024-03-17T22:25:43+00:00\" \/>\n<meta name=\"twitter:card\" content=\"summary_large_image\" \/>\n<meta name=\"twitter:label1\" content=\"Timp estimat pentru citire\" \/>\n\t<meta name=\"twitter:data1\" content=\"17 minute\" \/>\n<script type=\"application\/ld+json\" class=\"yoast-schema-graph\">{\"@context\":\"https:\/\/schema.org\",\"@graph\":[{\"@type\":\"WebPage\",\"@id\":\"https:\/\/jetxwingamebrazil.com\/how-to-play-jetx\/\",\"url\":\"https:\/\/jetxwingamebrazil.com\/how-to-play-jetx\/\",\"name\":\"\u041a\u0430\u043a \u0438\u0433\u0440\u0430\u0442\u044c \u0432 \u043e\u043d\u043b\u0430\u0439\u043d \u0438\u0433\u0440\u0443 JetX \u0432 \u043a\u0430\u0437\u0438\u043d\u043e\",\"isPartOf\":{\"@id\":\"https:\/\/jetxwingamebrazil.com\/#website\"},\"datePublished\":\"2024-03-16T13:35:26+00:00\",\"dateModified\":\"2024-03-17T22:25:43+00:00\",\"description\":\"\u0418\u0433\u0440\u0430\u0442\u044c \u0438 \u043f\u043e\u0431\u0435\u0436\u0434\u0430\u0442\u044c \u0432 \u0438\u0433\u0440\u0435 JetX. \u041f\u0440\u0430\u0432\u0438\u043b\u0430 \u0438\u0433\u0440\u044b. \u0421\u0442\u0440\u0430\u0442\u0435\u0433\u0438\u0438 \u0438 \u0442\u0430\u043a\u0442\u0438\u043a\u0438. \u041a\u0430\u043a \u0432\u044b\u0438\u0433\u0440\u0430\u0442\u044c \u0438 \u043a\u0430\u043a \u043f\u0440\u0430\u0432\u0438\u043b\u044c\u043d\u043e \u0438\u0433\u0440\u0430\u0442\u044c \u0432 JetX. \u0421\u043e\u0432\u0435\u0442\u044b \u0434\u043b\u044f \u0432\u044b\u0431\u043e\u0440\u0430 \u0441\u0442\u0440\u0430\u0442\u0435\u0433\u0438\u0438 \u0438\u0433\u0440\u044b JetX\",\"breadcrumb\":{\"@id\":\"https:\/\/jetxwingamebrazil.com\/how-to-play-jetx\/#breadcrumb\"},\"inLanguage\":\"ro-RO\",\"potentialAction\":[{\"@type\":\"ReadAction\",\"target\":[\"https:\/\/jetxwingamebrazil.com\/how-to-play-jetx\/\"]}]},{\"@type\":\"BreadcrumbList\",\"@id\":\"https:\/\/jetxwingamebrazil.com\/how-to-play-jetx\/#breadcrumb\",\"itemListElement\":[{\"@type\":\"ListItem\",\"position\":1,\"name\":\"\u0413\u043b\u0430\u0432\u043d\u0430\u044f \u0441\u0442\u0440\u0430\u043d\u0438\u0446\u0430\",\"item\":\"https:\/\/jetxwingamebrazil.com\/\"},{\"@type\":\"ListItem\",\"position\":2,\"name\":\"\u041a\u0430\u043a \u0438\u0433\u0440\u0430\u0442\u044c \u0432 JetX\"}]},{\"@type\":\"WebSite\",\"@id\":\"https:\/\/jetxwingamebrazil.com\/#website\",\"url\":\"https:\/\/jetxwingamebrazil.com\/\",\"name\":\"JetX\",\"description\":\"\",\"publisher\":{\"@id\":\"https:\/\/jetxwingamebrazil.com\/#organization\"},\"potentialAction\":[{\"@type\":\"SearchAction\",\"target\":{\"@type\":\"EntryPoint\",\"urlTemplate\":\"https:\/\/jetxwingamebrazil.com\/?s={search_term_string}\"},\"query-input\":{\"@type\":\"PropertyValueSpecification\",\"valueRequired\":true,\"valueName\":\"search_term_string\"}}],\"inLanguage\":\"ro-RO\"},{\"@type\":\"Organization\",\"@id\":\"https:\/\/jetxwingamebrazil.com\/#organization\",\"name\":\"JetX\",\"url\":\"https:\/\/jetxwingamebrazil.com\/\",\"logo\":{\"@type\":\"ImageObject\",\"inLanguage\":\"ro-RO\",\"@id\":\"https:\/\/jetxwingamebrazil.com\/#\/schema\/logo\/image\/\",\"url\":\"https:\/\/jetxwingamebrazil.com\/wp-content\/uploads\/jetx-slot-logo.png\",\"contentUrl\":\"https:\/\/jetxwingamebrazil.com\/wp-content\/uploads\/jetx-slot-logo.png\",\"width\":200,\"height\":101,\"caption\":\"JetX\"},\"image\":{\"@id\":\"https:\/\/jetxwingamebrazil.com\/#\/schema\/logo\/image\/\"}}]}<\/script>\n<!-- \/ Yoast SEO plugin. -->","yoast_head_json":{"title":"\u041a\u0430\u043a \u0438\u0433\u0440\u0430\u0442\u044c \u0432 \u043e\u043d\u043b\u0430\u0439\u043d \u0438\u0433\u0440\u0443 JetX \u0432 \u043a\u0430\u0437\u0438\u043d\u043e","description":"Juc\u00e2nd \u0219i c\u00e2\u0219tig\u00e2nd \u00een jocul JetX. Reguli de joc. Strategii \u0219i tactici. Cum s\u0103 c\u00e2\u0219tigi \u0219i cum s\u0103 joci corect JetX. Sfaturi pentru alegerea unei strategii de joc JetX.","robots":{"index":"index","follow":"follow","max-snippet":"max-snippet:-1","max-image-preview":"max-image-preview:large","max-video-preview":"max-video-preview:-1"},"canonical":"https:\/\/jetxwingamebrazil.com\/ro\/how-to-play-jetx\/","og_locale":"ro_RO","og_type":"article","og_title":"\u041a\u0430\u043a \u0438\u0433\u0440\u0430\u0442\u044c \u0432 \u043e\u043d\u043b\u0430\u0439\u043d \u0438\u0433\u0440\u0443 JetX \u0432 \u043a\u0430\u0437\u0438\u043d\u043e","og_description":"\u0418\u0433\u0440\u0430\u0442\u044c \u0438 \u043f\u043e\u0431\u0435\u0436\u0434\u0430\u0442\u044c \u0432 \u0438\u0433\u0440\u0435 JetX. \u041f\u0440\u0430\u0432\u0438\u043b\u0430 \u0438\u0433\u0440\u044b. \u0421\u0442\u0440\u0430\u0442\u0435\u0433\u0438\u0438 \u0438 \u0442\u0430\u043a\u0442\u0438\u043a\u0438. \u041a\u0430\u043a \u0432\u044b\u0438\u0433\u0440\u0430\u0442\u044c \u0438 \u043a\u0430\u043a \u043f\u0440\u0430\u0432\u0438\u043b\u044c\u043d\u043e \u0438\u0433\u0440\u0430\u0442\u044c \u0432 JetX. \u0421\u043e\u0432\u0435\u0442\u044b \u0434\u043b\u044f \u0432\u044b\u0431\u043e\u0440\u0430 \u0441\u0442\u0440\u0430\u0442\u0435\u0433\u0438\u0438 \u0438\u0433\u0440\u044b JetX","og_url":"https:\/\/jetxwingamebrazil.com\/ro\/how-to-play-jetx\/","og_site_name":"JetX","article_modified_time":"2024-03-17T22:25:43+00:00","twitter_card":"summary_large_image","twitter_misc":{"Timp estimat pentru citire":"17 minute"},"schema":{"@context":"https:\/\/schema.org","@graph":[{"@type":"WebPage","@id":"https:\/\/jetxwingamebrazil.com\/how-to-play-jetx\/","url":"https:\/\/jetxwingamebrazil.com\/how-to-play-jetx\/","name":"\u041a\u0430\u043a \u0438\u0433\u0440\u0430\u0442\u044c \u0432 \u043e\u043d\u043b\u0430\u0439\u043d \u0438\u0433\u0440\u0443 JetX \u0432 \u043a\u0430\u0437\u0438\u043d\u043e","isPartOf":{"@id":"https:\/\/jetxwingamebrazil.com\/#website"},"datePublished":"2024-03-16T13:35:26+00:00","dateModified":"2024-03-17T22:25:43+00:00","description":"\u0418\u0433\u0440\u0430\u0442\u044c \u0438 \u043f\u043e\u0431\u0435\u0436\u0434\u0430\u0442\u044c \u0432 \u0438\u0433\u0440\u0435 JetX. \u041f\u0440\u0430\u0432\u0438\u043b\u0430 \u0438\u0433\u0440\u044b. \u0421\u0442\u0440\u0430\u0442\u0435\u0433\u0438\u0438 \u0438 \u0442\u0430\u043a\u0442\u0438\u043a\u0438. \u041a\u0430\u043a \u0432\u044b\u0438\u0433\u0440\u0430\u0442\u044c \u0438 \u043a\u0430\u043a \u043f\u0440\u0430\u0432\u0438\u043b\u044c\u043d\u043e \u0438\u0433\u0440\u0430\u0442\u044c \u0432 JetX. \u0421\u043e\u0432\u0435\u0442\u044b \u0434\u043b\u044f \u0432\u044b\u0431\u043e\u0440\u0430 \u0441\u0442\u0440\u0430\u0442\u0435\u0433\u0438\u0438 \u0438\u0433\u0440\u044b JetX","breadcrumb":{"@id":"https:\/\/jetxwingamebrazil.com\/how-to-play-jetx\/#breadcrumb"},"inLanguage":"ro-RO","potentialAction":[{"@type":"ReadAction","target":["https:\/\/jetxwingamebrazil.com\/how-to-play-jetx\/"]}]},{"@type":"BreadcrumbList","@id":"https:\/\/jetxwingamebrazil.com\/how-to-play-jetx\/#breadcrumb","itemListElement":[{"@type":"ListItem","position":1,"name":"\u0413\u043b\u0430\u0432\u043d\u0430\u044f \u0441\u0442\u0440\u0430\u043d\u0438\u0446\u0430","item":"https:\/\/jetxwingamebrazil.com\/"},{"@type":"ListItem","position":2,"name":"\u041a\u0430\u043a \u0438\u0433\u0440\u0430\u0442\u044c \u0432 JetX"}]},{"@type":"WebSite","@id":"https:\/\/jetxwingamebrazil.com\/#website","url":"https:\/\/jetxwingamebrazil.com\/","name":"JetX","description":"","publisher":{"@id":"https:\/\/jetxwingamebrazil.com\/#organization"},"potentialAction":[{"@type":"SearchAction","target":{"@type":"EntryPoint","urlTemplate":"https:\/\/jetxwingamebrazil.com\/?s={search_term_string}"},"query-input":{"@type":"PropertyValueSpecification","valueRequired":true,"valueName":"search_term_string"}}],"inLanguage":"ro-RO"},{"@type":"Organization","@id":"https:\/\/jetxwingamebrazil.com\/#organization","name":"JetX","url":"https:\/\/jetxwingamebrazil.com\/","logo":{"@type":"ImageObject","inLanguage":"ro-RO","@id":"https:\/\/jetxwingamebrazil.com\/#\/schema\/logo\/image\/","url":"https:\/\/jetxwingamebrazil.com\/wp-content\/uploads\/jetx-slot-logo.png","contentUrl":"https:\/\/jetxwingamebrazil.com\/wp-content\/uploads\/jetx-slot-logo.png","width":200,"height":101,"caption":"JetX"},"image":{"@id":"https:\/\/jetxwingamebrazil.com\/#\/schema\/logo\/image\/"}}]}},"_links":{"self":[{"href":"https:\/\/jetxwingamebrazil.com\/ro\/wp-json\/wp\/v2\/pages\/11","targetHints":{"allow":["GET"]}}],"collection":[{"href":"https:\/\/jetxwingamebrazil.com\/ro\/wp-json\/wp\/v2\/pages"}],"about":[{"href":"https:\/\/jetxwingamebrazil.com\/ro\/wp-json\/wp\/v2\/types\/page"}],"author":[{"embeddable":true,"href":"https:\/\/jetxwingamebrazil.com\/ro\/wp-json\/wp\/v2\/users\/1"}],"replies":[{"embeddable":true,"href":"https:\/\/jetxwingamebrazil.com\/ro\/wp-json\/wp\/v2\/comments?post=11"}],"version-history":[{"count":16,"href":"https:\/\/jetxwingamebrazil.com\/ro\/wp-json\/wp\/v2\/pages\/11\/revisions"}],"predecessor-version":[{"id":127,"href":"https:\/\/jetxwingamebrazil.com\/ro\/wp-json\/wp\/v2\/pages\/11\/revisions\/127"}],"wp:attachment":[{"href":"https:\/\/jetxwingamebrazil.com\/ro\/wp-json\/wp\/v2\/media?parent=11"}],"curies":[{"name":"wp","href":"https:\/\/api.w.org\/{rel}","templated":true}]}}