{"id":19,"date":"2024-03-16T19:08:19","date_gmt":"2024-03-16T16:08:19","guid":{"rendered":"https:\/\/jetxwingamebrazil.com\/?page_id=19"},"modified":"2024-03-18T01:07:39","modified_gmt":"2024-03-17T22:07:39","slug":"casino-bonuses-in-jetx-games","status":"publish","type":"page","link":"https:\/\/jetxwingamebrazil.com\/ro\/casino-bonuses-in-jetx-games\/","title":{"rendered":"Bonusuri de cazino \u00een jocurile JetX"},"content":{"rendered":"<p>Este timpul s\u0103 vorbim despre tipurile de bonusuri disponibile dac\u0103 decide\u021bi s\u0103 juca\u021bi JetX. Trebuie men\u021bionat c\u0103 nu exist\u0103 bonusuri speciale \u00een joc, iar de obicei, bonusurile depind de cazinoul online. Cu toate c\u0103 tipurile de bonusuri \u00een diferite cazinouri sunt aproximativ acelea\u0219i, sumele \u0219i condi\u021biile pot varia semnificativ de la un cazinou la altul, a\u0219a c\u0103 v\u0103 sf\u0103tuim s\u0103 acorda\u021bi aten\u021bie detaliilor. A\u0219adar, s\u0103 discut\u0103m despre ce tipuri de bonusuri pot oferi cazinourile online:<\/p>\n<ul>\n<li>Bonus de \u00eenregistrare \/ bonus de bun venit &#8211; o ofert\u0103 pentru juc\u0103torii noi, care de obicei include un bonus la primul depozit. Implic\u0103 un procent \u00een func\u021bie de suma depozitului, de exemplu, de la 20 la 100 la sut\u0103, pe care juc\u0103torul \u00eel prime\u0219te sub form\u0103 de bani gratui\u021bi.<\/li>\n<li>Bonus f\u0103r\u0103 depunere &#8211; un tip de bonus furnizat f\u0103r\u0103 necesitatea efectu\u0103rii unui depozit. De obicei, aceasta este o sum\u0103 fix\u0103 de bani pe care juc\u0103torii o pot folosi pentru a juca f\u0103r\u0103 a-\u0219i risca propriile fonduri. \u00cen esen\u021b\u0103, ace\u0219tia sunt fonduri bonus pe care juc\u0103torul le poate folosi la discre\u021bia sa. Termenii unor astfel de bonusuri sunt foarte stric\u021bi, deoarece cazinoul nu este interesat s\u0103 ob\u021bin\u0103 un juc\u0103tor, s\u0103-i ofere bani fal\u0219i, iar apoi s\u0103 \u00eei dea c\u00e2\u0219tigurile \u00een bani reali. Prin urmare, acest tip de bonus este considerat cel mai provocator.<\/li>\n<li>Bonusuri de depozit &#8211; \u00een plus fa\u021b\u0103 de bonusul de bun venit, cazinourile pot oferi bonusuri la depozitele ulterioare pentru a \u00eencuraja juc\u0103torii s\u0103 continue s\u0103 joace. De obicei, acest lucru se refer\u0103 la primele c\u00e2teva depozite \u00een favoarea cazinoului. De exemplu, de la al 2-lea la al 5-lea depozit. Suma bonusului poate varia, de asemenea, de la 100 la 5 la sut\u0103.<\/li>\n<li>Bonusuri de recomandare &#8211; unele cazinouri recompenseaz\u0103 juc\u0103torii pentru recomandarea unor utilizatori noi, oferind bonusuri pentru fiecare prieten invitat care se \u00eenregistreaz\u0103 \u0219i efectueaz\u0103 un depozit.<\/li>\n<li>Bonus de ziua de na\u0219tere &#8211; juc\u0103torul prime\u0219te un bonus de ziua sa de na\u0219tere de la cazinoul online.<\/li>\n<\/ul>\n<p>Desigur, aceasta nu este o list\u0103 complet\u0103 a bonusurilor oferite de cazinourile online juc\u0103torilor. Exist\u0103 mult mai multe bonusuri, iar fiecare cazinou are propriile sale nuan\u021be legate de bonusuri.<\/p>\n","protected":false},"excerpt":{"rendered":"<p>Este timpul s\u0103 vorbim despre tipurile de bonusuri disponibile dac\u0103 decide\u021bi s\u0103 juca\u021bi JetX. Trebuie men\u021bionat c\u0103 nu exist\u0103 bonusuri speciale \u00een joc, iar de obicei, bonusurile depind de cazinoul online. Cu toate c\u0103 tipurile<span class=\"more-button\"><a href=\"https:\/\/jetxwingamebrazil.com\/ro\/casino-bonuses-in-jetx-games\/\" class=\"more-link\">Continue reading<span class=\"screen-reader-text\">Bonusuri de cazino \u00een jocurile JetX<\/span><i class=\"fa fa-angle-right\" aria-hidden=\"true\"><\/i><\/a><\/span><\/p>\n","protected":false},"author":1,"featured_media":0,"parent":0,"menu_order":0,"comment_status":"closed","ping_status":"closed","template":"","meta":{"footnotes":""},"class_list":["post-19","page","type-page","status-publish","hentry"],"yoast_head":"<!-- This site is optimized with the Yoast SEO plugin v27.2 - https:\/\/yoast.com\/product\/yoast-seo-wordpress\/ -->\n<title>\u0411\u043e\u043d\u0443\u0441\u044b \u043a\u0430\u0437\u0438\u043d\u043e \u0434\u043b\u044f \u0438\u0433\u0440\u043e\u043a\u043e\u0432 JetX<\/title>\n<meta name=\"description\" content=\"Bonusuri de joc JetX. Bonus de \u00eenregistrare, bonus f\u0103r\u0103 depunere, bonus de depunere, bonus de ziua de na\u0219tere de la cazinouri online\" \/>\n<meta name=\"robots\" content=\"index, follow, max-snippet:-1, max-image-preview:large, max-video-preview:-1\" \/>\n<link rel=\"canonical\" href=\"https:\/\/jetxwingamebrazil.com\/ro\/casino-bonuses-in-jetx-games\/\" \/>\n<meta property=\"og:locale\" content=\"ro_RO\" \/>\n<meta property=\"og:locale:alternate\" content=\"ru_RU\" \/>\n<meta property=\"og:locale:alternate\" content=\"en_US\" \/>\n<meta property=\"og:locale:alternate\" content=\"pt_PT\" \/>\n<meta property=\"og:locale:alternate\" content=\"es_ES\" \/>\n<meta property=\"og:locale:alternate\" content=\"sr_RS\" \/>\n<meta property=\"og:locale:alternate\" content=\"bg_BG\" \/>\n<meta property=\"og:locale:alternate\" content=\"pl_PL\" \/>\n<meta property=\"og:type\" content=\"article\" \/>\n<meta property=\"og:title\" content=\"\u0411\u043e\u043d\u0443\u0441\u044b \u043a\u0430\u0437\u0438\u043d\u043e \u0434\u043b\u044f \u0438\u0433\u0440\u043e\u043a\u043e\u0432 JetX\" \/>\n<meta property=\"og:description\" content=\"\u0411\u043e\u043d\u0443\u0441\u044b \u0438\u0433\u0440\u044b JetX. \u0411\u043e\u043d\u0443\u0441 \u0437\u0430 \u0440\u0435\u0433\u0438\u0441\u0442\u0440\u0430\u0446\u0438\u044e, \u0431\u0435\u0437\u0434\u0435\u043f\u043e\u0437\u0438\u0442\u043d\u044b\u0439 \u0431\u043e\u043d\u0443\u0441, \u0431\u043e\u043d\u0443\u0441 \u043d\u0430 \u0434\u0435\u043f\u043e\u0437\u0438\u0442, \u0431\u043e\u043d\u0443\u0441 \u043d\u0430 \u0434\u0435\u043d\u044c \u0440\u043e\u0436\u0434\u0435\u043d\u0438\u044f \u043e\u0442 \u043e\u043d\u043b\u0430\u0439\u043d \u043a\u0430\u0437\u0438\u043d\u043e\" \/>\n<meta property=\"og:url\" content=\"https:\/\/jetxwingamebrazil.com\/ro\/casino-bonuses-in-jetx-games\/\" \/>\n<meta property=\"og:site_name\" content=\"JetX\" \/>\n<meta property=\"article:modified_time\" content=\"2024-03-17T22:07:39+00:00\" \/>\n<meta name=\"twitter:card\" content=\"summary_large_image\" \/>\n<meta name=\"twitter:label1\" content=\"Timp estimat pentru citire\" \/>\n\t<meta name=\"twitter:data1\" content=\"9 minute\" \/>\n<script type=\"application\/ld+json\" class=\"yoast-schema-graph\">{\"@context\":\"https:\/\/schema.org\",\"@graph\":[{\"@type\":\"WebPage\",\"@id\":\"https:\/\/jetxwingamebrazil.com\/casino-bonuses-in-jetx-games\/\",\"url\":\"https:\/\/jetxwingamebrazil.com\/casino-bonuses-in-jetx-games\/\",\"name\":\"\u0411\u043e\u043d\u0443\u0441\u044b \u043a\u0430\u0437\u0438\u043d\u043e \u0434\u043b\u044f \u0438\u0433\u0440\u043e\u043a\u043e\u0432 JetX\",\"isPartOf\":{\"@id\":\"https:\/\/jetxwingamebrazil.com\/#website\"},\"datePublished\":\"2024-03-16T16:08:19+00:00\",\"dateModified\":\"2024-03-17T22:07:39+00:00\",\"description\":\"\u0411\u043e\u043d\u0443\u0441\u044b \u0438\u0433\u0440\u044b JetX. \u0411\u043e\u043d\u0443\u0441 \u0437\u0430 \u0440\u0435\u0433\u0438\u0441\u0442\u0440\u0430\u0446\u0438\u044e, \u0431\u0435\u0437\u0434\u0435\u043f\u043e\u0437\u0438\u0442\u043d\u044b\u0439 \u0431\u043e\u043d\u0443\u0441, \u0431\u043e\u043d\u0443\u0441 \u043d\u0430 \u0434\u0435\u043f\u043e\u0437\u0438\u0442, \u0431\u043e\u043d\u0443\u0441 \u043d\u0430 \u0434\u0435\u043d\u044c \u0440\u043e\u0436\u0434\u0435\u043d\u0438\u044f \u043e\u0442 \u043e\u043d\u043b\u0430\u0439\u043d \u043a\u0430\u0437\u0438\u043d\u043e\",\"breadcrumb\":{\"@id\":\"https:\/\/jetxwingamebrazil.com\/casino-bonuses-in-jetx-games\/#breadcrumb\"},\"inLanguage\":\"ro-RO\",\"potentialAction\":[{\"@type\":\"ReadAction\",\"target\":[\"https:\/\/jetxwingamebrazil.com\/casino-bonuses-in-jetx-games\/\"]}]},{\"@type\":\"BreadcrumbList\",\"@id\":\"https:\/\/jetxwingamebrazil.com\/casino-bonuses-in-jetx-games\/#breadcrumb\",\"itemListElement\":[{\"@type\":\"ListItem\",\"position\":1,\"name\":\"\u0413\u043b\u0430\u0432\u043d\u0430\u044f \u0441\u0442\u0440\u0430\u043d\u0438\u0446\u0430\",\"item\":\"https:\/\/jetxwingamebrazil.com\/\"},{\"@type\":\"ListItem\",\"position\":2,\"name\":\"\u0411\u043e\u043d\u0443\u0441\u044b \u043a\u0430\u0437\u0438\u043d\u043e \u0432 \u0438\u0433\u0440\u0435 JetX\"}]},{\"@type\":\"WebSite\",\"@id\":\"https:\/\/jetxwingamebrazil.com\/#website\",\"url\":\"https:\/\/jetxwingamebrazil.com\/\",\"name\":\"JetX\",\"description\":\"\",\"publisher\":{\"@id\":\"https:\/\/jetxwingamebrazil.com\/#organization\"},\"potentialAction\":[{\"@type\":\"SearchAction\",\"target\":{\"@type\":\"EntryPoint\",\"urlTemplate\":\"https:\/\/jetxwingamebrazil.com\/?s={search_term_string}\"},\"query-input\":{\"@type\":\"PropertyValueSpecification\",\"valueRequired\":true,\"valueName\":\"search_term_string\"}}],\"inLanguage\":\"ro-RO\"},{\"@type\":\"Organization\",\"@id\":\"https:\/\/jetxwingamebrazil.com\/#organization\",\"name\":\"JetX\",\"url\":\"https:\/\/jetxwingamebrazil.com\/\",\"logo\":{\"@type\":\"ImageObject\",\"inLanguage\":\"ro-RO\",\"@id\":\"https:\/\/jetxwingamebrazil.com\/#\/schema\/logo\/image\/\",\"url\":\"https:\/\/jetxwingamebrazil.com\/wp-content\/uploads\/jetx-slot-logo.png\",\"contentUrl\":\"https:\/\/jetxwingamebrazil.com\/wp-content\/uploads\/jetx-slot-logo.png\",\"width\":200,\"height\":101,\"caption\":\"JetX\"},\"image\":{\"@id\":\"https:\/\/jetxwingamebrazil.com\/#\/schema\/logo\/image\/\"}}]}<\/script>\n<!-- \/ Yoast SEO plugin. -->","yoast_head_json":{"title":"\u0411\u043e\u043d\u0443\u0441\u044b \u043a\u0430\u0437\u0438\u043d\u043e \u0434\u043b\u044f \u0438\u0433\u0440\u043e\u043a\u043e\u0432 JetX","description":"Bonusuri de joc JetX. Bonus de \u00eenregistrare, bonus f\u0103r\u0103 depunere, bonus de depunere, bonus de ziua de na\u0219tere de la cazinouri online","robots":{"index":"index","follow":"follow","max-snippet":"max-snippet:-1","max-image-preview":"max-image-preview:large","max-video-preview":"max-video-preview:-1"},"canonical":"https:\/\/jetxwingamebrazil.com\/ro\/casino-bonuses-in-jetx-games\/","og_locale":"ro_RO","og_type":"article","og_title":"\u0411\u043e\u043d\u0443\u0441\u044b \u043a\u0430\u0437\u0438\u043d\u043e \u0434\u043b\u044f \u0438\u0433\u0440\u043e\u043a\u043e\u0432 JetX","og_description":"\u0411\u043e\u043d\u0443\u0441\u044b \u0438\u0433\u0440\u044b JetX. \u0411\u043e\u043d\u0443\u0441 \u0437\u0430 \u0440\u0435\u0433\u0438\u0441\u0442\u0440\u0430\u0446\u0438\u044e, \u0431\u0435\u0437\u0434\u0435\u043f\u043e\u0437\u0438\u0442\u043d\u044b\u0439 \u0431\u043e\u043d\u0443\u0441, \u0431\u043e\u043d\u0443\u0441 \u043d\u0430 \u0434\u0435\u043f\u043e\u0437\u0438\u0442, \u0431\u043e\u043d\u0443\u0441 \u043d\u0430 \u0434\u0435\u043d\u044c \u0440\u043e\u0436\u0434\u0435\u043d\u0438\u044f \u043e\u0442 \u043e\u043d\u043b\u0430\u0439\u043d \u043a\u0430\u0437\u0438\u043d\u043e","og_url":"https:\/\/jetxwingamebrazil.com\/ro\/casino-bonuses-in-jetx-games\/","og_site_name":"JetX","article_modified_time":"2024-03-17T22:07:39+00:00","twitter_card":"summary_large_image","twitter_misc":{"Timp estimat pentru citire":"9 minute"},"schema":{"@context":"https:\/\/schema.org","@graph":[{"@type":"WebPage","@id":"https:\/\/jetxwingamebrazil.com\/casino-bonuses-in-jetx-games\/","url":"https:\/\/jetxwingamebrazil.com\/casino-bonuses-in-jetx-games\/","name":"\u0411\u043e\u043d\u0443\u0441\u044b \u043a\u0430\u0437\u0438\u043d\u043e \u0434\u043b\u044f \u0438\u0433\u0440\u043e\u043a\u043e\u0432 JetX","isPartOf":{"@id":"https:\/\/jetxwingamebrazil.com\/#website"},"datePublished":"2024-03-16T16:08:19+00:00","dateModified":"2024-03-17T22:07:39+00:00","description":"\u0411\u043e\u043d\u0443\u0441\u044b \u0438\u0433\u0440\u044b JetX. \u0411\u043e\u043d\u0443\u0441 \u0437\u0430 \u0440\u0435\u0433\u0438\u0441\u0442\u0440\u0430\u0446\u0438\u044e, \u0431\u0435\u0437\u0434\u0435\u043f\u043e\u0437\u0438\u0442\u043d\u044b\u0439 \u0431\u043e\u043d\u0443\u0441, \u0431\u043e\u043d\u0443\u0441 \u043d\u0430 \u0434\u0435\u043f\u043e\u0437\u0438\u0442, \u0431\u043e\u043d\u0443\u0441 \u043d\u0430 \u0434\u0435\u043d\u044c \u0440\u043e\u0436\u0434\u0435\u043d\u0438\u044f \u043e\u0442 \u043e\u043d\u043b\u0430\u0439\u043d \u043a\u0430\u0437\u0438\u043d\u043e","breadcrumb":{"@id":"https:\/\/jetxwingamebrazil.com\/casino-bonuses-in-jetx-games\/#breadcrumb"},"inLanguage":"ro-RO","potentialAction":[{"@type":"ReadAction","target":["https:\/\/jetxwingamebrazil.com\/casino-bonuses-in-jetx-games\/"]}]},{"@type":"BreadcrumbList","@id":"https:\/\/jetxwingamebrazil.com\/casino-bonuses-in-jetx-games\/#breadcrumb","itemListElement":[{"@type":"ListItem","position":1,"name":"\u0413\u043b\u0430\u0432\u043d\u0430\u044f \u0441\u0442\u0440\u0430\u043d\u0438\u0446\u0430","item":"https:\/\/jetxwingamebrazil.com\/"},{"@type":"ListItem","position":2,"name":"\u0411\u043e\u043d\u0443\u0441\u044b \u043a\u0430\u0437\u0438\u043d\u043e \u0432 \u0438\u0433\u0440\u0435 JetX"}]},{"@type":"WebSite","@id":"https:\/\/jetxwingamebrazil.com\/#website","url":"https:\/\/jetxwingamebrazil.com\/","name":"JetX","description":"","publisher":{"@id":"https:\/\/jetxwingamebrazil.com\/#organization"},"potentialAction":[{"@type":"SearchAction","target":{"@type":"EntryPoint","urlTemplate":"https:\/\/jetxwingamebrazil.com\/?s={search_term_string}"},"query-input":{"@type":"PropertyValueSpecification","valueRequired":true,"valueName":"search_term_string"}}],"inLanguage":"ro-RO"},{"@type":"Organization","@id":"https:\/\/jetxwingamebrazil.com\/#organization","name":"JetX","url":"https:\/\/jetxwingamebrazil.com\/","logo":{"@type":"ImageObject","inLanguage":"ro-RO","@id":"https:\/\/jetxwingamebrazil.com\/#\/schema\/logo\/image\/","url":"https:\/\/jetxwingamebrazil.com\/wp-content\/uploads\/jetx-slot-logo.png","contentUrl":"https:\/\/jetxwingamebrazil.com\/wp-content\/uploads\/jetx-slot-logo.png","width":200,"height":101,"caption":"JetX"},"image":{"@id":"https:\/\/jetxwingamebrazil.com\/#\/schema\/logo\/image\/"}}]}},"_links":{"self":[{"href":"https:\/\/jetxwingamebrazil.com\/ro\/wp-json\/wp\/v2\/pages\/19","targetHints":{"allow":["GET"]}}],"collection":[{"href":"https:\/\/jetxwingamebrazil.com\/ro\/wp-json\/wp\/v2\/pages"}],"about":[{"href":"https:\/\/jetxwingamebrazil.com\/ro\/wp-json\/wp\/v2\/types\/page"}],"author":[{"embeddable":true,"href":"https:\/\/jetxwingamebrazil.com\/ro\/wp-json\/wp\/v2\/users\/1"}],"replies":[{"embeddable":true,"href":"https:\/\/jetxwingamebrazil.com\/ro\/wp-json\/wp\/v2\/comments?post=19"}],"version-history":[{"count":18,"href":"https:\/\/jetxwingamebrazil.com\/ro\/wp-json\/wp\/v2\/pages\/19\/revisions"}],"predecessor-version":[{"id":122,"href":"https:\/\/jetxwingamebrazil.com\/ro\/wp-json\/wp\/v2\/pages\/19\/revisions\/122"}],"wp:attachment":[{"href":"https:\/\/jetxwingamebrazil.com\/ro\/wp-json\/wp\/v2\/media?parent=19"}],"curies":[{"name":"wp","href":"https:\/\/api.w.org\/{rel}","templated":true}]}}